{"id":21820,"date":"2024-07-11T10:25:33","date_gmt":"2024-07-11T10:25:33","guid":{"rendered":"https:\/\/para-pharmacity.tn\/?product=aphtavex-aphtes-10-ml"},"modified":"2025-04-16T09:15:53","modified_gmt":"2025-04-16T09:15:53","slug":"aphtavex-aphtes-10-ml","status":"publish","type":"product","link":"https:\/\/para-pharmacity.tn\/?product=aphtavex-aphtes-10-ml","title":{"rendered":"APHTAVEX APHTES 10 ML"},"content":{"rendered":"<p class=\"\" data-start=\"260\" data-end=\"379\"><span class=\"relative -mx-px my-[-0.2rem] rounded px-px py-[0.2rem] transition-colors duration-100 ease-in-out\"><strong data-start=\"0\" data-end=\"35\" data-is-only-node=\"\">Aphtavex Solution Buccale 10 ml<\/strong> est un soin destin\u00e9 \u00e0 apaiser les douleurs caus\u00e9es par les aphtes et les petites l\u00e9sions inflammatoires de la bouche.<\/span> <span class=\"relative -mx-px my-[-0.2rem] rounded px-px py-[0.2rem] transition-colors duration-100 ease-in-out\">Gr\u00e2ce \u00e0 sa formule sp\u00e9cifique, elle soulage rapidement la douleur et favorise la cicatrisation des l\u00e9sions buccales.<\/span>\u200b<\/p>\n<p class=\"\" data-start=\"381\" data-end=\"396\"><strong data-start=\"381\" data-end=\"396\">Bienfaits :<\/strong><\/p>\n<ul data-start=\"397\" data-end=\"560\">\n<li class=\"\" data-start=\"397\" data-end=\"436\">\n<p class=\"\" data-start=\"399\" data-end=\"436\"><span class=\"relative -mx-px my-[-0.2rem] rounded px-px py-[0.2rem] transition-colors duration-100 ease-in-out\">Soulagement rapide des douleurs buccales.<\/span><\/p>\n<\/li>\n<li class=\"\" data-start=\"437\" data-end=\"476\">\n<p class=\"\" data-start=\"439\" data-end=\"476\"><span class=\"relative -mx-px my-[-0.2rem] rounded px-px py-[0.2rem] transition-colors duration-100 ease-in-out\">Favorise la cicatrisation des aphtes et des l\u00e9sions inflammatoires.<\/span><\/p>\n<\/li>\n<li class=\"\" data-start=\"477\" data-end=\"560\">\n<p class=\"\" data-start=\"479\" data-end=\"560\"><span class=\"relative -mx-px my-[-0.2rem] rounded px-px py-[0.2rem] transition-colors duration-100 ease-in-out\">Facile \u00e0 utiliser gr\u00e2ce \u00e0 son format pratique.<\/span>\u200b<\/p>\n<\/li>\n<\/ul>\n<p class=\"\" data-start=\"562\" data-end=\"714\"><strong data-start=\"562\" data-end=\"590\">Conseils d&rsquo;utilisation :<\/strong> <span class=\"relative -mx-px my-[-0.2rem] rounded px-px py-[0.2rem] transition-colors duration-100 ease-in-out\">Appliquer directement sur la zone affect\u00e9e \u00e0 l&rsquo;aide d&rsquo;un coton-tige ou selon les recommandations de votre professionnel de sant\u00e9.<\/span> <span class=\"relative -mx-px my-[-0.2rem] rounded px-px py-[0.2rem] transition-colors duration-100 ease-in-out\">Utiliser plusieurs fois par jour, notamment apr\u00e8s les repas et avant le coucher.<\/span>\u200b<\/p>\n","protected":false},"excerpt":{"rendered":"<p>Solution buccale apaisante pour soulager rapidement les douleurs des aphtes et favoriser la cicatrisation des l\u00e9sions buccales inflammatoires.\u200b<\/p>\n","protected":false},"featured_media":25221,"comment_status":"open","ping_status":"closed","template":"","meta":[],"product_cat":[230],"product_tag":[],"class_list":{"0":"post-21820","1":"product","2":"type-product","3":"status-publish","4":"has-post-thumbnail","6":"product_cat-hygiene","8":"first","9":"instock","10":"shipping-taxable","11":"purchasable","12":"product-type-simple"},"jetpack_sharing_enabled":true,"_links":{"self":[{"href":"https:\/\/para-pharmacity.tn\/index.php?rest_route=\/wp\/v2\/product\/21820","targetHints":{"allow":["GET"]}}],"collection":[{"href":"https:\/\/para-pharmacity.tn\/index.php?rest_route=\/wp\/v2\/product"}],"about":[{"href":"https:\/\/para-pharmacity.tn\/index.php?rest_route=\/wp\/v2\/types\/product"}],"replies":[{"embeddable":true,"href":"https:\/\/para-pharmacity.tn\/index.php?rest_route=%2Fwp%2Fv2%2Fcomments&post=21820"}],"version-history":[{"count":2,"href":"https:\/\/para-pharmacity.tn\/index.php?rest_route=\/wp\/v2\/product\/21820\/revisions"}],"predecessor-version":[{"id":25222,"href":"https:\/\/para-pharmacity.tn\/index.php?rest_route=\/wp\/v2\/product\/21820\/revisions\/25222"}],"wp:featuredmedia":[{"embeddable":true,"href":"https:\/\/para-pharmacity.tn\/index.php?rest_route=\/wp\/v2\/media\/25221"}],"wp:attachment":[{"href":"https:\/\/para-pharmacity.tn\/index.php?rest_route=%2Fwp%2Fv2%2Fmedia&parent=21820"}],"wp:term":[{"taxonomy":"product_cat","embeddable":true,"href":"https:\/\/para-pharmacity.tn\/index.php?rest_route=%2Fwp%2Fv2%2Fproduct_cat&post=21820"},{"taxonomy":"product_tag","embeddable":true,"href":"https:\/\/para-pharmacity.tn\/index.php?rest_route=%2Fwp%2Fv2%2Fproduct_tag&post=21820"}],"curies":[{"name":"wp","href":"https:\/\/api.w.org\/{rel}","templated":true}]}}