{"id":21818,"date":"2024-07-11T10:25:32","date_gmt":"2024-07-11T10:25:32","guid":{"rendered":"https:\/\/para-pharmacity.tn\/?product=xen-keratin-serum"},"modified":"2025-05-05T09:07:38","modified_gmt":"2025-05-05T09:07:38","slug":"xen-keratin-serum","status":"publish","type":"product","link":"https:\/\/para-pharmacity.tn\/?product=xen-keratin-serum","title":{"rendered":"XEN KERATIN SERUM"},"content":{"rendered":"<p><b>XEN K\u00e9ratin Q10 Serum Gainant<\/b><strong>\u00a0SPF 30<\/strong><\/p>\n<p>K\u00e9ratin Q10 serum gainant SPF30 du laboratoire XEN permet de bien refermer les \u00e9cailles et gainer la fibre en apportant aux cheveux soin et protection n\u00e9cessaires pour faire face aux agressions (Soleil, Vent, Chlore, Sel\u2026)<\/p>\n<p><span style=\"color: #000000\"><u><strong>PRINCIPES ACTIFS :<\/strong><\/u><\/span><\/p>\n<p>CERAMIDE A2 gaine , assure un r\u00f4le de \u201cciment\u201d et permet de r\u00e9tablir ou de renforcer de fa\u00e7on importante la coh\u00e9sion cellulaire au niveau du cheveu K\u00e9ratine v\u00e9g\u00e9tale renforce la structure cellulaire du cheveu l&rsquo;innovation CoenzymeQ10 stimule la racine des cheveux pour activer la production des deux k\u00e9ratines qui diminue avec le temps.<\/p>\n<p><span style=\"color: #000000\"><u><strong>Conseils d&rsquo;utilisation:<\/strong><\/u><\/span><\/p>\n<ul>\n<li>Il est indiqu\u00e9 d&rsquo;agiter\u00a0et appliquer K\u00e9ratin Q10 s\u00e9rum gainant SPF30, des longueurs aux pointes,\u00a0avant exposition a un facteur agressant ( soleil, vent, chlore, sel..)<\/li>\n<li>Ne pas rincer,<\/li>\n<li>Il est indiqu\u00e9 de renouveler l&rsquo;utilisation\u00a0apr\u00e8s chaque baignade<\/li>\n<\/ul>\n","protected":false},"excerpt":{"rendered":"<p>Perrmet de bien refermer les \u00e9cailles et gainer la fibre en apportant aux cheveux soin et protection n\u00e9cessaires pour faire face aux agressions (Soleil, Vent, Chlore, Sel\u2026)<\/p>\n","protected":false},"featured_media":25767,"comment_status":"open","ping_status":"closed","template":"","meta":[],"product_cat":[211],"product_tag":[],"class_list":{"0":"post-21818","1":"product","2":"type-product","3":"status-publish","4":"has-post-thumbnail","6":"product_cat-cheveux","8":"first","9":"instock","10":"shipping-taxable","11":"purchasable","12":"product-type-simple"},"jetpack_sharing_enabled":true,"_links":{"self":[{"href":"https:\/\/para-pharmacity.tn\/index.php?rest_route=\/wp\/v2\/product\/21818","targetHints":{"allow":["GET"]}}],"collection":[{"href":"https:\/\/para-pharmacity.tn\/index.php?rest_route=\/wp\/v2\/product"}],"about":[{"href":"https:\/\/para-pharmacity.tn\/index.php?rest_route=\/wp\/v2\/types\/product"}],"replies":[{"embeddable":true,"href":"https:\/\/para-pharmacity.tn\/index.php?rest_route=%2Fwp%2Fv2%2Fcomments&post=21818"}],"version-history":[{"count":2,"href":"https:\/\/para-pharmacity.tn\/index.php?rest_route=\/wp\/v2\/product\/21818\/revisions"}],"predecessor-version":[{"id":25766,"href":"https:\/\/para-pharmacity.tn\/index.php?rest_route=\/wp\/v2\/product\/21818\/revisions\/25766"}],"wp:featuredmedia":[{"embeddable":true,"href":"https:\/\/para-pharmacity.tn\/index.php?rest_route=\/wp\/v2\/media\/25767"}],"wp:attachment":[{"href":"https:\/\/para-pharmacity.tn\/index.php?rest_route=%2Fwp%2Fv2%2Fmedia&parent=21818"}],"wp:term":[{"taxonomy":"product_cat","embeddable":true,"href":"https:\/\/para-pharmacity.tn\/index.php?rest_route=%2Fwp%2Fv2%2Fproduct_cat&post=21818"},{"taxonomy":"product_tag","embeddable":true,"href":"https:\/\/para-pharmacity.tn\/index.php?rest_route=%2Fwp%2Fv2%2Fproduct_tag&post=21818"}],"curies":[{"name":"wp","href":"https:\/\/api.w.org\/{rel}","templated":true}]}}