{"id":21817,"date":"2024-07-11T10:25:32","date_gmt":"2024-07-11T10:25:32","guid":{"rendered":"https:\/\/para-pharmacity.tn\/?product=xen-hydra-24-creme-riche"},"modified":"2025-05-05T13:11:47","modified_gmt":"2025-05-05T13:11:47","slug":"xen-hydra-24-creme-riche","status":"publish","type":"product","link":"https:\/\/para-pharmacity.tn\/?product=xen-hydra-24-creme-riche","title":{"rendered":"XEN HYDRA 24 CREME RICHE"},"content":{"rendered":"<p><strong><span class=\"label-tooltip\" title=\"\">Description:<\/span><\/strong><\/p>\n<p>HYDRA 24 Cr\u00e8me riche restaure le film lipidique naturel de la peau ce qui ralentit l\u2019\u00e9vaporation de l\u2019eau (LIPEXEL) et assure une hydratation intense et durable des peaux sensibles s\u00e8ches et tr\u00e8s s\u00e8ches gr\u00e2ce \u00e0 l\u2019association de trois agents hydratants puissants (MOIST 24, HYDRAPROTECTOL et PACIFEEL). HYDRA 24, Cr\u00e8me riche prot\u00e8ge contre les UV (SPF 20).<\/p>\n<div class=\"rte\">\n<p>Sa texture onctueuse et g\u00e9n\u00e9reuse r\u00e9duit imm\u00e9diatement les sensations d\u2019inconfort de la peau s\u00e8che et tr\u00e8s s\u00e8che (d\u00e9mangeaisons, picotements, rougeurs\u2026). Hydrat\u00e9e et intens\u00e9ment nourrie, la peau retrouve souplesse et douceur.<\/p>\n<p>Hydrate la peau et la nourrit, tout au long de la journ\u00e9e en lui donnant un aspect sain, souple et lisse.<br \/>\nApaise la peau et procure un confort imm\u00e9diat.<br \/>\nCalme les irritations de la peau s\u00e8che et tr\u00e8s s\u00e8che, et emp\u00eache le tiraillement de l&rsquo;\u00e9piderme.<br \/>\nProt\u00e8ge la peau des effets n\u00e9fastes des UV (SPF 20).<\/p>\n<p><strong>Conseil d&rsquo;utilisation:<\/strong><\/p>\n<p>Appliquer votre cr\u00e8me HYDRA 24, Cr\u00e8me riche matin et\/ou soir sur votre visage et cou pr\u00e9alablement bien nettoy\u00e9s.<\/p>\n<p>Faire ensuite p\u00e9n\u00e9trer la texture en massant d\u00e9licatement du bout des doigts.<\/p>\n<p>Assurez-vous que la quantit\u00e9 de cr\u00e8me appliqu\u00e9e doit \u00eatre enti\u00e8rement absorb\u00e9e par la peau.<\/p>\n<\/div>\n","protected":false},"excerpt":{"rendered":"<p>HYDRA 24, Cr\u00e8me riche restaure le film lipidique naturel de la peau ce qui ralentit l\u2019\u00e9vaporation de l\u2019eau (LIPEXEL) et assure une hydratation intense et durable des peaux sensibles s\u00e8ches et tr\u00e8s s\u00e8ches gr\u00e2ce \u00e0 l\u2019association de trois agents hydratants puissants (MOIST 24, HYDRAPROTECTOL et PACIFEEL). HYDRA 24, Cr\u00e8me riche prot\u00e8ge contre les UV (SPF 20).<\/p>\n","protected":false},"featured_media":25823,"comment_status":"open","ping_status":"closed","template":"","meta":[],"product_cat":[213],"product_tag":[],"class_list":{"0":"post-21817","1":"product","2":"type-product","3":"status-publish","4":"has-post-thumbnail","6":"product_cat-visage","8":"first","9":"instock","10":"shipping-taxable","11":"purchasable","12":"product-type-simple"},"jetpack_sharing_enabled":true,"_links":{"self":[{"href":"https:\/\/para-pharmacity.tn\/index.php?rest_route=\/wp\/v2\/product\/21817","targetHints":{"allow":["GET"]}}],"collection":[{"href":"https:\/\/para-pharmacity.tn\/index.php?rest_route=\/wp\/v2\/product"}],"about":[{"href":"https:\/\/para-pharmacity.tn\/index.php?rest_route=\/wp\/v2\/types\/product"}],"replies":[{"embeddable":true,"href":"https:\/\/para-pharmacity.tn\/index.php?rest_route=%2Fwp%2Fv2%2Fcomments&post=21817"}],"version-history":[{"count":2,"href":"https:\/\/para-pharmacity.tn\/index.php?rest_route=\/wp\/v2\/product\/21817\/revisions"}],"predecessor-version":[{"id":25824,"href":"https:\/\/para-pharmacity.tn\/index.php?rest_route=\/wp\/v2\/product\/21817\/revisions\/25824"}],"wp:featuredmedia":[{"embeddable":true,"href":"https:\/\/para-pharmacity.tn\/index.php?rest_route=\/wp\/v2\/media\/25823"}],"wp:attachment":[{"href":"https:\/\/para-pharmacity.tn\/index.php?rest_route=%2Fwp%2Fv2%2Fmedia&parent=21817"}],"wp:term":[{"taxonomy":"product_cat","embeddable":true,"href":"https:\/\/para-pharmacity.tn\/index.php?rest_route=%2Fwp%2Fv2%2Fproduct_cat&post=21817"},{"taxonomy":"product_tag","embeddable":true,"href":"https:\/\/para-pharmacity.tn\/index.php?rest_route=%2Fwp%2Fv2%2Fproduct_tag&post=21817"}],"curies":[{"name":"wp","href":"https:\/\/api.w.org\/{rel}","templated":true}]}}