{"id":21816,"date":"2024-07-11T10:25:32","date_gmt":"2024-07-11T10:25:32","guid":{"rendered":"https:\/\/para-pharmacity.tn\/?product=xen-forti-q10-shamp-stimulant-200-m"},"modified":"2025-05-05T14:26:40","modified_gmt":"2025-05-05T14:26:40","slug":"xen-forti-q10-shamp-stimulant-200-m","status":"publish","type":"product","link":"https:\/\/para-pharmacity.tn\/?product=xen-forti-q10-shamp-stimulant-200-m","title":{"rendered":"XEN FORTI Q10 SHAMP STIMULANT 200 M"},"content":{"rendered":"<p><strong>Description :<\/strong><\/p>\n<p>Forti Q10 SHAMPOOING STIMULANT COMPLEMENT ANTI-CHUTE Optimise l&rsquo;efficacit\u00e9 des traitements anti-chute &#8211; Fortifie les cheveux Forti Q10 shampooing lave en douceur les cheveux et cible les principales causes de la chute : la micro-circulation, latrophie du follicule pileux et le vieillissement folliculaire.<\/p>\n<p><b>Conseils d&rsquo;utilisation :<\/b><\/p>\n<p>Appliquer sur cheveux mouill\u00e9s, masser doucement le cuir chevelu durant 2 minutes, puis rincer abondamment. Pour obtenir des r\u00e9sultats optimaux, il est recommand\u00e9 d&rsquo;utiliser Forti Q10 shampooing de fa\u00e7on r\u00e9guli\u00e8re et sans interruption.<\/p>\n","protected":false},"excerpt":{"rendered":"<div id=\"product-description-short-1339\" class=\"product-description\">\n<p>Forti Q10 SHAMPOOING STIMULANT COMPLEMENT ANTI-CHUTE<\/p>\n<\/div>\n","protected":false},"featured_media":25839,"comment_status":"open","ping_status":"closed","template":"","meta":[],"product_cat":[211],"product_tag":[],"class_list":{"0":"post-21816","1":"product","2":"type-product","3":"status-publish","4":"has-post-thumbnail","6":"product_cat-cheveux","8":"first","9":"instock","10":"shipping-taxable","11":"purchasable","12":"product-type-simple"},"jetpack_sharing_enabled":true,"_links":{"self":[{"href":"https:\/\/para-pharmacity.tn\/index.php?rest_route=\/wp\/v2\/product\/21816","targetHints":{"allow":["GET"]}}],"collection":[{"href":"https:\/\/para-pharmacity.tn\/index.php?rest_route=\/wp\/v2\/product"}],"about":[{"href":"https:\/\/para-pharmacity.tn\/index.php?rest_route=\/wp\/v2\/types\/product"}],"replies":[{"embeddable":true,"href":"https:\/\/para-pharmacity.tn\/index.php?rest_route=%2Fwp%2Fv2%2Fcomments&post=21816"}],"version-history":[{"count":2,"href":"https:\/\/para-pharmacity.tn\/index.php?rest_route=\/wp\/v2\/product\/21816\/revisions"}],"predecessor-version":[{"id":25840,"href":"https:\/\/para-pharmacity.tn\/index.php?rest_route=\/wp\/v2\/product\/21816\/revisions\/25840"}],"wp:featuredmedia":[{"embeddable":true,"href":"https:\/\/para-pharmacity.tn\/index.php?rest_route=\/wp\/v2\/media\/25839"}],"wp:attachment":[{"href":"https:\/\/para-pharmacity.tn\/index.php?rest_route=%2Fwp%2Fv2%2Fmedia&parent=21816"}],"wp:term":[{"taxonomy":"product_cat","embeddable":true,"href":"https:\/\/para-pharmacity.tn\/index.php?rest_route=%2Fwp%2Fv2%2Fproduct_cat&post=21816"},{"taxonomy":"product_tag","embeddable":true,"href":"https:\/\/para-pharmacity.tn\/index.php?rest_route=%2Fwp%2Fv2%2Fproduct_tag&post=21816"}],"curies":[{"name":"wp","href":"https:\/\/api.w.org\/{rel}","templated":true}]}}