{"id":21812,"date":"2024-07-11T10:25:30","date_gmt":"2024-07-11T10:25:30","guid":{"rendered":"https:\/\/para-pharmacity.tn\/?product=therapia-appetit-plus"},"modified":"2025-06-16T09:22:52","modified_gmt":"2025-06-16T09:22:52","slug":"therapia-appetit-plus","status":"publish","type":"product","link":"https:\/\/para-pharmacity.tn\/?product=therapia-appetit-plus","title":{"rendered":"THERAPIA APPETIT PLUS"},"content":{"rendered":"<p>Le THERAPIA APPETITPLUS est un compl\u00e9ment alimentaire sous forme de g\u00e9lules, sp\u00e9cialement con\u00e7u pour aider \u00e0 r\u00e9duire la sensation de faim et favoriser la perte de poids de mani\u00e8re naturelle. Ce produit contient une formule unique \u00e0 base d&rsquo;ingr\u00e9dients naturels, tels que le glucomannane, qui contribue \u00e0 augmenter la sensation de sati\u00e9t\u00e9 et \u00e0 r\u00e9guler l&rsquo;app\u00e9tit. Les 60 g\u00e9lules de THERAPIA APPETITPLUS sont faciles \u00e0 prendre et peuvent \u00eatre int\u00e9gr\u00e9es dans votre routine quotidienne pour vous aider \u00e0 atteindre vos objectifs de perte de poids de mani\u00e8re efficace et durable. N&rsquo;h\u00e9sitez pas \u00e0 essayer ce produit pour retrouver la silhouette dont vous r\u00eavez!<br \/>\n&#8211; Extrait sec de baie de Pierres Pomme (Morus Alba) : 80 mg<br \/>\n&#8211; Extrait sec de racine de Gingembre (Zingiber Officinale) : 40 mg<br \/>\n&#8211; Extrait sec de feuille de Mauve (Malva sylvestris) : 30 mg<br \/>\n&#8211; Extrait sec de fruit de Citron (Citrus Limon) : 20 mg<br \/>\n&#8211; Agent de charge : cellulose microcristalline<br \/>\n&#8211; Enveloppe de la g\u00e9lule : hydroxypropylm\u00e9thylcellulose<br \/>\n&#8211; Antiagglom\u00e9rants : dioxyde de silicium, st\u00e9arate de magn\u00e9sium.<br \/>\nConseils d&rsquo;utilisation du produit THERAPIA APPETITPLUS 60 G\u00c9LULES :<\/p>\n<p>&#8211; Prendre 2 g\u00e9lules par jour, de pr\u00e9f\u00e9rence au cours des repas.<br \/>\n&#8211; Ne pas d\u00e9passer la dose journali\u00e8re recommand\u00e9e.<br \/>\n&#8211; Ce compl\u00e9ment alimentaire ne doit pas se substituer \u00e0 une alimentation vari\u00e9e et \u00e9quilibr\u00e9e, ainsi qu&rsquo;\u00e0 un mode de vie sain.<br \/>\n&#8211; Tenir hors de la port\u00e9e des enfants.<br \/>\n&#8211; Consultez un professionnel de sant\u00e9 en cas de grossesse, d&rsquo;allaitement ou de traitement m\u00e9dicamenteux en cours.<\/p>\n<p>Pour plus d&rsquo;informations sur ce produit, n&rsquo;h\u00e9sitez pas \u00e0 consulter un pharmacien ou un professionnel de sant\u00e9.<\/p>\n","protected":false},"excerpt":{"rendered":"<p>Ce traitement est indiqu\u00e9 dans le cas de perte et manque d\u2019app\u00e9tit et dans le cas d\u2019anorexie chez l\u2019adulte et l\u2019enfant plus de 6ans.<\/p>\n","protected":false},"featured_media":26794,"comment_status":"open","ping_status":"closed","template":"","meta":[],"product_cat":[204,217],"product_tag":[],"class_list":{"0":"post-21812","1":"product","2":"type-product","3":"status-publish","4":"has-post-thumbnail","6":"product_cat-complement","7":"product_cat-vitamines","9":"first","10":"instock","11":"shipping-taxable","12":"purchasable","13":"product-type-simple"},"jetpack_sharing_enabled":true,"_links":{"self":[{"href":"https:\/\/para-pharmacity.tn\/index.php?rest_route=\/wp\/v2\/product\/21812","targetHints":{"allow":["GET"]}}],"collection":[{"href":"https:\/\/para-pharmacity.tn\/index.php?rest_route=\/wp\/v2\/product"}],"about":[{"href":"https:\/\/para-pharmacity.tn\/index.php?rest_route=\/wp\/v2\/types\/product"}],"replies":[{"embeddable":true,"href":"https:\/\/para-pharmacity.tn\/index.php?rest_route=%2Fwp%2Fv2%2Fcomments&post=21812"}],"version-history":[{"count":2,"href":"https:\/\/para-pharmacity.tn\/index.php?rest_route=\/wp\/v2\/product\/21812\/revisions"}],"predecessor-version":[{"id":26795,"href":"https:\/\/para-pharmacity.tn\/index.php?rest_route=\/wp\/v2\/product\/21812\/revisions\/26795"}],"wp:featuredmedia":[{"embeddable":true,"href":"https:\/\/para-pharmacity.tn\/index.php?rest_route=\/wp\/v2\/media\/26794"}],"wp:attachment":[{"href":"https:\/\/para-pharmacity.tn\/index.php?rest_route=%2Fwp%2Fv2%2Fmedia&parent=21812"}],"wp:term":[{"taxonomy":"product_cat","embeddable":true,"href":"https:\/\/para-pharmacity.tn\/index.php?rest_route=%2Fwp%2Fv2%2Fproduct_cat&post=21812"},{"taxonomy":"product_tag","embeddable":true,"href":"https:\/\/para-pharmacity.tn\/index.php?rest_route=%2Fwp%2Fv2%2Fproduct_tag&post=21812"}],"curies":[{"name":"wp","href":"https:\/\/api.w.org\/{rel}","templated":true}]}}