{"id":21811,"date":"2024-07-11T10:25:28","date_gmt":"2024-07-11T10:25:28","guid":{"rendered":"https:\/\/para-pharmacity.tn\/?product=tartrex-bain-de-bouche-250ml"},"modified":"2025-06-16T13:18:40","modified_gmt":"2025-06-16T13:18:40","slug":"tartrex-bain-de-bouche-250ml","status":"publish","type":"product","link":"https:\/\/para-pharmacity.tn\/?product=tartrex-bain-de-bouche-250ml","title":{"rendered":"TARTREX BAIN DE BOUCHE 250ML"},"content":{"rendered":"<p>TARTREX BAIN DE BOUCHE est une solution r\u00e9volutionnaire utilis\u00e9e contre l\u2019agressivit\u00e9, l\u2019inconfort et la mauvaise haleine chronique ou occasionnelle. Elle est \u00e9galement recommand\u00e9 pour pr\u00e9venir la formation de plaque dentaire.<\/p>\n<p>Ce bain de bouche pr\u00e9vient l\u2019apparition du tartre et assure une haleine fra\u00eeche au quotidien. Sa composition naturelle maintiendra la flore buccale.<\/p>\n<p><strong>Conseils d&rsquo;utilisation :\u00a0<\/strong><\/p>\n<p>Il est conseill\u00e9 de diluer l\u2019\u00e9quivalent de 2 cuill\u00e8res \u00e0 caf\u00e9 dans un \u00bd verre d\u2019eau avant ou apr\u00e8s le brossage des dents \u00e0 tout moment de la journ\u00e9e. Garder en bouche 20 secondes avant de recracher<\/p>\n<p><strong>Composition :<\/strong><\/p>\n<p>Huile essentielle de menthe<\/p>\n<p>Huile essentielle de romarin<\/p>\n<p>Huile essentielle de cypr\u00e8s<\/p>\n<p>Extrait d\u2019alo\u00e9 vera<\/p>\n","protected":false},"excerpt":{"rendered":"<p>Le bain de bouche TARTREX aux huiles essentielles est efficace contre la mauvaise haleine, qu&rsquo;elle soit chronique ou occasionnelle, gr\u00e2ce \u00e0 sa formule enrichie en huiles essentielles naturelles (romarin, menthe, cypr\u00e8s). Il purifie la cavit\u00e9 buccale, aide \u00e0 pr\u00e9venir la formation de la plaque dentaire et prolonge la blancheur des dents apr\u00e8s le brossage.<\/p>\n","protected":false},"featured_media":26832,"comment_status":"open","ping_status":"closed","template":"","meta":[],"product_cat":[421],"product_tag":[],"class_list":{"0":"post-21811","1":"product","2":"type-product","3":"status-publish","4":"has-post-thumbnail","6":"product_cat-hygiene-buccodentaire","8":"first","9":"instock","10":"shipping-taxable","11":"purchasable","12":"product-type-simple"},"jetpack_sharing_enabled":true,"_links":{"self":[{"href":"https:\/\/para-pharmacity.tn\/index.php?rest_route=\/wp\/v2\/product\/21811","targetHints":{"allow":["GET"]}}],"collection":[{"href":"https:\/\/para-pharmacity.tn\/index.php?rest_route=\/wp\/v2\/product"}],"about":[{"href":"https:\/\/para-pharmacity.tn\/index.php?rest_route=\/wp\/v2\/types\/product"}],"replies":[{"embeddable":true,"href":"https:\/\/para-pharmacity.tn\/index.php?rest_route=%2Fwp%2Fv2%2Fcomments&post=21811"}],"version-history":[{"count":2,"href":"https:\/\/para-pharmacity.tn\/index.php?rest_route=\/wp\/v2\/product\/21811\/revisions"}],"predecessor-version":[{"id":26833,"href":"https:\/\/para-pharmacity.tn\/index.php?rest_route=\/wp\/v2\/product\/21811\/revisions\/26833"}],"wp:featuredmedia":[{"embeddable":true,"href":"https:\/\/para-pharmacity.tn\/index.php?rest_route=\/wp\/v2\/media\/26832"}],"wp:attachment":[{"href":"https:\/\/para-pharmacity.tn\/index.php?rest_route=%2Fwp%2Fv2%2Fmedia&parent=21811"}],"wp:term":[{"taxonomy":"product_cat","embeddable":true,"href":"https:\/\/para-pharmacity.tn\/index.php?rest_route=%2Fwp%2Fv2%2Fproduct_cat&post=21811"},{"taxonomy":"product_tag","embeddable":true,"href":"https:\/\/para-pharmacity.tn\/index.php?rest_route=%2Fwp%2Fv2%2Fproduct_tag&post=21811"}],"curies":[{"name":"wp","href":"https:\/\/api.w.org\/{rel}","templated":true}]}}