{"id":21777,"date":"2024-07-11T10:25:14","date_gmt":"2024-07-11T10:25:14","guid":{"rendered":"https:\/\/para-pharmacity.tn\/?product=avent-2-tetines-natural-1m-042-27"},"modified":"2025-04-16T12:21:42","modified_gmt":"2025-04-16T12:21:42","slug":"avent-2-tetines-natural-1m-042-27","status":"publish","type":"product","link":"https:\/\/para-pharmacity.tn\/?product=avent-2-tetines-natural-1m-042-27","title":{"rendered":"AVENT 2 TETINES NATURAL 1M+ 042\/27"},"content":{"rendered":"<p><span class=\"relative -mx-px my-[-0.2rem] rounded px-px py-[0.2rem] transition-colors duration-100 ease-in-out\">Les t\u00e9tines Philips Avent Natural SCF042\/27 sont con\u00e7ues pour les nourrissons d\u00e8s 1 mois.<\/span> <span class=\"relative -mx-px my-[-0.2rem] rounded px-px py-[0.2rem] transition-colors duration-100 ease-in-out\">Elles disposent de 2 trous pour un d\u00e9bit lent, permettant une t\u00e9t\u00e9e ma\u00eetris\u00e9e et naturelle.<\/span> <span class=\"relative -mx-px my-[-0.2rem] rounded px-px py-[0.2rem] transition-colors duration-100 ease-in-out\">La large t\u00e9tine imite la forme du sein, facilitant l&rsquo;alternance entre allaitement et biberon.<\/span> <span class=\"relative -mx-px my-[-0.2rem] rounded px-px py-[0.2rem] transition-colors duration-100 ease-in-out\">Le design flexible en spirale associ\u00e9 aux alv\u00e9oles de confort offre une sensation proche de l&rsquo;allaitement maternel.<\/span> <span class=\"relative -mx-px my-[-0.2rem] rounded px-px py-[0.2rem] transition-colors duration-100 ease-in-out\">La valve anti-coliques int\u00e9gr\u00e9e r\u00e9duit l&rsquo;ingestion d&rsquo;air, diminuant ainsi les risques de coliques et d&rsquo;inconfort.<\/span> <span class=\"relative -mx-px my-[-0.2rem] rounded px-px py-[0.2rem] transition-colors duration-100 ease-in-out\">Fabriqu\u00e9es en silicone souple et sans BPA, ces t\u00e9tines sont compatibles avec les biberons Philips Avent Natural<\/span><\/p>\n","protected":false},"excerpt":{"rendered":"<p><span class=\"relative -mx-px my-[-0.2rem] rounded px-px py-[0.2rem] transition-colors duration-100 ease-in-out\">Lot de 2 t\u00e9tines Philips Avent Natural pour nourrissons de 1 mois et plus.<\/span> <span class=\"relative -mx-px my-[-0.2rem] rounded px-px py-[0.2rem] transition-colors duration-100 ease-in-out\">Dot\u00e9es de 2 trous pour un d\u00e9bit lent, elles imitent la forme du sein pour une t\u00e9t\u00e9e naturelle.<\/span> <span class=\"relative -mx-px my-[-0.2rem] rounded px-px py-[0.2rem] transition-colors duration-100 ease-in-out\">\u00c9quip\u00e9es d&rsquo;une valve anti-coliques, elles r\u00e9duisent les risques d&rsquo;inconfort.<\/span> <span class=\"relative -mx-px my-[-0.2rem] rounded px-px py-[0.2rem] transition-colors duration-100 ease-in-out\">Fabriqu\u00e9es en silicone souple, sans BPA, elles sont compatibles avec les biberons Avent Natural.<\/span><\/p>\n","protected":false},"featured_media":25290,"comment_status":"open","ping_status":"closed","template":"","meta":[],"product_cat":[243],"product_tag":[],"class_list":{"0":"post-21777","1":"product","2":"type-product","3":"status-publish","4":"has-post-thumbnail","6":"product_cat-bebe-et-maman","8":"first","9":"instock","10":"shipping-taxable","11":"purchasable","12":"product-type-simple"},"jetpack_sharing_enabled":true,"_links":{"self":[{"href":"https:\/\/para-pharmacity.tn\/index.php?rest_route=\/wp\/v2\/product\/21777","targetHints":{"allow":["GET"]}}],"collection":[{"href":"https:\/\/para-pharmacity.tn\/index.php?rest_route=\/wp\/v2\/product"}],"about":[{"href":"https:\/\/para-pharmacity.tn\/index.php?rest_route=\/wp\/v2\/types\/product"}],"replies":[{"embeddable":true,"href":"https:\/\/para-pharmacity.tn\/index.php?rest_route=%2Fwp%2Fv2%2Fcomments&post=21777"}],"version-history":[{"count":2,"href":"https:\/\/para-pharmacity.tn\/index.php?rest_route=\/wp\/v2\/product\/21777\/revisions"}],"predecessor-version":[{"id":25291,"href":"https:\/\/para-pharmacity.tn\/index.php?rest_route=\/wp\/v2\/product\/21777\/revisions\/25291"}],"wp:featuredmedia":[{"embeddable":true,"href":"https:\/\/para-pharmacity.tn\/index.php?rest_route=\/wp\/v2\/media\/25290"}],"wp:attachment":[{"href":"https:\/\/para-pharmacity.tn\/index.php?rest_route=%2Fwp%2Fv2%2Fmedia&parent=21777"}],"wp:term":[{"taxonomy":"product_cat","embeddable":true,"href":"https:\/\/para-pharmacity.tn\/index.php?rest_route=%2Fwp%2Fv2%2Fproduct_cat&post=21777"},{"taxonomy":"product_tag","embeddable":true,"href":"https:\/\/para-pharmacity.tn\/index.php?rest_route=%2Fwp%2Fv2%2Fproduct_tag&post=21777"}],"curies":[{"name":"wp","href":"https:\/\/api.w.org\/{rel}","templated":true}]}}