{"id":21776,"date":"2024-07-11T10:25:14","date_gmt":"2024-07-11T10:25:14","guid":{"rendered":"https:\/\/para-pharmacity.tn\/?product=avent-2-tetines-3m-043-27"},"modified":"2025-04-16T12:08:05","modified_gmt":"2025-04-16T12:08:05","slug":"avent-2-tetines-3m-043-27","status":"publish","type":"product","link":"https:\/\/para-pharmacity.tn\/?product=avent-2-tetines-3m-043-27","title":{"rendered":"AVENT 2 TETINES 3M+ 043\/27"},"content":{"rendered":"<p class=\"\" data-start=\"123\" data-end=\"280\"><span class=\"relative -mx-px my-[-0.2rem] rounded px-px py-[0.2rem] transition-colors duration-100 ease-in-out\">Lot de 2 t\u00e9tines Philips Avent Natural pour b\u00e9b\u00e9s de 3 mois et plus.<\/span> <span class=\"relative -mx-px my-[-0.2rem] rounded px-px py-[0.2rem] transition-colors duration-100 ease-in-out\">Dot\u00e9es d&rsquo;un d\u00e9bit variable et d&rsquo;une valve anti-coliques, elles offrent une t\u00e9t\u00e9e naturelle et confortable.<\/span> <span class=\"relative -mx-px my-[-0.2rem] rounded px-px py-[0.2rem] transition-colors duration-100 ease-in-out\">Fabriqu\u00e9es en silicone souple, sans BPA, elles sont compatibles avec les biberons Avent Natural.<\/span>\u200b<\/p>\n","protected":false},"excerpt":{"rendered":"<p><span class=\"relative -mx-px my-[-0.2rem] rounded px-px py-[0.2rem] transition-colors duration-100 ease-in-out\">Les t\u00e9tines Philips Avent Natural SCF045\/27 sont con\u00e7ues pour les b\u00e9b\u00e9s d\u00e8s 3 mois.<\/span> <span class=\"relative -mx-px my-[-0.2rem] rounded px-px py-[0.2rem] transition-colors duration-100 ease-in-out\">Elles disposent d&rsquo;un d\u00e9bit variable, permettant d&rsquo;ajuster le flux en fonction des besoins de votre b\u00e9b\u00e9.<\/span> <span class=\"relative -mx-px my-[-0.2rem] rounded px-px py-[0.2rem] transition-colors duration-100 ease-in-out\">La valve anti-coliques int\u00e9gr\u00e9e r\u00e9duit l&rsquo;ingestion d&rsquo;air, diminuant ainsi les risques de coliques et d&rsquo;inconfort.<\/span> <span class=\"relative -mx-px my-[-0.2rem] rounded px-px py-[0.2rem] transition-colors duration-100 ease-in-out\">La t\u00e9tine imite la forme du sein, facilitant l&rsquo;alternance entre allaitement et biberon.<\/span> <span class=\"relative -mx-px my-[-0.2rem] rounded px-px py-[0.2rem] transition-colors duration-100 ease-in-out\">Fabriqu\u00e9es en silicone souple et sans BPA, ces t\u00e9tines sont compatibles avec les biberons Philips Avent Natural.<\/span><\/p>\n","protected":false},"featured_media":25281,"comment_status":"open","ping_status":"closed","template":"","meta":[],"product_cat":[243],"product_tag":[],"class_list":{"0":"post-21776","1":"product","2":"type-product","3":"status-publish","4":"has-post-thumbnail","6":"product_cat-bebe-et-maman","8":"first","9":"instock","10":"shipping-taxable","11":"purchasable","12":"product-type-simple"},"jetpack_sharing_enabled":true,"_links":{"self":[{"href":"https:\/\/para-pharmacity.tn\/index.php?rest_route=\/wp\/v2\/product\/21776","targetHints":{"allow":["GET"]}}],"collection":[{"href":"https:\/\/para-pharmacity.tn\/index.php?rest_route=\/wp\/v2\/product"}],"about":[{"href":"https:\/\/para-pharmacity.tn\/index.php?rest_route=\/wp\/v2\/types\/product"}],"replies":[{"embeddable":true,"href":"https:\/\/para-pharmacity.tn\/index.php?rest_route=%2Fwp%2Fv2%2Fcomments&post=21776"}],"version-history":[{"count":2,"href":"https:\/\/para-pharmacity.tn\/index.php?rest_route=\/wp\/v2\/product\/21776\/revisions"}],"predecessor-version":[{"id":25282,"href":"https:\/\/para-pharmacity.tn\/index.php?rest_route=\/wp\/v2\/product\/21776\/revisions\/25282"}],"wp:featuredmedia":[{"embeddable":true,"href":"https:\/\/para-pharmacity.tn\/index.php?rest_route=\/wp\/v2\/media\/25281"}],"wp:attachment":[{"href":"https:\/\/para-pharmacity.tn\/index.php?rest_route=%2Fwp%2Fv2%2Fmedia&parent=21776"}],"wp:term":[{"taxonomy":"product_cat","embeddable":true,"href":"https:\/\/para-pharmacity.tn\/index.php?rest_route=%2Fwp%2Fv2%2Fproduct_cat&post=21776"},{"taxonomy":"product_tag","embeddable":true,"href":"https:\/\/para-pharmacity.tn\/index.php?rest_route=%2Fwp%2Fv2%2Fproduct_tag&post=21776"}],"curies":[{"name":"wp","href":"https:\/\/api.w.org\/{rel}","templated":true}]}}