{"id":21773,"date":"2024-07-11T10:25:13","date_gmt":"2024-07-11T10:25:13","guid":{"rendered":"https:\/\/para-pharmacity.tn\/?product=xen-keratin-q10-shamp-sans-sulfates"},"modified":"2025-05-05T09:31:37","modified_gmt":"2025-05-05T09:31:37","slug":"xen-keratin-q10-shamp-sans-sulfates","status":"publish","type":"product","link":"https:\/\/para-pharmacity.tn\/?product=xen-keratin-q10-shamp-sans-sulfates","title":{"rendered":"XEN KERATIN Q10 SHAMP SANS SULFATES"},"content":{"rendered":"<p><strong>XEN KERATIN Q10 SHAMPOOING\u00a0200ML<\/strong><\/p>\n<p>XEN KERATIN Q10 SHAMPOOING conditionne et renforce les cheveux ab\u00eem\u00e9s, cassants, ou ternes. Le produit pr\u00e9vient l&rsquo;apparition de\u00a0cheveux secs ou cassants. Par sa formule aux ingr\u00e9dients actifs issus d&rsquo;une mol\u00e9cule naturelle hydratante et r\u00e9paratrice des cheveux d\u00e9natur\u00e9e par le thermo-choc thermique provoqu\u00e9 par le lissage.<\/p>\n<p><strong>RESULTAT :<\/strong><\/p>\n<ul>\n<li>Lave en douceur les cheveux fragiles.<\/li>\n<li>R\u00e9pare les cheveux d\u00e9fris\u00e9s, secs, cassants, et ternes.<\/li>\n<li>Entretient les cheveux ayant effectu\u00e9 un lissage \u00e0 la k\u00e9ratine.<\/li>\n<\/ul>\n","protected":false},"excerpt":{"rendered":"<p>XEN KERATIN Q10 SHAMPOOING conditionne et renforce les cheveux ab\u00eem\u00e9s, cassants, ou ternes. Le produit pr\u00e9vient l&rsquo;apparition de cheveux secs ou cassants. Par sa formule aux ingr\u00e9dients actifs issus d&rsquo;une mol\u00e9cule naturelle hydratante et r\u00e9paratrice des cheveux d\u00e9natur\u00e9e par le thermo-choc thermique provoqu\u00e9 par le lissage.<\/p>\n","protected":false},"featured_media":25770,"comment_status":"open","ping_status":"closed","template":"","meta":[],"product_cat":[211],"product_tag":[],"class_list":{"0":"post-21773","1":"product","2":"type-product","3":"status-publish","4":"has-post-thumbnail","6":"product_cat-cheveux","8":"first","9":"instock","10":"shipping-taxable","11":"purchasable","12":"product-type-simple"},"jetpack_sharing_enabled":true,"_links":{"self":[{"href":"https:\/\/para-pharmacity.tn\/index.php?rest_route=\/wp\/v2\/product\/21773","targetHints":{"allow":["GET"]}}],"collection":[{"href":"https:\/\/para-pharmacity.tn\/index.php?rest_route=\/wp\/v2\/product"}],"about":[{"href":"https:\/\/para-pharmacity.tn\/index.php?rest_route=\/wp\/v2\/types\/product"}],"replies":[{"embeddable":true,"href":"https:\/\/para-pharmacity.tn\/index.php?rest_route=%2Fwp%2Fv2%2Fcomments&post=21773"}],"version-history":[{"count":2,"href":"https:\/\/para-pharmacity.tn\/index.php?rest_route=\/wp\/v2\/product\/21773\/revisions"}],"predecessor-version":[{"id":25772,"href":"https:\/\/para-pharmacity.tn\/index.php?rest_route=\/wp\/v2\/product\/21773\/revisions\/25772"}],"wp:featuredmedia":[{"embeddable":true,"href":"https:\/\/para-pharmacity.tn\/index.php?rest_route=\/wp\/v2\/media\/25770"}],"wp:attachment":[{"href":"https:\/\/para-pharmacity.tn\/index.php?rest_route=%2Fwp%2Fv2%2Fmedia&parent=21773"}],"wp:term":[{"taxonomy":"product_cat","embeddable":true,"href":"https:\/\/para-pharmacity.tn\/index.php?rest_route=%2Fwp%2Fv2%2Fproduct_cat&post=21773"},{"taxonomy":"product_tag","embeddable":true,"href":"https:\/\/para-pharmacity.tn\/index.php?rest_route=%2Fwp%2Fv2%2Fproduct_tag&post=21773"}],"curies":[{"name":"wp","href":"https:\/\/api.w.org\/{rel}","templated":true}]}}