{"id":21772,"date":"2024-07-11T10:25:12","date_gmt":"2024-07-11T10:25:12","guid":{"rendered":"https:\/\/para-pharmacity.tn\/?product=xen-kela-mag-30-comp"},"modified":"2025-05-05T10:40:48","modified_gmt":"2025-05-05T10:40:48","slug":"xen-kela-mag-30-comp","status":"publish","type":"product","link":"https:\/\/para-pharmacity.tn\/?product=xen-kela-mag-30-comp","title":{"rendered":"XEN KELA MAG 30 COMP"},"content":{"rendered":"<p>KELA MAG est une nouvelle g\u00e9n\u00e9ration de magn\u00e9sium. Il se pr\u00e9sente sous la forme de bo\u00eetes de 30 g\u00e9lules de ch\u00e9late d\u2019acide amin\u00e9 enrichi avec le Vitamine B6, ce qui offre une meilleure absorption et une meilleure tol\u00e9rance digestive et de b\u00e9n\u00e9ficier plus efficacement des bienfaits du magn\u00e9sium.<\/p>\n<p>KELA MAG contient \u00e9galement de la vitamine B6 qui coop\u00e8re avec le magn\u00e9sium dans les r\u00e9actions enzymatiques, ce qui favorise une meilleure gestion du stress, de l\u2019anxi\u00e9t\u00e9 et de la fatigue.<\/p>\n<p>La vitamine B6 joue un r\u00f4le dans la synth\u00e8se de certains anticorps et de l\u2019h\u00e9moglobine et aussi dans la synth\u00e8se de certains neurotransmetteurs en situation de stress : noradr\u00e9naline, dopamine.<\/p>\n<p>En plus d\u2019apporter tous ces bienfaits, KELA MAG contribue \u00e0 am\u00e9liorer la sant\u00e9 des os et des dents, ainsi qu\u2019\u00e0 r\u00e9guler la pression sanguine et le rythme cardiaque.<\/p>\n<p><strong>Conseils d\u2019utilisation :<\/strong><\/p>\n<p>KELA MAG est particuli\u00e8rement recommand\u00e9 en cas de carence en magn\u00e9sium qui se manifeste par :<\/p>\n<p>Des troubles moteurs : crampes, tremblements et fatigue g\u00e9n\u00e9ralis\u00e9e sont les premiers signes. Des troubles digestifs peuvent \u00e9galement appara\u00eetre.<\/p>\n<p>Des troubles psychiques : des insomnies, un \u00e9tat anxieux peuvent \u00e9galement faire penser \u00e0 ce type de carence.<\/p>\n<p>Des troubles cardiaques : une perturbation du rythme cardiaque (palpitations) est \u00e9galement un sympt\u00f4me fr\u00e9quent.<\/p>\n<p>Certains groupes ont un besoin plus important de ce min\u00e9ral : les alcooliques, les personnes \u00e2g\u00e9es, les femmes enceintes et les sportifs.<\/p>\n<p>Ne pas d\u00e9passer la dose recommand\u00e9e par votre m\u00e9decin. Ne pas laisser \u00e0 la port\u00e9e des enfants.<\/p>\n","protected":false},"excerpt":{"rendered":"<p>KELA MAG est une nouvelle g\u00e9n\u00e9ration de magn\u00e9sium. Il se pr\u00e9sente sous la forme de bo\u00eetes de 30 g\u00e9lules de ch\u00e9late d\u2019acide amin\u00e9 enrichi avec le Vitamine B6<\/p>\n","protected":false},"featured_media":25789,"comment_status":"open","ping_status":"closed","template":"","meta":[],"product_cat":[286],"product_tag":[],"class_list":{"0":"post-21772","1":"product","2":"type-product","3":"status-publish","4":"has-post-thumbnail","6":"product_cat-complement-alimentaire","8":"first","9":"instock","10":"shipping-taxable","11":"purchasable","12":"product-type-simple"},"jetpack_sharing_enabled":true,"_links":{"self":[{"href":"https:\/\/para-pharmacity.tn\/index.php?rest_route=\/wp\/v2\/product\/21772","targetHints":{"allow":["GET"]}}],"collection":[{"href":"https:\/\/para-pharmacity.tn\/index.php?rest_route=\/wp\/v2\/product"}],"about":[{"href":"https:\/\/para-pharmacity.tn\/index.php?rest_route=\/wp\/v2\/types\/product"}],"replies":[{"embeddable":true,"href":"https:\/\/para-pharmacity.tn\/index.php?rest_route=%2Fwp%2Fv2%2Fcomments&post=21772"}],"version-history":[{"count":2,"href":"https:\/\/para-pharmacity.tn\/index.php?rest_route=\/wp\/v2\/product\/21772\/revisions"}],"predecessor-version":[{"id":25790,"href":"https:\/\/para-pharmacity.tn\/index.php?rest_route=\/wp\/v2\/product\/21772\/revisions\/25790"}],"wp:featuredmedia":[{"embeddable":true,"href":"https:\/\/para-pharmacity.tn\/index.php?rest_route=\/wp\/v2\/media\/25789"}],"wp:attachment":[{"href":"https:\/\/para-pharmacity.tn\/index.php?rest_route=%2Fwp%2Fv2%2Fmedia&parent=21772"}],"wp:term":[{"taxonomy":"product_cat","embeddable":true,"href":"https:\/\/para-pharmacity.tn\/index.php?rest_route=%2Fwp%2Fv2%2Fproduct_cat&post=21772"},{"taxonomy":"product_tag","embeddable":true,"href":"https:\/\/para-pharmacity.tn\/index.php?rest_route=%2Fwp%2Fv2%2Fproduct_tag&post=21772"}],"curies":[{"name":"wp","href":"https:\/\/api.w.org\/{rel}","templated":true}]}}