{"id":21771,"date":"2024-07-11T10:25:12","date_gmt":"2024-07-11T10:25:12","guid":{"rendered":"https:\/\/para-pharmacity.tn\/?product=vital-normaprost-60-gelules"},"modified":"2025-05-21T09:49:39","modified_gmt":"2025-05-21T09:49:39","slug":"vital-normaprost-60-gelules","status":"publish","type":"product","link":"https:\/\/para-pharmacity.tn\/?product=vital-normaprost-60-gelules","title":{"rendered":"VITAL NORMAPROST 60 GELULES"},"content":{"rendered":"<p><strong>VITAL Normaprost &#8211; 60 Gelules<\/strong><\/p>\n<p>VITAL Normaprost\u00a0est destin\u00e9 aux patients atteints d\u2019ad\u00e9nome de la prostate ou de prostatite chronique. Il se distingue par son faible niveau d\u2019effets secondaires.\u00a0Ce compl\u00e9ment alimentaire s\u2019adresse aux hommes adultes souffrant d\u2019un ad\u00e9nome de la prostate ou d\u2019une prostatite chronique, et qui cherchent \u00e0 r\u00e9duire les sympt\u00f4mes tels que les difficult\u00e9s urinaires, l\u2019incontinence et les troubles sexuels.<\/p>\n<p>Composition :<\/p>\n<ul>\n<li>Extrait de palmier nain,<\/li>\n<li>S\u00e9l\u00e9nium,<\/li>\n<li>Vitamine E,<\/li>\n<li>Lycop\u00e8ne de tomate,<\/li>\n<li>pygeum,<\/li>\n<li>graines de courge,<\/li>\n<li>racine d&rsquo;ortie,<\/li>\n<li>vitamine D<\/li>\n<\/ul>\n<p>Conseils d&rsquo;utilisation :<\/p>\n<p>Il est indiqu\u00e9 de prendre 2 G\u00e9lules de Normaprost par jour pendant au moins 6 mois.<\/p>\n","protected":false},"excerpt":{"rendered":"<p>Hypertrophie b\u00e9nigne de la prostate. Ad\u00e9nome de la prostate, trouble de la vessie,dysurie, pollakiurie, algies p\u00e9rin\u00e9ales et g\u00e9nitalesExtrait de palmier nain, S\u00e9l\u00e9nium, Vitamine E, Lycop\u00e9ne de tomate, pygeum, graines de courge, racine d&rsquo;ortie, vitamine D<\/p>\n","protected":false},"featured_media":26219,"comment_status":"open","ping_status":"closed","template":"","meta":[],"product_cat":[286],"product_tag":[],"class_list":{"0":"post-21771","1":"product","2":"type-product","3":"status-publish","4":"has-post-thumbnail","6":"product_cat-complement-alimentaire","8":"first","9":"instock","10":"shipping-taxable","11":"purchasable","12":"product-type-simple"},"jetpack_sharing_enabled":true,"_links":{"self":[{"href":"https:\/\/para-pharmacity.tn\/index.php?rest_route=\/wp\/v2\/product\/21771","targetHints":{"allow":["GET"]}}],"collection":[{"href":"https:\/\/para-pharmacity.tn\/index.php?rest_route=\/wp\/v2\/product"}],"about":[{"href":"https:\/\/para-pharmacity.tn\/index.php?rest_route=\/wp\/v2\/types\/product"}],"replies":[{"embeddable":true,"href":"https:\/\/para-pharmacity.tn\/index.php?rest_route=%2Fwp%2Fv2%2Fcomments&post=21771"}],"version-history":[{"count":2,"href":"https:\/\/para-pharmacity.tn\/index.php?rest_route=\/wp\/v2\/product\/21771\/revisions"}],"predecessor-version":[{"id":26220,"href":"https:\/\/para-pharmacity.tn\/index.php?rest_route=\/wp\/v2\/product\/21771\/revisions\/26220"}],"wp:featuredmedia":[{"embeddable":true,"href":"https:\/\/para-pharmacity.tn\/index.php?rest_route=\/wp\/v2\/media\/26219"}],"wp:attachment":[{"href":"https:\/\/para-pharmacity.tn\/index.php?rest_route=%2Fwp%2Fv2%2Fmedia&parent=21771"}],"wp:term":[{"taxonomy":"product_cat","embeddable":true,"href":"https:\/\/para-pharmacity.tn\/index.php?rest_route=%2Fwp%2Fv2%2Fproduct_cat&post=21771"},{"taxonomy":"product_tag","embeddable":true,"href":"https:\/\/para-pharmacity.tn\/index.php?rest_route=%2Fwp%2Fv2%2Fproduct_tag&post=21771"}],"curies":[{"name":"wp","href":"https:\/\/api.w.org\/{rel}","templated":true}]}}