{"id":21730,"date":"2024-07-11T10:24:54","date_gmt":"2024-07-11T10:24:54","guid":{"rendered":"https:\/\/para-pharmacity.tn\/?product=balance-creme-hydratante-110ml"},"modified":"2025-04-21T11:32:16","modified_gmt":"2025-04-21T11:32:16","slug":"balance-creme-hydratante-110ml","status":"publish","type":"product","link":"https:\/\/para-pharmacity.tn\/?product=balance-creme-hydratante-110ml","title":{"rendered":"BALANCE CREME HYDRATANTE 110ML"},"content":{"rendered":"<p class=\"\" data-start=\"276\" data-end=\"357\"><span class=\"relative -mx-px my-[-0.2rem] rounded px-px py-[0.2rem] transition-colors duration-100 ease-in-out\">La <strong data-start=\"3\" data-end=\"38\">Balance Cr\u00e8me Hydratante 110 ml<\/strong> offre une hydratation optimale gr\u00e2ce \u00e0 sa formule l\u00e9g\u00e8re qui p\u00e9n\u00e8tre rapidement sans laisser de film gras. Enrichie en ingr\u00e9dients naturels, elle aide \u00e0 maintenir l&rsquo;\u00e9quilibre hydrolipidique de la peau, r\u00e9duisant ainsi les brillances et les imperfections.<\/span>\u200b<\/p>\n<p class=\"\" data-start=\"359\" data-end=\"440\"><span class=\"relative -mx-px my-[-0.2rem] rounded px-px py-[0.2rem] transition-colors duration-100 ease-in-out\">Adapt\u00e9e aux peaux sensibles, cette cr\u00e8me apaise les irritations et renforce la barri\u00e8re cutan\u00e9e. Son utilisation r\u00e9guli\u00e8re contribue \u00e0 une peau plus lisse, \u00e9clatante et visiblement plus saine.<\/span><\/p>\n","protected":false},"excerpt":{"rendered":"<p><span class=\"relative -mx-px my-[-0.2rem] rounded px-px py-[0.2rem] transition-colors duration-100 ease-in-out\">La <strong data-start=\"3\" data-end=\"38\">Balance Cr\u00e8me Hydratante 110 ml<\/strong> est une cr\u00e8me l\u00e9g\u00e8re et non grasse, con\u00e7ue pour hydrater en profondeur tout en r\u00e9gulant l&rsquo;exc\u00e8s de s\u00e9bum. Id\u00e9ale pour les peaux mixtes \u00e0 grasses, elle laisse la peau douce, fra\u00eeche et \u00e9quilibr\u00e9e.<\/span>\u200b<\/p>\n","protected":false},"featured_media":25405,"comment_status":"open","ping_status":"closed","template":"","meta":[],"product_cat":[243],"product_tag":[],"class_list":{"0":"post-21730","1":"product","2":"type-product","3":"status-publish","4":"has-post-thumbnail","6":"product_cat-bebe-et-maman","8":"first","9":"instock","10":"shipping-taxable","11":"purchasable","12":"product-type-simple"},"jetpack_sharing_enabled":true,"_links":{"self":[{"href":"https:\/\/para-pharmacity.tn\/index.php?rest_route=\/wp\/v2\/product\/21730","targetHints":{"allow":["GET"]}}],"collection":[{"href":"https:\/\/para-pharmacity.tn\/index.php?rest_route=\/wp\/v2\/product"}],"about":[{"href":"https:\/\/para-pharmacity.tn\/index.php?rest_route=\/wp\/v2\/types\/product"}],"replies":[{"embeddable":true,"href":"https:\/\/para-pharmacity.tn\/index.php?rest_route=%2Fwp%2Fv2%2Fcomments&post=21730"}],"version-history":[{"count":2,"href":"https:\/\/para-pharmacity.tn\/index.php?rest_route=\/wp\/v2\/product\/21730\/revisions"}],"predecessor-version":[{"id":25407,"href":"https:\/\/para-pharmacity.tn\/index.php?rest_route=\/wp\/v2\/product\/21730\/revisions\/25407"}],"wp:featuredmedia":[{"embeddable":true,"href":"https:\/\/para-pharmacity.tn\/index.php?rest_route=\/wp\/v2\/media\/25405"}],"wp:attachment":[{"href":"https:\/\/para-pharmacity.tn\/index.php?rest_route=%2Fwp%2Fv2%2Fmedia&parent=21730"}],"wp:term":[{"taxonomy":"product_cat","embeddable":true,"href":"https:\/\/para-pharmacity.tn\/index.php?rest_route=%2Fwp%2Fv2%2Fproduct_cat&post=21730"},{"taxonomy":"product_tag","embeddable":true,"href":"https:\/\/para-pharmacity.tn\/index.php?rest_route=%2Fwp%2Fv2%2Fproduct_tag&post=21730"}],"curies":[{"name":"wp","href":"https:\/\/api.w.org\/{rel}","templated":true}]}}