{"id":21729,"date":"2024-07-11T10:24:54","date_gmt":"2024-07-11T10:24:54","guid":{"rendered":"https:\/\/para-pharmacity.tn\/?product=avent-tetine-naturel-2pcs-0m-041-27"},"modified":"2025-04-18T14:44:36","modified_gmt":"2025-04-18T14:44:36","slug":"avent-tetine-naturel-2pcs-0m-041-27","status":"publish","type":"product","link":"https:\/\/para-pharmacity.tn\/?product=avent-tetine-naturel-2pcs-0m-041-27","title":{"rendered":"AVENT TETINE NATUREL 2PCS 0M 041\/27"},"content":{"rendered":"<p class=\"\" data-start=\"354\" data-end=\"473\"><span class=\"relative -mx-px my-[-0.2rem] rounded px-px py-[0.2rem] transition-colors duration-100 ease-in-out\">Les t\u00e9tines Natural SCF041\/27 de Philips Avent sont con\u00e7ues pour offrir une exp\u00e9rience de t\u00e9t\u00e9e aussi naturelle que possible, en imitant la forme du sein.<\/span> <span class=\"relative -mx-px my-[-0.2rem] rounded px-px py-[0.2rem] transition-colors duration-100 ease-in-out\">Elles sont fabriqu\u00e9es en silicone ultra-doux, sans BPA, et pr\u00e9sentent un design flexible en spirale associ\u00e9 \u00e0 des alv\u00e9oles de confort uniques, permettant une t\u00e9t\u00e9e plus naturelle sans \u00e9crasement de la t\u00e9tine<\/span><\/p>\n<p class=\"\" data-start=\"475\" data-end=\"509\"><strong data-start=\"475\" data-end=\"509\">Caract\u00e9ristiques principales :<\/strong><\/p>\n<ul data-start=\"511\" data-end=\"1183\">\n<li class=\"\" data-start=\"511\" data-end=\"630\">\n<p class=\"\" data-start=\"513\" data-end=\"630\"><strong data-start=\"513\" data-end=\"542\">D\u00e9bit nouveau-n\u00e9 (1 trou)<\/strong> : <span class=\"relative -mx-px my-[-0.2rem] rounded px-px py-[0.2rem] transition-colors duration-100 ease-in-out\">con\u00e7u pour les b\u00e9b\u00e9s d\u00e8s la naissance.<\/span>\u200b<\/p>\n<\/li>\n<li class=\"\" data-start=\"632\" data-end=\"745\">\n<p class=\"\" data-start=\"634\" data-end=\"745\"><strong data-start=\"634\" data-end=\"657\">Valve anti-coliques<\/strong> : <span class=\"relative -mx-px my-[-0.2rem] rounded px-px py-[0.2rem] transition-colors duration-100 ease-in-out\">r\u00e9duit le risque de coliques et d&rsquo;inconfort digestif.<\/span>\u200b<\/p>\n<\/li>\n<li class=\"\" data-start=\"632\" data-end=\"745\">\n<p class=\"\" data-start=\"634\" data-end=\"745\"><strong data-start=\"749\" data-end=\"779\">Design flexible en spirale<\/strong> : <span class=\"relative -mx-px my-[-0.2rem] rounded px-px py-[0.2rem] transition-colors duration-100 ease-in-out\">associ\u00e9 \u00e0 des alv\u00e9oles de confort pour une t\u00e9t\u00e9e naturelle.<\/span><\/p>\n<\/li>\n<li class=\"\" data-start=\"869\" data-end=\"976\">\n<p class=\"\" data-start=\"871\" data-end=\"976\"><strong data-start=\"871\" data-end=\"888\">Compatibilit\u00e9<\/strong> : <span class=\"relative -mx-px my-[-0.2rem] rounded px-px py-[0.2rem] transition-colors duration-100 ease-in-out\">compatible avec les biberons Philips Avent Natural.<\/span>\u200b<\/p>\n<\/li>\n<li class=\"\" data-start=\"978\" data-end=\"1080\">\n<p class=\"\" data-start=\"980\" data-end=\"1080\"><strong data-start=\"980\" data-end=\"992\">Mat\u00e9riau<\/strong> : <span class=\"relative -mx-px my-[-0.2rem] rounded px-px py-[0.2rem] transition-colors duration-100 ease-in-out\">silicone ultra-doux, sans BPA.<\/span>\u200b<\/p>\n<\/li>\n<li class=\"\" data-start=\"1082\" data-end=\"1183\">\n<p class=\"\" data-start=\"1084\" data-end=\"1183\"><strong data-start=\"1084\" data-end=\"1095\">Contenu<\/strong> : <span class=\"relative -mx-px my-[-0.2rem] rounded px-px py-[0.2rem] transition-colors duration-100 ease-in-out\">2 t\u00e9tines par pack.<\/span>\u200b<\/p>\n<\/li>\n<\/ul>\n<p class=\"\" data-start=\"1185\" data-end=\"1270\"><span class=\"relative -mx-px my-[-0.2rem] rounded px-px py-[0.2rem] bg-[#FCECC1] dark:bg-[#64572A] transition-colors duration-100 ease-in-out\">Ces t\u00e9tines sont id\u00e9ales pour les parents souhaitant combiner allaitement au sein et au biberon, tout en assurant le confort et la s\u00e9curit\u00e9 de leur b\u00e9b\u00e9<\/span><\/p>\n","protected":false},"excerpt":{"rendered":"<p><span class=\"relative -mx-px my-[-0.2rem] rounded px-px py-[0.2rem] transition-colors duration-100 ease-in-out\">Le lot SCF041\/27 comprend 2 t\u00e9tines ultra-douces pour biberons Philips Avent Natural, adapt\u00e9es aux b\u00e9b\u00e9s d\u00e8s la naissance.<\/span> <span class=\"relative -mx-px my-[-0.2rem] rounded px-px py-[0.2rem] transition-colors duration-100 ease-in-out\">Dot\u00e9es d&rsquo;un d\u00e9bit nouveau-n\u00e9 (1 trou), elles imitent la forme du sein pour faciliter l&rsquo;alternance entre allaitement au sein et au biberon.<\/span> <span class=\"relative -mx-px my-[-0.2rem] rounded px-px py-[0.2rem] transition-colors duration-100 ease-in-out\">Chaque t\u00e9tine est \u00e9quip\u00e9e d&rsquo;une valve anti-coliques pour r\u00e9duire les risques d&rsquo;inconfort digestif.<\/span><\/p>\n","protected":false},"featured_media":25334,"comment_status":"open","ping_status":"closed","template":"","meta":[],"product_cat":[243],"product_tag":[],"class_list":{"0":"post-21729","1":"product","2":"type-product","3":"status-publish","4":"has-post-thumbnail","6":"product_cat-bebe-et-maman","8":"first","9":"instock","10":"shipping-taxable","11":"purchasable","12":"product-type-simple"},"jetpack_sharing_enabled":true,"_links":{"self":[{"href":"https:\/\/para-pharmacity.tn\/index.php?rest_route=\/wp\/v2\/product\/21729","targetHints":{"allow":["GET"]}}],"collection":[{"href":"https:\/\/para-pharmacity.tn\/index.php?rest_route=\/wp\/v2\/product"}],"about":[{"href":"https:\/\/para-pharmacity.tn\/index.php?rest_route=\/wp\/v2\/types\/product"}],"replies":[{"embeddable":true,"href":"https:\/\/para-pharmacity.tn\/index.php?rest_route=%2Fwp%2Fv2%2Fcomments&post=21729"}],"version-history":[{"count":2,"href":"https:\/\/para-pharmacity.tn\/index.php?rest_route=\/wp\/v2\/product\/21729\/revisions"}],"predecessor-version":[{"id":25335,"href":"https:\/\/para-pharmacity.tn\/index.php?rest_route=\/wp\/v2\/product\/21729\/revisions\/25335"}],"wp:featuredmedia":[{"embeddable":true,"href":"https:\/\/para-pharmacity.tn\/index.php?rest_route=\/wp\/v2\/media\/25334"}],"wp:attachment":[{"href":"https:\/\/para-pharmacity.tn\/index.php?rest_route=%2Fwp%2Fv2%2Fmedia&parent=21729"}],"wp:term":[{"taxonomy":"product_cat","embeddable":true,"href":"https:\/\/para-pharmacity.tn\/index.php?rest_route=%2Fwp%2Fv2%2Fproduct_cat&post=21729"},{"taxonomy":"product_tag","embeddable":true,"href":"https:\/\/para-pharmacity.tn\/index.php?rest_route=%2Fwp%2Fv2%2Fproduct_tag&post=21729"}],"curies":[{"name":"wp","href":"https:\/\/api.w.org\/{rel}","templated":true}]}}