{"id":21677,"date":"2024-07-11T10:24:24","date_gmt":"2024-07-11T10:24:24","guid":{"rendered":"https:\/\/para-pharmacity.tn\/?product=bambini-biberon-en-verre-250ml-611"},"modified":"2025-04-21T13:25:36","modified_gmt":"2025-04-21T13:25:36","slug":"bambini-biberon-en-verre-250ml-611","status":"publish","type":"product","link":"https:\/\/para-pharmacity.tn\/?product=bambini-biberon-en-verre-250ml-611","title":{"rendered":"BAMBINI BIBERON EN VERRE 250ML 611"},"content":{"rendered":"<p><span class=\"relative -mx-px my-[-0.2rem] rounded px-px py-[0.2rem] transition-colors duration-100 ease-in-out\">Le biberon Bambini en verre 250 ml (r\u00e9f. 611) est sp\u00e9cialement con\u00e7u pour accompagner votre b\u00e9b\u00e9 dans ses premiers repas.<\/span> <span class=\"relative -mx-px my-[-0.2rem] rounded px-px py-[0.2rem] transition-colors duration-100 ease-in-out\">Sa capacit\u00e9 de 250 ml est parfaite pour les nourrissons d\u00e8s 4 mois, offrant une quantit\u00e9 suffisante pour les repas moyens.<\/span> <span class=\"relative -mx-px my-[-0.2rem] rounded px-px py-[0.2rem] transition-colors duration-100 ease-in-out\">Fabriqu\u00e9 en verre de haute qualit\u00e9, il est robuste, r\u00e9sistant aux chocs thermiques et facile \u00e0 nettoyer, garantissant une hygi\u00e8ne optimale.<\/span> <span class=\"relative -mx-px my-[-0.2rem] rounded px-px py-[0.2rem] transition-colors duration-100 ease-in-out\">Son design transparent permet de visualiser facilement le contenu, facilitant ainsi la pr\u00e9paration des repas.<\/span> <span class=\"relative -mx-px my-[-0.2rem] rounded px-px py-[0.2rem] transition-colors duration-100 ease-in-out\">Compatible avec les t\u00e9tines Bambini, il offre une exp\u00e9rience d&rsquo;alimentation fluide et confortable pour votre b\u00e9b\u00e9.<\/span><\/p>\n","protected":false},"excerpt":{"rendered":"<p class=\"\" data-start=\"173\" data-end=\"330\"><span class=\"relative -mx-px my-[-0.2rem] rounded px-px py-[0.2rem] transition-colors duration-100 ease-in-out\">Le biberon Bambini en verre 250 ml (r\u00e9f. 611) est con\u00e7u pour les nourrissons d\u00e8s 4 mois.<\/span> <span class=\"relative -mx-px my-[-0.2rem] rounded px-px py-[0.2rem] transition-colors duration-100 ease-in-out\">Fabriqu\u00e9 en verre de haute qualit\u00e9, il est robuste et facile \u00e0 nettoyer.<\/span> <span class=\"relative -mx-px my-[-0.2rem] rounded px-px py-[0.2rem] transition-colors duration-100 ease-in-out\">Son design transparent permet de visualiser facilement le contenu, et sa capacit\u00e9 est id\u00e9ale pour les repas moyens de b\u00e9b\u00e9.<\/span>\u200b<\/p>\n","protected":false},"featured_media":25433,"comment_status":"open","ping_status":"closed","template":"","meta":[],"product_cat":[243],"product_tag":[],"class_list":{"0":"post-21677","1":"product","2":"type-product","3":"status-publish","4":"has-post-thumbnail","6":"product_cat-bebe-et-maman","8":"first","9":"instock","10":"shipping-taxable","11":"purchasable","12":"product-type-simple"},"jetpack_sharing_enabled":true,"_links":{"self":[{"href":"https:\/\/para-pharmacity.tn\/index.php?rest_route=\/wp\/v2\/product\/21677","targetHints":{"allow":["GET"]}}],"collection":[{"href":"https:\/\/para-pharmacity.tn\/index.php?rest_route=\/wp\/v2\/product"}],"about":[{"href":"https:\/\/para-pharmacity.tn\/index.php?rest_route=\/wp\/v2\/types\/product"}],"replies":[{"embeddable":true,"href":"https:\/\/para-pharmacity.tn\/index.php?rest_route=%2Fwp%2Fv2%2Fcomments&post=21677"}],"version-history":[{"count":2,"href":"https:\/\/para-pharmacity.tn\/index.php?rest_route=\/wp\/v2\/product\/21677\/revisions"}],"predecessor-version":[{"id":25434,"href":"https:\/\/para-pharmacity.tn\/index.php?rest_route=\/wp\/v2\/product\/21677\/revisions\/25434"}],"wp:featuredmedia":[{"embeddable":true,"href":"https:\/\/para-pharmacity.tn\/index.php?rest_route=\/wp\/v2\/media\/25433"}],"wp:attachment":[{"href":"https:\/\/para-pharmacity.tn\/index.php?rest_route=%2Fwp%2Fv2%2Fmedia&parent=21677"}],"wp:term":[{"taxonomy":"product_cat","embeddable":true,"href":"https:\/\/para-pharmacity.tn\/index.php?rest_route=%2Fwp%2Fv2%2Fproduct_cat&post=21677"},{"taxonomy":"product_tag","embeddable":true,"href":"https:\/\/para-pharmacity.tn\/index.php?rest_route=%2Fwp%2Fv2%2Fproduct_tag&post=21677"}],"curies":[{"name":"wp","href":"https:\/\/api.w.org\/{rel}","templated":true}]}}