{"id":21676,"date":"2024-07-11T10:24:24","date_gmt":"2024-07-11T10:24:24","guid":{"rendered":"https:\/\/para-pharmacity.tn\/?product=almaflore-huile-d-avocat-10-ml"},"modified":"2025-04-15T11:42:04","modified_gmt":"2025-04-15T11:42:04","slug":"almaflore-huile-d-avocat-10-ml","status":"publish","type":"product","link":"https:\/\/para-pharmacity.tn\/?product=almaflore-huile-d-avocat-10-ml","title":{"rendered":"ALMAFLORE HUILE D AVOCAT 10 ML"},"content":{"rendered":"<p class=\"\" data-start=\"320\" data-end=\"673\"><strong data-start=\"320\" data-end=\"350\">L\u2019huile d\u2019avocat Almaflore<\/strong> est id\u00e9ale pour les soins de la <strong data-start=\"383\" data-end=\"397\">peau s\u00e8che<\/strong>, <strong data-start=\"399\" data-end=\"409\">mature<\/strong> ou <strong data-start=\"413\" data-end=\"425\">sensible<\/strong>, ainsi que pour les <strong data-start=\"446\" data-end=\"474\">cheveux secs et cassants<\/strong>. Naturellement riche en <strong data-start=\"499\" data-end=\"520\">vitamines A, D, E<\/strong> et en <strong data-start=\"527\" data-end=\"553\">acides gras essentiels<\/strong>, elle nourrit intens\u00e9ment, stimule la <strong data-start=\"592\" data-end=\"619\">r\u00e9g\u00e9n\u00e9ration cellulaire<\/strong> et prot\u00e8ge la peau contre les agressions ext\u00e9rieures.<\/p>\n<ul data-start=\"675\" data-end=\"831\">\n<li class=\"\" data-start=\"675\" data-end=\"700\">\n<p class=\"\" data-start=\"677\" data-end=\"700\">Hydrate en profondeur<\/p>\n<\/li>\n<li class=\"\" data-start=\"701\" data-end=\"743\">\n<p class=\"\" data-start=\"703\" data-end=\"743\">Apaise les irritations et les rougeurs<\/p>\n<\/li>\n<li class=\"\" data-start=\"744\" data-end=\"784\">\n<p class=\"\" data-start=\"746\" data-end=\"784\">Renforce et fait briller les cheveux<\/p>\n<\/li>\n<li class=\"\" data-start=\"785\" data-end=\"831\">\n<p class=\"\" data-start=\"787\" data-end=\"831\">P\u00e9n\u00e8tre facilement sans laisser de film gras<\/p>\n<\/li>\n<\/ul>\n","protected":false},"excerpt":{"rendered":"<p class=\"\" data-start=\"128\" data-end=\"237\"><strong data-start=\"128\" data-end=\"162\">Almaflore Huile d\u2019Avocat 10 ml<\/strong><br data-start=\"162\" data-end=\"165\" \/>Huile riche et nourrissante pour <strong data-start=\"198\" data-end=\"212\">peau s\u00e8che<\/strong> et <strong data-start=\"216\" data-end=\"234\">cheveux ab\u00eem\u00e9s<\/strong>.<\/p>\n<ul data-start=\"238\" data-end=\"280\">\n<li class=\"\" data-start=\"238\" data-end=\"280\">\n<p class=\"\" data-start=\"240\" data-end=\"280\">R\u00e9pare, adoucit et hydrate en profondeur<\/p>\n<\/li>\n<\/ul>\n","protected":false},"featured_media":25096,"comment_status":"open","ping_status":"closed","template":"","meta":[],"product_cat":[211],"product_tag":[],"class_list":{"0":"post-21676","1":"product","2":"type-product","3":"status-publish","4":"has-post-thumbnail","6":"product_cat-cheveux","8":"first","9":"instock","10":"shipping-taxable","11":"purchasable","12":"product-type-simple"},"jetpack_sharing_enabled":true,"_links":{"self":[{"href":"https:\/\/para-pharmacity.tn\/index.php?rest_route=\/wp\/v2\/product\/21676","targetHints":{"allow":["GET"]}}],"collection":[{"href":"https:\/\/para-pharmacity.tn\/index.php?rest_route=\/wp\/v2\/product"}],"about":[{"href":"https:\/\/para-pharmacity.tn\/index.php?rest_route=\/wp\/v2\/types\/product"}],"replies":[{"embeddable":true,"href":"https:\/\/para-pharmacity.tn\/index.php?rest_route=%2Fwp%2Fv2%2Fcomments&post=21676"}],"version-history":[{"count":2,"href":"https:\/\/para-pharmacity.tn\/index.php?rest_route=\/wp\/v2\/product\/21676\/revisions"}],"predecessor-version":[{"id":25097,"href":"https:\/\/para-pharmacity.tn\/index.php?rest_route=\/wp\/v2\/product\/21676\/revisions\/25097"}],"wp:featuredmedia":[{"embeddable":true,"href":"https:\/\/para-pharmacity.tn\/index.php?rest_route=\/wp\/v2\/media\/25096"}],"wp:attachment":[{"href":"https:\/\/para-pharmacity.tn\/index.php?rest_route=%2Fwp%2Fv2%2Fmedia&parent=21676"}],"wp:term":[{"taxonomy":"product_cat","embeddable":true,"href":"https:\/\/para-pharmacity.tn\/index.php?rest_route=%2Fwp%2Fv2%2Fproduct_cat&post=21676"},{"taxonomy":"product_tag","embeddable":true,"href":"https:\/\/para-pharmacity.tn\/index.php?rest_route=%2Fwp%2Fv2%2Fproduct_tag&post=21676"}],"curies":[{"name":"wp","href":"https:\/\/api.w.org\/{rel}","templated":true}]}}