{"id":21674,"date":"2024-07-11T10:24:23","date_gmt":"2024-07-11T10:24:23","guid":{"rendered":"https:\/\/para-pharmacity.tn\/?product=young-health-omega-3-90-cp"},"modified":"2025-05-02T11:11:23","modified_gmt":"2025-05-02T11:11:23","slug":"young-health-omega-3-90-cp","status":"publish","type":"product","link":"https:\/\/para-pharmacity.tn\/?product=young-health-omega-3-90-cp","title":{"rendered":"YOUNG HEALTH OMEGA 3 90 CP"},"content":{"rendered":"<p>Les huiles de poisson des mers froides sont riches en Om\u00e9ga 3, en particulier EPA et DHA qui ne<\/p>\n<p>Peuvent \u00eatre synth\u00e9tis\u00e9s par l\u2019organisme.<\/p>\n<ul>\n<li>L\u2019EPA se transforme en prostaglandines E de s\u00e9rie 3 qui contribuent \u00e0 la protection des Art\u00e8res et du c\u0153ur et ont des effets majeurs sur l\u2019agr\u00e9gation plaquettaire, sur l\u2019inflammation, les ph\u00e9nom\u00e8nes de fibrillation ventriculaire et sur la triglyc\u00e9rid\u00e9mie.<\/li>\n<li>DHA, \u00e9galement appel\u00e9 acide cervonique (vue son abondance dans les phospholipides<\/li>\n<\/ul>\n<p>des structures c\u00e9r\u00e9brales), a des fonctions sp\u00e9cifiques dans le d\u00e9veloppement du syst\u00e8me<\/p>\n<p>nerveux et de la r\u00e9tine.<\/p>\n<p>Le DHA est un composant important des membranes, ainsi il contribue au bon<\/p>\n<p>Fonctionnement de la physiologie cellulaire<\/p>\n","protected":false},"excerpt":{"rendered":"<p>Les huiles de poisson des mers froides sont riches en Om\u00e9ga 3, en particulier EPA et DHA qui ne<\/p>\n<p>Peuvent \u00eatre synth\u00e9tis\u00e9s par l\u2019organisme.<\/p>\n","protected":false},"featured_media":25641,"comment_status":"open","ping_status":"closed","template":"","meta":[],"product_cat":[286],"product_tag":[],"class_list":{"0":"post-21674","1":"product","2":"type-product","3":"status-publish","4":"has-post-thumbnail","6":"product_cat-complement-alimentaire","8":"first","9":"instock","10":"shipping-taxable","11":"purchasable","12":"product-type-simple"},"jetpack_sharing_enabled":true,"_links":{"self":[{"href":"https:\/\/para-pharmacity.tn\/index.php?rest_route=\/wp\/v2\/product\/21674","targetHints":{"allow":["GET"]}}],"collection":[{"href":"https:\/\/para-pharmacity.tn\/index.php?rest_route=\/wp\/v2\/product"}],"about":[{"href":"https:\/\/para-pharmacity.tn\/index.php?rest_route=\/wp\/v2\/types\/product"}],"replies":[{"embeddable":true,"href":"https:\/\/para-pharmacity.tn\/index.php?rest_route=%2Fwp%2Fv2%2Fcomments&post=21674"}],"version-history":[{"count":2,"href":"https:\/\/para-pharmacity.tn\/index.php?rest_route=\/wp\/v2\/product\/21674\/revisions"}],"predecessor-version":[{"id":25642,"href":"https:\/\/para-pharmacity.tn\/index.php?rest_route=\/wp\/v2\/product\/21674\/revisions\/25642"}],"wp:featuredmedia":[{"embeddable":true,"href":"https:\/\/para-pharmacity.tn\/index.php?rest_route=\/wp\/v2\/media\/25641"}],"wp:attachment":[{"href":"https:\/\/para-pharmacity.tn\/index.php?rest_route=%2Fwp%2Fv2%2Fmedia&parent=21674"}],"wp:term":[{"taxonomy":"product_cat","embeddable":true,"href":"https:\/\/para-pharmacity.tn\/index.php?rest_route=%2Fwp%2Fv2%2Fproduct_cat&post=21674"},{"taxonomy":"product_tag","embeddable":true,"href":"https:\/\/para-pharmacity.tn\/index.php?rest_route=%2Fwp%2Fv2%2Fproduct_tag&post=21674"}],"curies":[{"name":"wp","href":"https:\/\/api.w.org\/{rel}","templated":true}]}}