{"id":21671,"date":"2024-07-11T10:24:21","date_gmt":"2024-07-11T10:24:21","guid":{"rendered":"https:\/\/para-pharmacity.tn\/?product=u-prane-10-comprimes"},"modified":"2025-06-04T11:44:55","modified_gmt":"2025-06-04T11:44:55","slug":"u-prane-10-comprimes","status":"publish","type":"product","link":"https:\/\/para-pharmacity.tn\/?product=u-prane-10-comprimes","title":{"rendered":"U PRANE 10 COMPRIMES"},"content":{"rendered":"<p>U-PRANE g\u00e9lules est une association \u00e9quilibr\u00e9e et synergique d\u2019extraits de plantes qui aide \u00e0 soulager des douleurs articulaire, tendinites, maux de t\u00eate, c\u00e9phal\u00e9es et dysm\u00e9norh\u00e9es<\/p>\n<p>Composition:<\/p>\n<ul>\n<li>La Partenelle<\/li>\n<li>La Guarana<\/li>\n<li>La Reine des pr\u00e8s<\/li>\n<\/ul>\n<p>Mode d\u2019action:<br \/>\nU-PRANE g\u00e9lules est une association \u00e9quilibr\u00e9e et synergique d\u2019extraits de plantes qui aide \u00e0 soulager des douleurs articulaire, tendinites, maux de t\u00eate, c\u00e9phal\u00e9es et dysm\u00e9norh\u00e9es<\/p>\n<ul>\n<li>La Partenelle est la plante antimigraineuse par excellence. Elle est aussi antalgique (notamment en cas de dysm\u00e9norrh\u00e9es et anti-inflammatoire. Elle est efficace pour la prise en charge de la migraine aigue, chronique et les auras migraineuses ainsi que le mal de transport.<\/li>\n<li>La Guarana est riche en caf\u00e9ine. La Guarana contribue \u00e0 limiter le stress, diminuer les douleurs musculaires et pr\u00e9venir les crises migraineuses.<\/li>\n<li>La Reine des pr\u00e8s est utilis\u00e9e principalement pour ses propri\u00e9t\u00e9s antalgiques \u00e0 fin de soulager les douleurs, rhumatismes, tendinites, les douleurs dentaires et les maux de la t\u00eate \u00e0 caract\u00e8re passager.<\/li>\n<\/ul>\n<p>Utilisation recommand\u00e9e:<br \/>\nIl est recommand\u00e9 de prendre, U-PRANE g\u00e9lules pour aider \u00e0 soulager les douleurs articulaires , les douleurs rhumatismale, les tendinites, les douleurs dentaires, les c\u00e9phal\u00e9es, les dysm\u00e9norrh\u00e9es, la migraine, la fibromyalgie, les douleurs neurog\u00e8nes et les algies vasculaire de la face.<\/p>\n","protected":false},"excerpt":{"rendered":"<p>U-PRANE g\u00e9lules est une association \u00e9quilibr\u00e9e et synergique d\u2019extraits de plantes qui aide \u00e0 soulager des douleurs articulaire, tendinites, maux de t\u00eate, c\u00e9phal\u00e9es et dysm\u00e9norh\u00e9es<\/p>\n","protected":false},"featured_media":26557,"comment_status":"open","ping_status":"closed","template":"","meta":[],"product_cat":[286],"product_tag":[],"class_list":{"0":"post-21671","1":"product","2":"type-product","3":"status-publish","4":"has-post-thumbnail","6":"product_cat-complement-alimentaire","8":"first","9":"instock","10":"shipping-taxable","11":"purchasable","12":"product-type-simple"},"jetpack_sharing_enabled":true,"_links":{"self":[{"href":"https:\/\/para-pharmacity.tn\/index.php?rest_route=\/wp\/v2\/product\/21671","targetHints":{"allow":["GET"]}}],"collection":[{"href":"https:\/\/para-pharmacity.tn\/index.php?rest_route=\/wp\/v2\/product"}],"about":[{"href":"https:\/\/para-pharmacity.tn\/index.php?rest_route=\/wp\/v2\/types\/product"}],"replies":[{"embeddable":true,"href":"https:\/\/para-pharmacity.tn\/index.php?rest_route=%2Fwp%2Fv2%2Fcomments&post=21671"}],"version-history":[{"count":2,"href":"https:\/\/para-pharmacity.tn\/index.php?rest_route=\/wp\/v2\/product\/21671\/revisions"}],"predecessor-version":[{"id":26558,"href":"https:\/\/para-pharmacity.tn\/index.php?rest_route=\/wp\/v2\/product\/21671\/revisions\/26558"}],"wp:featuredmedia":[{"embeddable":true,"href":"https:\/\/para-pharmacity.tn\/index.php?rest_route=\/wp\/v2\/media\/26557"}],"wp:attachment":[{"href":"https:\/\/para-pharmacity.tn\/index.php?rest_route=%2Fwp%2Fv2%2Fmedia&parent=21671"}],"wp:term":[{"taxonomy":"product_cat","embeddable":true,"href":"https:\/\/para-pharmacity.tn\/index.php?rest_route=%2Fwp%2Fv2%2Fproduct_cat&post=21671"},{"taxonomy":"product_tag","embeddable":true,"href":"https:\/\/para-pharmacity.tn\/index.php?rest_route=%2Fwp%2Fv2%2Fproduct_tag&post=21671"}],"curies":[{"name":"wp","href":"https:\/\/api.w.org\/{rel}","templated":true}]}}