{"id":21620,"date":"2024-07-11T10:23:53","date_gmt":"2024-07-11T10:23:53","guid":{"rendered":"https:\/\/para-pharmacity.tn\/?product=beesline-masque-white-sapphire"},"modified":"2025-05-02T15:34:49","modified_gmt":"2025-05-02T15:34:49","slug":"beesline-masque-white-sapphire","status":"publish","type":"product","link":"https:\/\/para-pharmacity.tn\/?product=beesline-masque-white-sapphire","title":{"rendered":"BEESLINE MASQUE WHITE SAPPHIRE"},"content":{"rendered":"<p class=\"\" data-start=\"317\" data-end=\"1026\">Le <strong data-start=\"320\" data-end=\"354\">BEESLINE MASQUE WHITE SAPPHIRE<\/strong> est un soin visage luxueux formul\u00e9 \u00e0 base de <strong data-start=\"400\" data-end=\"416\">saphir blanc<\/strong>, reconnu pour ses <strong data-start=\"435\" data-end=\"481\">propri\u00e9t\u00e9s \u00e9claircissantes et \u00e9nergisantes<\/strong>. Ce masque agit comme un v\u00e9ritable boost d\u2019\u00e9clat pour la peau en <strong data-start=\"547\" data-end=\"570\">illuminant le teint<\/strong>, <strong data-start=\"572\" data-end=\"603\">unifiant la texture cutan\u00e9e<\/strong> et <strong data-start=\"607\" data-end=\"643\">r\u00e9duisant l\u2019apparence des taches<\/strong> et du teint terne. Enrichi en <strong data-start=\"674\" data-end=\"722\">vitamines, antioxydants et agents hydratants<\/strong>, il offre une <strong data-start=\"737\" data-end=\"760\">hydratation intense<\/strong> tout en <strong data-start=\"769\" data-end=\"802\">revitalisant la peau fatigu\u00e9e<\/strong>. Sa texture douce et rafra\u00eechissante procure une sensation de confort imm\u00e9diat, pour une peau visiblement <strong data-start=\"909\" data-end=\"956\">plus lumineuse, lisse et \u00e9clatante de sant\u00e9<\/strong>. Parfait pour une routine hebdomadaire ou avant un \u00e9v\u00e9nement sp\u00e9cial.<\/p>\n","protected":false},"excerpt":{"rendered":"<p class=\"\" data-start=\"155\" data-end=\"277\">Masque \u00e9clat au saphir blanc, illumine le teint, hydrate intens\u00e9ment et apporte une touche de luxe \u00e0 votre routine beaut\u00e9.<\/p>\n","protected":false},"featured_media":25758,"comment_status":"open","ping_status":"closed","template":"","meta":[],"product_cat":[213],"product_tag":[],"class_list":{"0":"post-21620","1":"product","2":"type-product","3":"status-publish","4":"has-post-thumbnail","6":"product_cat-visage","8":"first","9":"instock","10":"shipping-taxable","11":"purchasable","12":"product-type-simple"},"jetpack_sharing_enabled":true,"_links":{"self":[{"href":"https:\/\/para-pharmacity.tn\/index.php?rest_route=\/wp\/v2\/product\/21620","targetHints":{"allow":["GET"]}}],"collection":[{"href":"https:\/\/para-pharmacity.tn\/index.php?rest_route=\/wp\/v2\/product"}],"about":[{"href":"https:\/\/para-pharmacity.tn\/index.php?rest_route=\/wp\/v2\/types\/product"}],"replies":[{"embeddable":true,"href":"https:\/\/para-pharmacity.tn\/index.php?rest_route=%2Fwp%2Fv2%2Fcomments&post=21620"}],"version-history":[{"count":2,"href":"https:\/\/para-pharmacity.tn\/index.php?rest_route=\/wp\/v2\/product\/21620\/revisions"}],"predecessor-version":[{"id":25759,"href":"https:\/\/para-pharmacity.tn\/index.php?rest_route=\/wp\/v2\/product\/21620\/revisions\/25759"}],"wp:featuredmedia":[{"embeddable":true,"href":"https:\/\/para-pharmacity.tn\/index.php?rest_route=\/wp\/v2\/media\/25758"}],"wp:attachment":[{"href":"https:\/\/para-pharmacity.tn\/index.php?rest_route=%2Fwp%2Fv2%2Fmedia&parent=21620"}],"wp:term":[{"taxonomy":"product_cat","embeddable":true,"href":"https:\/\/para-pharmacity.tn\/index.php?rest_route=%2Fwp%2Fv2%2Fproduct_cat&post=21620"},{"taxonomy":"product_tag","embeddable":true,"href":"https:\/\/para-pharmacity.tn\/index.php?rest_route=%2Fwp%2Fv2%2Fproduct_tag&post=21620"}],"curies":[{"name":"wp","href":"https:\/\/api.w.org\/{rel}","templated":true}]}}