{"id":21619,"date":"2024-07-11T10:23:52","date_gmt":"2024-07-11T10:23:52","guid":{"rendered":"https:\/\/para-pharmacity.tn\/?product=beesline-masque-visage-anti-shine"},"modified":"2025-05-02T15:18:49","modified_gmt":"2025-05-02T15:18:49","slug":"beesline-masque-visage-anti-shine","status":"publish","type":"product","link":"https:\/\/para-pharmacity.tn\/?product=beesline-masque-visage-anti-shine","title":{"rendered":"BEESLINE MASQUE VISAGE ANTI SHINE"},"content":{"rendered":"<p style=\"font-weight: 400\">Pour les peaux grasses et sujettes \u00e0 l\u2019acn\u00e9.<\/p>\n<p style=\"font-weight: 400\"><b><strong>Propri\u00e9t\u00e9s :<\/strong><\/b><\/p>\n<p style=\"font-weight: 400\">Le masque anti-brillance pour le visage Beesline absorbe l&rsquo;exc\u00e8s de s\u00e9bum et les impuret\u00e9s tout en r\u00e9tablissant l&rsquo;\u00e9quilibre de la peau pour un teint instantan\u00e9ment rafra\u00eechi, lisse et sans brillance.<\/p>\n<p style=\"font-weight: 400\"><b><strong>Composition\u00a0:<\/strong><\/b><\/p>\n<p style=\"font-weight: 400\">Argile Kaolin, Glyc\u00e9rine V\u00e9g\u00e9tale, Ma\u00efzena, Zeste de Citron, Huile d&rsquo;Amande Douce, Bambou, Huile de Coco, Huile de Nigelle, Acide Lactique, Huile Essentielle de Menthe Poivr\u00e9e, Thym, Romarin, Sauge, Propolis &amp; Vitamine E.<\/p>\n<p style=\"font-weight: 400\">Sans Parab\u00e8nes, Phtalates, Produits p\u00e9trochimiques et ingr\u00e9dients d&rsquo;origine animale (\u00e0 l&rsquo;exception des sous-produits des abeilles).<\/p>\n","protected":false},"excerpt":{"rendered":"<p>Le masque anti-brillance pour le visage Beesline absorbe l&rsquo;exc\u00e8s de s\u00e9bum et les impuret\u00e9s tout en r\u00e9tablissant l&rsquo;\u00e9quilibre de la peau pour un teint instantan\u00e9ment rafra\u00eechi, lisse et sans brillance.<\/p>\n","protected":false},"featured_media":25753,"comment_status":"open","ping_status":"closed","template":"","meta":[],"product_cat":[213],"product_tag":[],"class_list":{"0":"post-21619","1":"product","2":"type-product","3":"status-publish","4":"has-post-thumbnail","6":"product_cat-visage","8":"first","9":"instock","10":"shipping-taxable","11":"purchasable","12":"product-type-simple"},"jetpack_sharing_enabled":true,"_links":{"self":[{"href":"https:\/\/para-pharmacity.tn\/index.php?rest_route=\/wp\/v2\/product\/21619","targetHints":{"allow":["GET"]}}],"collection":[{"href":"https:\/\/para-pharmacity.tn\/index.php?rest_route=\/wp\/v2\/product"}],"about":[{"href":"https:\/\/para-pharmacity.tn\/index.php?rest_route=\/wp\/v2\/types\/product"}],"replies":[{"embeddable":true,"href":"https:\/\/para-pharmacity.tn\/index.php?rest_route=%2Fwp%2Fv2%2Fcomments&post=21619"}],"version-history":[{"count":2,"href":"https:\/\/para-pharmacity.tn\/index.php?rest_route=\/wp\/v2\/product\/21619\/revisions"}],"predecessor-version":[{"id":25756,"href":"https:\/\/para-pharmacity.tn\/index.php?rest_route=\/wp\/v2\/product\/21619\/revisions\/25756"}],"wp:featuredmedia":[{"embeddable":true,"href":"https:\/\/para-pharmacity.tn\/index.php?rest_route=\/wp\/v2\/media\/25753"}],"wp:attachment":[{"href":"https:\/\/para-pharmacity.tn\/index.php?rest_route=%2Fwp%2Fv2%2Fmedia&parent=21619"}],"wp:term":[{"taxonomy":"product_cat","embeddable":true,"href":"https:\/\/para-pharmacity.tn\/index.php?rest_route=%2Fwp%2Fv2%2Fproduct_cat&post=21619"},{"taxonomy":"product_tag","embeddable":true,"href":"https:\/\/para-pharmacity.tn\/index.php?rest_route=%2Fwp%2Fv2%2Fproduct_tag&post=21619"}],"curies":[{"name":"wp","href":"https:\/\/api.w.org\/{rel}","templated":true}]}}