{"id":21614,"date":"2024-07-11T10:23:50","date_gmt":"2024-07-11T10:23:50","guid":{"rendered":"https:\/\/para-pharmacity.tn\/?product=baby-n-bib-verre-2coul-250ml"},"modified":"2025-04-21T10:29:48","modified_gmt":"2025-04-21T10:29:48","slug":"baby-n-bib-verre-2coul-250ml","status":"publish","type":"product","link":"https:\/\/para-pharmacity.tn\/?product=baby-n-bib-verre-2coul-250ml","title":{"rendered":"BABY N.BIB VERRE 2COUL.250ML"},"content":{"rendered":"<p class=\"\" data-start=\"352\" data-end=\"591\"><span class=\"relative -mx-px my-[-0.2rem] rounded px-px py-[0.2rem] transition-colors duration-100 ease-in-out\">Le <strong data-start=\"3\" data-end=\"46\">biberon en verre 250 ml \u00e0 deux couleurs<\/strong> est id\u00e9al pour les nourrissons d\u00e8s la naissance.<\/span> <span class=\"relative -mx-px my-[-0.2rem] rounded px-px py-[0.2rem] transition-colors duration-100 ease-in-out\">Fabriqu\u00e9 en verre de haute qualit\u00e9, il conserve la temp\u00e9rature du lait plus longtemps et est r\u00e9sistant aux chocs thermiques.<\/span> <span class=\"relative -mx-px my-[-0.2rem] rounded px-px py-[0.2rem] transition-colors duration-100 ease-in-out\">Sa t\u00e9tine en silicone souple imite la forme naturelle du sein, facilitant ainsi la transition entre l&rsquo;allaitement maternel et le biberon.<\/span> <span class=\"relative -mx-px my-[-0.2rem] rounded px-px py-[0.2rem] transition-colors duration-100 ease-in-out\">Le biberon est d\u00e9cor\u00e9 de deux couleurs attrayantes, disponibles en plusieurs combinaisons, pour stimuler visuellement b\u00e9b\u00e9.<\/span> <span class=\"relative -mx-px my-[-0.2rem] rounded px-px py-[0.2rem] transition-colors duration-100 ease-in-out\">Sans BPA, il assure une alimentation saine et s\u00e9curis\u00e9e.<\/span>\u200b<\/p>\n<ul data-start=\"637\" data-end=\"1026\">\n<li class=\"\" data-start=\"637\" data-end=\"693\">\n<p class=\"\" data-start=\"639\" data-end=\"693\"><strong data-start=\"639\" data-end=\"651\">Capacit\u00e9<\/strong> : <span class=\"relative -mx-px my-[-0.2rem] rounded px-px py-[0.2rem] transition-colors duration-100 ease-in-out\">250 ml<\/span><\/p>\n<\/li>\n<li class=\"\" data-start=\"694\" data-end=\"750\">\n<p class=\"\" data-start=\"696\" data-end=\"750\"><strong data-start=\"696\" data-end=\"708\">Mat\u00e9riau<\/strong> : <span class=\"relative -mx-px my-[-0.2rem] rounded px-px py-[0.2rem] transition-colors duration-100 ease-in-out\">Verre r\u00e9sistant aux chocs thermiques<\/span><\/p>\n<\/li>\n<li class=\"\" data-start=\"751\" data-end=\"805\">\n<p class=\"\" data-start=\"753\" data-end=\"805\"><strong data-start=\"753\" data-end=\"763\">T\u00e9tine<\/strong> : <span class=\"relative -mx-px my-[-0.2rem] rounded px-px py-[0.2rem] transition-colors duration-100 ease-in-out\">Silicone souple, forme naturelle<\/span><\/p>\n<\/li>\n<li class=\"\" data-start=\"806\" data-end=\"865\">\n<p class=\"\" data-start=\"808\" data-end=\"865\"><strong data-start=\"808\" data-end=\"823\">D\u00e9corations<\/strong> : <span class=\"relative -mx-px my-[-0.2rem] rounded px-px py-[0.2rem] transition-colors duration-100 ease-in-out\">Deux couleurs attrayantes, plusieurs combinaisons disponibles<\/span><\/p>\n<\/li>\n<li class=\"\" data-start=\"866\" data-end=\"922\">\n<p class=\"\" data-start=\"868\" data-end=\"922\"><strong data-start=\"868\" data-end=\"880\">S\u00e9curit\u00e9<\/strong> : <span class=\"relative -mx-px my-[-0.2rem] rounded px-px py-[0.2rem] transition-colors duration-100 ease-in-out\">Sans BPA, conforme aux normes de s\u00e9curit\u00e9 europ\u00e9ennes<\/span><\/p>\n<\/li>\n<li class=\"\" data-start=\"923\" data-end=\"1026\">\n<p class=\"\" data-start=\"925\" data-end=\"1026\"><strong data-start=\"925\" data-end=\"938\">Entretien<\/strong> : <span class=\"relative -mx-px my-[-0.2rem] rounded px-px py-[0.2rem] transition-colors duration-100 ease-in-out\">Facile \u00e0 nettoyer, compatible avec la st\u00e9rilisation \u00e0 chaud<\/span>\u200b<\/p>\n<\/li>\n<\/ul>\n","protected":false},"excerpt":{"rendered":"<p><span class=\"relative -mx-px my-[-0.2rem] rounded px-px py-[0.2rem] transition-colors duration-100 ease-in-out\">Biberon en verre de 250 ml avec deux couleurs attrayantes.<\/span> <span class=\"relative -mx-px my-[-0.2rem] rounded px-px py-[0.2rem] transition-colors duration-100 ease-in-out\">Con\u00e7u pour les nourrissons, il est \u00e9quip\u00e9 d&rsquo;une t\u00e9tine en silicone souple, sans BPA, et est facile \u00e0 nettoyer.<\/span>\u200b<\/p>\n","protected":false},"featured_media":25382,"comment_status":"open","ping_status":"closed","template":"","meta":[],"product_cat":[20],"product_tag":[],"class_list":{"0":"post-21614","1":"product","2":"type-product","3":"status-publish","4":"has-post-thumbnail","6":"product_cat-accessories","8":"first","9":"instock","10":"shipping-taxable","11":"purchasable","12":"product-type-simple"},"jetpack_sharing_enabled":true,"_links":{"self":[{"href":"https:\/\/para-pharmacity.tn\/index.php?rest_route=\/wp\/v2\/product\/21614","targetHints":{"allow":["GET"]}}],"collection":[{"href":"https:\/\/para-pharmacity.tn\/index.php?rest_route=\/wp\/v2\/product"}],"about":[{"href":"https:\/\/para-pharmacity.tn\/index.php?rest_route=\/wp\/v2\/types\/product"}],"replies":[{"embeddable":true,"href":"https:\/\/para-pharmacity.tn\/index.php?rest_route=%2Fwp%2Fv2%2Fcomments&post=21614"}],"version-history":[{"count":2,"href":"https:\/\/para-pharmacity.tn\/index.php?rest_route=\/wp\/v2\/product\/21614\/revisions"}],"predecessor-version":[{"id":25383,"href":"https:\/\/para-pharmacity.tn\/index.php?rest_route=\/wp\/v2\/product\/21614\/revisions\/25383"}],"wp:featuredmedia":[{"embeddable":true,"href":"https:\/\/para-pharmacity.tn\/index.php?rest_route=\/wp\/v2\/media\/25382"}],"wp:attachment":[{"href":"https:\/\/para-pharmacity.tn\/index.php?rest_route=%2Fwp%2Fv2%2Fmedia&parent=21614"}],"wp:term":[{"taxonomy":"product_cat","embeddable":true,"href":"https:\/\/para-pharmacity.tn\/index.php?rest_route=%2Fwp%2Fv2%2Fproduct_cat&post=21614"},{"taxonomy":"product_tag","embeddable":true,"href":"https:\/\/para-pharmacity.tn\/index.php?rest_route=%2Fwp%2Fv2%2Fproduct_tag&post=21614"}],"curies":[{"name":"wp","href":"https:\/\/api.w.org\/{rel}","templated":true}]}}