{"id":21609,"date":"2024-07-11T10:23:48","date_gmt":"2024-07-11T10:23:48","guid":{"rendered":"https:\/\/para-pharmacity.tn\/?product=anthelios-uvmune-400-teinte-50"},"modified":"2025-04-16T08:44:48","modified_gmt":"2025-04-16T08:44:48","slug":"anthelios-uvmune-400-teinte-50","status":"publish","type":"product","link":"https:\/\/para-pharmacity.tn\/?product=anthelios-uvmune-400-teinte-50","title":{"rendered":"ANTHELIOS UVMUNE 400 TEINTE 50+"},"content":{"rendered":"<p class=\"\" data-start=\"358\" data-end=\"477\"><span class=\"relative -mx-px my-[-0.2rem] rounded px-px py-[0.2rem] transition-colors duration-100 ease-in-out\"><strong data-start=\"0\" data-end=\"45\" data-is-only-node=\"\">Anthelios UVMune 400 Fluide Teint\u00e9 SPF50+<\/strong> est une <strong data-start=\"54\" data-end=\"81\">cr\u00e8me solaire innovante<\/strong> con\u00e7ue pour offrir une <strong data-start=\"105\" data-end=\"128\">protection optimale<\/strong> contre les <strong data-start=\"140\" data-end=\"159\">UVA ultra-longs<\/strong> gr\u00e2ce \u00e0 la technologie exclusive <strong data-start=\"193\" data-end=\"208\">MEXORYL 400<\/strong>.<\/span> <span class=\"relative -mx-px my-[-0.2rem] rounded px-px py-[0.2rem] transition-colors duration-100 ease-in-out\">Enrichi en <strong data-start=\"11\" data-end=\"37\">extrait de Senna Alata<\/strong>, un antioxydant puissant, il aide \u00e0 prot\u00e9ger les cellules de la peau contre les radicaux libres induits par le soleil.<\/span><\/p>\n<p class=\"\" data-start=\"600\" data-end=\"752\"><strong data-start=\"600\" data-end=\"628\">Conseils d&rsquo;utilisation :<\/strong> <span class=\"relative -mx-px my-[-0.2rem] rounded px-px py-[0.2rem] transition-colors duration-100 ease-in-out\">Appliquer g\u00e9n\u00e9reusement sur le visage avant l&rsquo;exposition au soleil.<\/span> <span class=\"relative -mx-px my-[-0.2rem] rounded px-px py-[0.2rem] transition-colors duration-100 ease-in-out\">Renouveler fr\u00e9quemment, surtout apr\u00e8s avoir transpir\u00e9, nag\u00e9 ou s&rsquo;\u00eatre essuy\u00e9.<\/span><\/p>\n","protected":false},"excerpt":{"rendered":"<p>Fluide solaire teint\u00e9 SPF50+ offrant une <strong data-start=\"41\" data-end=\"67\">protection ultra-haute<\/strong> contre les UVA ultra-longs, tout en unifiant le teint et en hydratant la peau.<\/p>\n","protected":false},"featured_media":25209,"comment_status":"open","ping_status":"closed","template":"","meta":[],"product_cat":[227],"product_tag":[],"class_list":{"0":"post-21609","1":"product","2":"type-product","3":"status-publish","4":"has-post-thumbnail","6":"product_cat-ecran","8":"first","9":"instock","10":"shipping-taxable","11":"purchasable","12":"product-type-simple"},"jetpack_sharing_enabled":true,"_links":{"self":[{"href":"https:\/\/para-pharmacity.tn\/index.php?rest_route=\/wp\/v2\/product\/21609","targetHints":{"allow":["GET"]}}],"collection":[{"href":"https:\/\/para-pharmacity.tn\/index.php?rest_route=\/wp\/v2\/product"}],"about":[{"href":"https:\/\/para-pharmacity.tn\/index.php?rest_route=\/wp\/v2\/types\/product"}],"replies":[{"embeddable":true,"href":"https:\/\/para-pharmacity.tn\/index.php?rest_route=%2Fwp%2Fv2%2Fcomments&post=21609"}],"version-history":[{"count":2,"href":"https:\/\/para-pharmacity.tn\/index.php?rest_route=\/wp\/v2\/product\/21609\/revisions"}],"predecessor-version":[{"id":25210,"href":"https:\/\/para-pharmacity.tn\/index.php?rest_route=\/wp\/v2\/product\/21609\/revisions\/25210"}],"wp:featuredmedia":[{"embeddable":true,"href":"https:\/\/para-pharmacity.tn\/index.php?rest_route=\/wp\/v2\/media\/25209"}],"wp:attachment":[{"href":"https:\/\/para-pharmacity.tn\/index.php?rest_route=%2Fwp%2Fv2%2Fmedia&parent=21609"}],"wp:term":[{"taxonomy":"product_cat","embeddable":true,"href":"https:\/\/para-pharmacity.tn\/index.php?rest_route=%2Fwp%2Fv2%2Fproduct_cat&post=21609"},{"taxonomy":"product_tag","embeddable":true,"href":"https:\/\/para-pharmacity.tn\/index.php?rest_route=%2Fwp%2Fv2%2Fproduct_tag&post=21609"}],"curies":[{"name":"wp","href":"https:\/\/api.w.org\/{rel}","templated":true}]}}