{"id":21608,"date":"2024-07-11T10:23:48","date_gmt":"2024-07-11T10:23:48","guid":{"rendered":"https:\/\/para-pharmacity.tn\/?product=almaflore-huile-de-rose-musque-10ml"},"modified":"2025-04-15T14:55:36","modified_gmt":"2025-04-15T14:55:36","slug":"almaflore-huile-de-rose-musque-10ml","status":"publish","type":"product","link":"https:\/\/para-pharmacity.tn\/?product=almaflore-huile-de-rose-musque-10ml","title":{"rendered":"ALMAFLORE HUILE DE ROSE MUSQUE 10ML"},"content":{"rendered":"<p class=\"\" data-start=\"401\" data-end=\"666\">L\u2019huile de rose musqu\u00e9e ALMAFLORE 10 ml est une huile v\u00e9g\u00e9tale 100% pure, extraite des graines de rose musqu\u00e9e. Riche en acides gras essentiels, en vitamines A et C, elle aide \u00e0 r\u00e9g\u00e9n\u00e9rer la peau, \u00e0 att\u00e9nuer les cicatrices et \u00e0 r\u00e9duire les signes de vieillissement.<\/p>\n<p class=\"\" data-start=\"668\" data-end=\"872\">Elle nourrit, hydrate en profondeur et am\u00e9liore l\u2019\u00e9lasticit\u00e9 de la peau. Id\u00e9ale pour les peaux matures, ab\u00eem\u00e9es, ou pr\u00e9sentant des taches brunes, elle offre un teint lumineux et un grain de peau raffermi.<\/p>\n<p class=\"\" data-start=\"874\" data-end=\"959\"><strong data-start=\"874\" data-end=\"889\">Utilisation<\/strong> : Appliquer quelques gouttes sur la peau propre, le matin et\/ou soir.<\/p>\n","protected":false},"excerpt":{"rendered":"<p class=\"\" data-start=\"169\" data-end=\"344\">Huile 100% pure et naturelle, r\u00e9g\u00e9n\u00e9rante et r\u00e9paratrice. Riche en vitamines A et C, elle att\u00e9nue les cicatrices et r\u00e9g\u00e9n\u00e8re la peau. Id\u00e9ale pour les peaux matures ou ab\u00eem\u00e9es.<\/p>\n","protected":false},"featured_media":25140,"comment_status":"open","ping_status":"closed","template":"","meta":[],"product_cat":[211],"product_tag":[],"class_list":{"0":"post-21608","1":"product","2":"type-product","3":"status-publish","4":"has-post-thumbnail","6":"product_cat-cheveux","8":"first","9":"instock","10":"shipping-taxable","11":"purchasable","12":"product-type-simple"},"jetpack_sharing_enabled":true,"_links":{"self":[{"href":"https:\/\/para-pharmacity.tn\/index.php?rest_route=\/wp\/v2\/product\/21608","targetHints":{"allow":["GET"]}}],"collection":[{"href":"https:\/\/para-pharmacity.tn\/index.php?rest_route=\/wp\/v2\/product"}],"about":[{"href":"https:\/\/para-pharmacity.tn\/index.php?rest_route=\/wp\/v2\/types\/product"}],"replies":[{"embeddable":true,"href":"https:\/\/para-pharmacity.tn\/index.php?rest_route=%2Fwp%2Fv2%2Fcomments&post=21608"}],"version-history":[{"count":2,"href":"https:\/\/para-pharmacity.tn\/index.php?rest_route=\/wp\/v2\/product\/21608\/revisions"}],"predecessor-version":[{"id":25141,"href":"https:\/\/para-pharmacity.tn\/index.php?rest_route=\/wp\/v2\/product\/21608\/revisions\/25141"}],"wp:featuredmedia":[{"embeddable":true,"href":"https:\/\/para-pharmacity.tn\/index.php?rest_route=\/wp\/v2\/media\/25140"}],"wp:attachment":[{"href":"https:\/\/para-pharmacity.tn\/index.php?rest_route=%2Fwp%2Fv2%2Fmedia&parent=21608"}],"wp:term":[{"taxonomy":"product_cat","embeddable":true,"href":"https:\/\/para-pharmacity.tn\/index.php?rest_route=%2Fwp%2Fv2%2Fproduct_cat&post=21608"},{"taxonomy":"product_tag","embeddable":true,"href":"https:\/\/para-pharmacity.tn\/index.php?rest_route=%2Fwp%2Fv2%2Fproduct_tag&post=21608"}],"curies":[{"name":"wp","href":"https:\/\/api.w.org\/{rel}","templated":true}]}}