{"id":21606,"date":"2024-07-11T10:23:47","date_gmt":"2024-07-11T10:23:47","guid":{"rendered":"https:\/\/para-pharmacity.tn\/?product=xen-dorzen-bte-30-gel"},"modified":"2025-05-06T09:28:57","modified_gmt":"2025-05-06T09:28:57","slug":"xen-dorzen-bte-30-gel","status":"publish","type":"product","link":"https:\/\/para-pharmacity.tn\/?product=xen-dorzen-bte-30-gel","title":{"rendered":"XEN DORZEN BTE 30 GEL"},"content":{"rendered":"<p>Les troubles du sommeil peuvent \u00eatre tr\u00e8s contraignants et impacter n\u00e9gativement notre quotidien. C&rsquo;est pourquoi les laboratoires XEN ont d\u00e9velopp\u00e9 les g\u00e9lules Dorzen, un compl\u00e9ment alimentaire sp\u00e9cialement con\u00e7u pour favoriser un sommeil r\u00e9parateur et de qualit\u00e9. Gr\u00e2ce \u00e0 sa formule innovante \u00e0 base de plantes et de magn\u00e9sium, les g\u00e9lules Dorzen agissent en profondeur pour r\u00e9guler le cycle du sommeil et favoriser la d\u00e9tente musculaire. En plus de favoriser l&rsquo;endormissement, ce compl\u00e9ment alimentaire aide \u00e9galement \u00e0 limiter les r\u00e9veils nocturnes et \u00e0 am\u00e9liorer la qualit\u00e9 du sommeil. N&rsquo;attendez plus pour retrouver des nuits paisibles et r\u00e9cup\u00e9ratrices avec les g\u00e9lules Dorzen de XEN. Commandez d\u00e8s maintenant sur notre site de parapharmacie.<br \/>\n&#8211; Extrait de val\u00e9riane<br \/>\n&#8211; Extrait de passiflore<br \/>\n&#8211; Extrait de m\u00e9lisse<br \/>\n&#8211; Extrait de pavot de Californie<br \/>\n&#8211; Extrait de houblon<br \/>\n&#8211; Extrait de millepertuis<br \/>\n&#8211; Agent de charge : cellulose microcristalline<br \/>\n&#8211; Anti-agglom\u00e9rants : st\u00e9arate de magn\u00e9sium, dioxyde de silicium<br \/>\n&#8211; Enveloppe de la g\u00e9lule : g\u00e9latine, colorant : oxyde de fer rouge<br \/>\nConseils d&rsquo;utilisation du produit XEN DORZEN 30 GELULES pour les troubles du sommeil :<\/p>\n<p>&#8211; Prendre 1 \u00e0 2 g\u00e9lules par jour, de pr\u00e9f\u00e9rence le soir, avec un verre d&rsquo;eau.<br \/>\n&#8211; Ne pas d\u00e9passer la dose journali\u00e8re recommand\u00e9e.<br \/>\n&#8211; Il est conseill\u00e9 de consulter un professionnel de sant\u00e9 avant de commencer tout traitement, surtout en cas de grossesse, d&rsquo;allaitement ou de traitement m\u00e9dical en cours.<br \/>\n&#8211; Tenir hors de port\u00e9e des enfants.<br \/>\n&#8211; Conserver dans un endroit frais et sec, \u00e0 l&rsquo;abri de la lumi\u00e8re.<\/p>\n<p>En cas de doute ou de question sur l&rsquo;utilisation de ce produit, n&rsquo;h\u00e9sitez pas \u00e0 contacter notre \u00e9quipe de pharmaciens pour obtenir des conseils personnalis\u00e9s.<\/p>\n","protected":false},"excerpt":{"rendered":"<div id=\"product-description-short-284\" class=\"product-description\">\n<p>Xen Dorzen 30 gelules est un compl\u00e9ment alimentaire naturel qui aide \u00e0 lutter contre les troubles du sommeil et favorise un sommeil r\u00e9parateur.<\/p>\n<\/div>\n<div class=\"product-actions\">\n<div class=\"product-variants js-product-variants\"><\/div>\n<section class=\"product-discounts js-product-discounts\"><\/section>\n<div class=\"product-add-to-cart js-product-add-to-cart\">\n<div class=\"product-quantity clearfix\">\n<div class=\"qty\">\n<div class=\"input-group bootstrap-touchspin\"><\/div>\n<\/div>\n<\/div>\n<\/div>\n<\/div>\n","protected":false},"featured_media":25863,"comment_status":"open","ping_status":"closed","template":"","meta":[],"product_cat":[286],"product_tag":[],"class_list":{"0":"post-21606","1":"product","2":"type-product","3":"status-publish","4":"has-post-thumbnail","6":"product_cat-complement-alimentaire","8":"first","9":"instock","10":"shipping-taxable","11":"purchasable","12":"product-type-simple"},"jetpack_sharing_enabled":true,"_links":{"self":[{"href":"https:\/\/para-pharmacity.tn\/index.php?rest_route=\/wp\/v2\/product\/21606","targetHints":{"allow":["GET"]}}],"collection":[{"href":"https:\/\/para-pharmacity.tn\/index.php?rest_route=\/wp\/v2\/product"}],"about":[{"href":"https:\/\/para-pharmacity.tn\/index.php?rest_route=\/wp\/v2\/types\/product"}],"replies":[{"embeddable":true,"href":"https:\/\/para-pharmacity.tn\/index.php?rest_route=%2Fwp%2Fv2%2Fcomments&post=21606"}],"version-history":[{"count":2,"href":"https:\/\/para-pharmacity.tn\/index.php?rest_route=\/wp\/v2\/product\/21606\/revisions"}],"predecessor-version":[{"id":25864,"href":"https:\/\/para-pharmacity.tn\/index.php?rest_route=\/wp\/v2\/product\/21606\/revisions\/25864"}],"wp:featuredmedia":[{"embeddable":true,"href":"https:\/\/para-pharmacity.tn\/index.php?rest_route=\/wp\/v2\/media\/25863"}],"wp:attachment":[{"href":"https:\/\/para-pharmacity.tn\/index.php?rest_route=%2Fwp%2Fv2%2Fmedia&parent=21606"}],"wp:term":[{"taxonomy":"product_cat","embeddable":true,"href":"https:\/\/para-pharmacity.tn\/index.php?rest_route=%2Fwp%2Fv2%2Fproduct_cat&post=21606"},{"taxonomy":"product_tag","embeddable":true,"href":"https:\/\/para-pharmacity.tn\/index.php?rest_route=%2Fwp%2Fv2%2Fproduct_tag&post=21606"}],"curies":[{"name":"wp","href":"https:\/\/api.w.org\/{rel}","templated":true}]}}