{"id":21604,"date":"2024-07-11T10:23:46","date_gmt":"2024-07-11T10:23:46","guid":{"rendered":"https:\/\/para-pharmacity.tn\/?product=vital-phytocalm-b-30-gelules"},"modified":"2025-05-14T16:03:37","modified_gmt":"2025-05-14T16:03:37","slug":"vital-phytocalm-b-30-gelules","status":"publish","type":"product","link":"https:\/\/para-pharmacity.tn\/?product=vital-phytocalm-b-30-gelules","title":{"rendered":"VITAL PHYTOCALM B\/30 GELULES"},"content":{"rendered":"<p>Le Anxi\u00e9t\u00e9 Vital PHYTOCALM est un compl\u00e9ment alimentaire sp\u00e9cialement formul\u00e9 pour aider \u00e0 r\u00e9duire les sympt\u00f4mes de l&rsquo;anxi\u00e9t\u00e9 et du stress. Compos\u00e9 d&rsquo;ingr\u00e9dients naturels, ce produit est une solution efficace pour retrouver calme et s\u00e9r\u00e9nit\u00e9 au quotidien. Les 30 g\u00e9lules de PHYTOCALM renferment une combinaison unique de plantes aux propri\u00e9t\u00e9s apaisantes, telles que la camomille, la val\u00e9riane et la passiflore, qui agissent en synergie pour favoriser la relaxation et l&rsquo;\u00e9quilibre \u00e9motionnel. Facile \u00e0 prendre, ce compl\u00e9ment alimentaire est id\u00e9al pour accompagnement d&rsquo;une d\u00e9marche de gestion du stress et de l&rsquo;anxi\u00e9t\u00e9. N&rsquo;h\u00e9sitez pas \u00e0 essayer le Anxi\u00e9t\u00e9 Vital PHYTOCALM pour retrouver une sensation de bien-\u00eatre et de tranquillit\u00e9.<br \/>\n&#8211; Passiflore<br \/>\n&#8211; M\u00e9lisse<br \/>\n&#8211; Rhodiola<br \/>\n&#8211; Vitamine B6<br \/>\n&#8211; Magn\u00e9sium<br \/>\n&#8211; Antiagglom\u00e9rants<br \/>\n&#8211; G\u00e9lule v\u00e9g\u00e9tale<\/p>\n<p>Ce produit de Anxi\u00e9t\u00e9 Vital PHYTOCALM 30 Gelules est compos\u00e9 d&rsquo;ingr\u00e9dients naturels et soigneusement s\u00e9lectionn\u00e9s pour aider \u00e0 r\u00e9duire les sympt\u00f4mes li\u00e9s \u00e0 l&rsquo;anxi\u00e9t\u00e9 et favoriser une meilleure relaxation.<br \/>\nConseils d&rsquo;utilisation du produit de Anxi\u00e9t\u00e9 Vital PHYTOCALM 30 Gelules :<\/p>\n<p>&#8211; Prendre 1 \u00e0 2 g\u00e9lules par jour, de pr\u00e9f\u00e9rence le matin au petit-d\u00e9jeuner avec un grand verre d&rsquo;eau.<br \/>\n&#8211; Il est recommand\u00e9 de respecter la posologie indiqu\u00e9e sur l&#8217;emballage.<br \/>\n&#8211; Ce compl\u00e9ment alimentaire peut \u00eatre pris en cure ponctuelle ou prolong\u00e9e, selon les besoins.<br \/>\n&#8211; Il est conseill\u00e9 de consulter un professionnel de sant\u00e9 en cas de traitement m\u00e9dical en cours ou de doute sur l&rsquo;utilisation du produit.<br \/>\n&#8211; Tenir hors de port\u00e9e des enfants et conserver dans un endroit frais et sec.<\/p>\n<p>Pour plus d&rsquo;informations sur ce produit ou pour des conseils personnalis\u00e9s, n&rsquo;h\u00e9sitez pas \u00e0 contacter notre \u00e9quipe de pharmaciens experts en ligne.<\/p>\n","protected":false},"excerpt":{"rendered":"<div id=\"product-description-short-1404\" class=\"product-description\">\n<p>Phytocalm\u00a0 agit gr\u00e2ce \u00e0 une synergie entre les trois plantes s\u00e9datives la m\u00e9lisse,\u00a0 val\u00e9riane et\u00a0 la Passiflore qui agissent sur la facilit\u00e9 de trouver le calme et l\u2019endormissement.<\/p>\n<\/div>\n","protected":false},"featured_media":26118,"comment_status":"open","ping_status":"closed","template":"","meta":[],"product_cat":[286],"product_tag":[],"class_list":{"0":"post-21604","1":"product","2":"type-product","3":"status-publish","4":"has-post-thumbnail","6":"product_cat-complement-alimentaire","8":"first","9":"instock","10":"shipping-taxable","11":"purchasable","12":"product-type-simple"},"jetpack_sharing_enabled":true,"_links":{"self":[{"href":"https:\/\/para-pharmacity.tn\/index.php?rest_route=\/wp\/v2\/product\/21604","targetHints":{"allow":["GET"]}}],"collection":[{"href":"https:\/\/para-pharmacity.tn\/index.php?rest_route=\/wp\/v2\/product"}],"about":[{"href":"https:\/\/para-pharmacity.tn\/index.php?rest_route=\/wp\/v2\/types\/product"}],"replies":[{"embeddable":true,"href":"https:\/\/para-pharmacity.tn\/index.php?rest_route=%2Fwp%2Fv2%2Fcomments&post=21604"}],"version-history":[{"count":2,"href":"https:\/\/para-pharmacity.tn\/index.php?rest_route=\/wp\/v2\/product\/21604\/revisions"}],"predecessor-version":[{"id":26119,"href":"https:\/\/para-pharmacity.tn\/index.php?rest_route=\/wp\/v2\/product\/21604\/revisions\/26119"}],"wp:featuredmedia":[{"embeddable":true,"href":"https:\/\/para-pharmacity.tn\/index.php?rest_route=\/wp\/v2\/media\/26118"}],"wp:attachment":[{"href":"https:\/\/para-pharmacity.tn\/index.php?rest_route=%2Fwp%2Fv2%2Fmedia&parent=21604"}],"wp:term":[{"taxonomy":"product_cat","embeddable":true,"href":"https:\/\/para-pharmacity.tn\/index.php?rest_route=%2Fwp%2Fv2%2Fproduct_cat&post=21604"},{"taxonomy":"product_tag","embeddable":true,"href":"https:\/\/para-pharmacity.tn\/index.php?rest_route=%2Fwp%2Fv2%2Fproduct_tag&post=21604"}],"curies":[{"name":"wp","href":"https:\/\/api.w.org\/{rel}","templated":true}]}}