{"id":21603,"date":"2024-07-11T10:23:46","date_gmt":"2024-07-11T10:23:46","guid":{"rendered":"https:\/\/para-pharmacity.tn\/?product=vital-dymea-creme-confort-menstruel"},"modified":"2025-05-22T15:23:48","modified_gmt":"2025-05-22T15:23:48","slug":"vital-dymea-creme-confort-menstruel","status":"publish","type":"product","link":"https:\/\/para-pharmacity.tn\/?product=vital-dymea-creme-confort-menstruel","title":{"rendered":"VITAL DYMEA CREME CONFORT MENSTRUEL"},"content":{"rendered":"<h3><strong>Dymea Vital Confort Menstruel \u2013 Votre alli\u00e9 bien-\u00eatre pendant les r\u00e8gles<\/strong><\/h3>\n<p>Dymea Vital Confort Menstruel est une solution naturelle pens\u00e9e pour accompagner les femmes tout au long de leur cycle. \u00c9labor\u00e9 avec des ingr\u00e9dients soigneusement s\u00e9lectionn\u00e9s, ce produit vise \u00e0 soulager les inconforts li\u00e9s aux menstruations tels que les crampes, les ballonnements ou les sautes d\u2019humeur. Gr\u00e2ce \u00e0 son action apaisante, il favorise une sensation de bien-\u00eatre g\u00e9n\u00e9ral, pour vivre cette p\u00e9riode du mois avec plus de s\u00e9r\u00e9nit\u00e9.<\/p>\n<p><strong>Les plus du produit :<\/strong><br \/>\n\u2714 Soulagement naturel des douleurs menstruelles<br \/>\n\u2714 Favorise la d\u00e9tente et le confort<br \/>\n\u2714 \u00c9labor\u00e9 pour respecter l\u2019\u00e9quilibre f\u00e9minin<\/p>\n<p>Offrez \u00e0 votre corps l\u2019attention qu\u2019il m\u00e9rite avec Dymea Vital Confort Menstruel \u2013 parce que chaque cycle compte.<\/p>\n","protected":false},"excerpt":{"rendered":"<p>Dymea Vital Confort Menstruel est une solution d\u00e9di\u00e9e au bien-\u00eatre des femmes pendant leur cycle menstruel.<\/p>\n","protected":false},"featured_media":26294,"comment_status":"open","ping_status":"closed","template":"","meta":[],"product_cat":[230],"product_tag":[],"class_list":{"0":"post-21603","1":"product","2":"type-product","3":"status-publish","4":"has-post-thumbnail","6":"product_cat-hygiene","8":"first","9":"instock","10":"shipping-taxable","11":"purchasable","12":"product-type-simple"},"jetpack_sharing_enabled":true,"_links":{"self":[{"href":"https:\/\/para-pharmacity.tn\/index.php?rest_route=\/wp\/v2\/product\/21603","targetHints":{"allow":["GET"]}}],"collection":[{"href":"https:\/\/para-pharmacity.tn\/index.php?rest_route=\/wp\/v2\/product"}],"about":[{"href":"https:\/\/para-pharmacity.tn\/index.php?rest_route=\/wp\/v2\/types\/product"}],"replies":[{"embeddable":true,"href":"https:\/\/para-pharmacity.tn\/index.php?rest_route=%2Fwp%2Fv2%2Fcomments&post=21603"}],"version-history":[{"count":2,"href":"https:\/\/para-pharmacity.tn\/index.php?rest_route=\/wp\/v2\/product\/21603\/revisions"}],"predecessor-version":[{"id":26295,"href":"https:\/\/para-pharmacity.tn\/index.php?rest_route=\/wp\/v2\/product\/21603\/revisions\/26295"}],"wp:featuredmedia":[{"embeddable":true,"href":"https:\/\/para-pharmacity.tn\/index.php?rest_route=\/wp\/v2\/media\/26294"}],"wp:attachment":[{"href":"https:\/\/para-pharmacity.tn\/index.php?rest_route=%2Fwp%2Fv2%2Fmedia&parent=21603"}],"wp:term":[{"taxonomy":"product_cat","embeddable":true,"href":"https:\/\/para-pharmacity.tn\/index.php?rest_route=%2Fwp%2Fv2%2Fproduct_cat&post=21603"},{"taxonomy":"product_tag","embeddable":true,"href":"https:\/\/para-pharmacity.tn\/index.php?rest_route=%2Fwp%2Fv2%2Fproduct_tag&post=21603"}],"curies":[{"name":"wp","href":"https:\/\/api.w.org\/{rel}","templated":true}]}}