{"id":21597,"date":"2024-07-11T10:23:42","date_gmt":"2024-07-11T10:23:42","guid":{"rendered":"https:\/\/para-pharmacity.tn\/?product=therapia-endur-max"},"modified":"2025-06-13T12:59:41","modified_gmt":"2025-06-13T12:59:41","slug":"therapia-endur-max","status":"publish","type":"product","link":"https:\/\/para-pharmacity.tn\/?product=therapia-endur-max","title":{"rendered":"THERAPIA ENDUR MAX"},"content":{"rendered":"<h1>Therapia endur\u2019max Boite 60 G<\/h1>\n<p>\u2022 Stimule la libido et favorise le contr\u00f4le de soi afin de retarder l\u2019orgasme chez l\u2019homme.<br \/>\n\u2022 Traite la dysfonction \u00e9rectile.<br \/>\n\u2022 Am\u00e9liore les performances physiques.<\/p>\n<h3><strong>PROPRI\u00c9T\u00c9S ET MODE D\u2019ACTION<\/strong><\/h3>\n<p>Sa nouvelle composition est encore plus riche en plantes d\u2019endurance physique et psychologique ainsi qu\u2019un acide amin\u00e9 essentiel<br \/>\n<strong>\u2022 Mucuna pruriens :<\/strong>\u00a0est utilis\u00e9 dans la m\u00e9decine ayurv\u00e9dique qui lui pr\u00eate de nombreux bienfaits. Il a des principes actifs int\u00e9ressants dont la nicotine, la s\u00e9rotonine et surtout la l-dopa (ou l-dihydroxyph\u00e9nylalanine) qui est le principal pr\u00e9curseur du neurotransmetteur dopamine,\u00a0 utilis\u00e9 dans la lutte contre la maladie de Parkinson et la d\u00e9pression. Il soigne les troubles de l\u2019\u00e9rection et stimule la libido.<br \/>\n<strong>\u2022 Maca :<\/strong>\u00a0am\u00e9liore la qualit\u00e9 et la quantit\u00e9 du sperme, et serait un aphrodisiaque puissant.<br \/>\n<strong>\u2022 Houblon :<\/strong>\u00a0anxiolytique v\u00e9g\u00e9tal, r\u00e9gulant l\u2019excitation sexuelle, ses propri\u00e9t\u00e9s anaphrodisiaques favorisent le contr\u00f4le de soi afin de retarder l\u2019orgasme pour des performances accentu\u00e9es et un profond plaisir r\u00e9ciproque.<br \/>\n<strong>\u2022 L-arginine :<\/strong>\u00a0Traite la dysfonction \u00e9rectile. Am\u00e9liore les performances physiques.<\/p>\n<h3><strong>COMPOSITION<\/strong><\/h3>\n<div class=\"row price_table_holder col_2\">\n<div class=\"price_column \">\n<ul>\n<li class=\"price_column_title\">Composants<\/li>\n<li class=\"price_desc\">L-arginine<\/li>\n<li class=\"price_desc\">Mucuna pruriens<\/li>\n<li class=\"price_desc\">Maca<\/li>\n<li class=\"price_desc\">Gluconate de Zinc<\/li>\n<li class=\"price_desc\">Magn\u00e9sium marin<\/li>\n<li class=\"price_desc\">Tirbulus<\/li>\n<\/ul>\n<\/div>\n<div class=\"price_column \">\n<ul>\n<li class=\"price_column_title\">Dosage<\/li>\n<li class=\"price_desc\">100 mg<\/li>\n<li class=\"price_desc\">QS pour un poids net de 400 mg\/ g\u00e9lule<\/li>\n<\/ul>\n<\/div>\n<\/div>\n<h3><strong>CONSEILS D\u2019UTILISATION<\/strong><\/h3>\n<p>\u2022 Une g\u00e9lule 2 fois par jour.<br \/>\n\u2022 En cas de besoin prendre une g\u00e9lule 1 \u00e0 2 heures avant l\u2019acte.<\/p>\n<h3><strong>PR\u00c9CAUTIONS\u00a0D\u2019EMPLOI<\/strong><\/h3>\n<p>\u2013 R\u00e9serv\u00e9 \u00e0 l\u2019adulte.<br \/>\n\u2013 Ne pas d\u00e9passer la posologie recommand\u00e9e.<br \/>\n\u2013 Les personnes pr\u00e9sentant une allergie \u00e0 l\u2019un des composants.<br \/>\n\u2013 Les personnes sous traitement de d\u00e9riv\u00e9s nitr\u00e9s vu la pr\u00e9sence de la L-Arginine.<br \/>\n\u2013 Signaler syst\u00e9matiquement tout autre traitement en cours \u00e0 votre m\u00e9decin.<\/p>\n","protected":false},"excerpt":{"rendered":"<p><strong data-start=\"0\" data-end=\"21\" data-is-only-node=\"\">THERAPIA ENDURMAX<\/strong> aide \u00e0 retarder l\u2019\u00e9jaculation, traite la dysfonction \u00e9rectile et booste la libido ainsi que les performances physiques.<\/p>\n","protected":false},"featured_media":26779,"comment_status":"open","ping_status":"closed","template":"","meta":[],"product_cat":[204,217],"product_tag":[],"class_list":{"0":"post-21597","1":"product","2":"type-product","3":"status-publish","4":"has-post-thumbnail","6":"product_cat-complement","7":"product_cat-vitamines","9":"first","10":"instock","11":"shipping-taxable","12":"purchasable","13":"product-type-simple"},"jetpack_sharing_enabled":true,"_links":{"self":[{"href":"https:\/\/para-pharmacity.tn\/index.php?rest_route=\/wp\/v2\/product\/21597","targetHints":{"allow":["GET"]}}],"collection":[{"href":"https:\/\/para-pharmacity.tn\/index.php?rest_route=\/wp\/v2\/product"}],"about":[{"href":"https:\/\/para-pharmacity.tn\/index.php?rest_route=\/wp\/v2\/types\/product"}],"replies":[{"embeddable":true,"href":"https:\/\/para-pharmacity.tn\/index.php?rest_route=%2Fwp%2Fv2%2Fcomments&post=21597"}],"version-history":[{"count":2,"href":"https:\/\/para-pharmacity.tn\/index.php?rest_route=\/wp\/v2\/product\/21597\/revisions"}],"predecessor-version":[{"id":26780,"href":"https:\/\/para-pharmacity.tn\/index.php?rest_route=\/wp\/v2\/product\/21597\/revisions\/26780"}],"wp:featuredmedia":[{"embeddable":true,"href":"https:\/\/para-pharmacity.tn\/index.php?rest_route=\/wp\/v2\/media\/26779"}],"wp:attachment":[{"href":"https:\/\/para-pharmacity.tn\/index.php?rest_route=%2Fwp%2Fv2%2Fmedia&parent=21597"}],"wp:term":[{"taxonomy":"product_cat","embeddable":true,"href":"https:\/\/para-pharmacity.tn\/index.php?rest_route=%2Fwp%2Fv2%2Fproduct_cat&post=21597"},{"taxonomy":"product_tag","embeddable":true,"href":"https:\/\/para-pharmacity.tn\/index.php?rest_route=%2Fwp%2Fv2%2Fproduct_tag&post=21597"}],"curies":[{"name":"wp","href":"https:\/\/api.w.org\/{rel}","templated":true}]}}