{"id":21596,"date":"2024-07-11T10:23:41","date_gmt":"2024-07-11T10:23:41","guid":{"rendered":"https:\/\/para-pharmacity.tn\/?product=sweety-talc-130g"},"modified":"2025-06-16T13:37:47","modified_gmt":"2025-06-16T13:37:47","slug":"sweety-talc-130g","status":"publish","type":"product","link":"https:\/\/para-pharmacity.tn\/?product=sweety-talc-130g","title":{"rendered":"SWEETY TALC 130G"},"content":{"rendered":"<p>Sa formule riche permet l\u2019hydratation naturelle de la peau, sans obstruer les pores.<\/p>\n<p>Soin quotidien des peaux sensibles et d\u00e9licates de votre b\u00e9b\u00e9\u00a0Grace \u00e0 l\u2019action absorbant le talc rafra\u00eechit et prot\u00e8ge la peau des b\u00e9b\u00e9s, ce qui en fait agr\u00e9ablement doux et sec.<\/p>\n<p>Hygi\u00e8ne et soin des peaux sensibles et irrit\u00e9s<\/p>\n<p><strong>Composition:<\/strong><\/p>\n<p>Formule riche en calendula<\/p>\n<p>Hypoallerg\u00e9nique<\/p>\n<p>0% paraben et conservateur<\/p>\n","protected":false},"excerpt":{"rendered":"<p>Soin quotidien des peaux sensibles et d\u00e9licates de votre b\u00e9b\u00e9\u00a0Grace \u00e0 l\u2019action absorbant le talc rafra\u00eechit et prot\u00e8ge la peau des b\u00e9b\u00e9s, ce qui en fait agr\u00e9ablement doux et sec.<\/p>\n","protected":false},"featured_media":26838,"comment_status":"open","ping_status":"closed","template":"","meta":[],"product_cat":[243],"product_tag":[],"class_list":{"0":"post-21596","1":"product","2":"type-product","3":"status-publish","4":"has-post-thumbnail","6":"product_cat-bebe-et-maman","8":"first","9":"instock","10":"shipping-taxable","11":"purchasable","12":"product-type-simple"},"jetpack_sharing_enabled":true,"_links":{"self":[{"href":"https:\/\/para-pharmacity.tn\/index.php?rest_route=\/wp\/v2\/product\/21596","targetHints":{"allow":["GET"]}}],"collection":[{"href":"https:\/\/para-pharmacity.tn\/index.php?rest_route=\/wp\/v2\/product"}],"about":[{"href":"https:\/\/para-pharmacity.tn\/index.php?rest_route=\/wp\/v2\/types\/product"}],"replies":[{"embeddable":true,"href":"https:\/\/para-pharmacity.tn\/index.php?rest_route=%2Fwp%2Fv2%2Fcomments&post=21596"}],"version-history":[{"count":2,"href":"https:\/\/para-pharmacity.tn\/index.php?rest_route=\/wp\/v2\/product\/21596\/revisions"}],"predecessor-version":[{"id":26837,"href":"https:\/\/para-pharmacity.tn\/index.php?rest_route=\/wp\/v2\/product\/21596\/revisions\/26837"}],"wp:featuredmedia":[{"embeddable":true,"href":"https:\/\/para-pharmacity.tn\/index.php?rest_route=\/wp\/v2\/media\/26838"}],"wp:attachment":[{"href":"https:\/\/para-pharmacity.tn\/index.php?rest_route=%2Fwp%2Fv2%2Fmedia&parent=21596"}],"wp:term":[{"taxonomy":"product_cat","embeddable":true,"href":"https:\/\/para-pharmacity.tn\/index.php?rest_route=%2Fwp%2Fv2%2Fproduct_cat&post=21596"},{"taxonomy":"product_tag","embeddable":true,"href":"https:\/\/para-pharmacity.tn\/index.php?rest_route=%2Fwp%2Fv2%2Fproduct_tag&post=21596"}],"curies":[{"name":"wp","href":"https:\/\/api.w.org\/{rel}","templated":true}]}}