{"id":21545,"date":"2024-07-11T10:23:19","date_gmt":"2024-07-11T10:23:19","guid":{"rendered":"https:\/\/para-pharmacity.tn\/?product=beesline-instant-bright-eau-mic-400ml"},"modified":"2025-05-02T13:19:13","modified_gmt":"2025-05-02T13:19:13","slug":"beesline-instant-bright-eau-mic-400ml","status":"publish","type":"product","link":"https:\/\/para-pharmacity.tn\/?product=beesline-instant-bright-eau-mic-400ml","title":{"rendered":"BEESLINE INSTANT BRIGHT EAU MIC 400ML"},"content":{"rendered":"<p><strong data-start=\"326\" data-end=\"368\">BEESLINE INSTANT BRIGHT EAU MICELLAIRE<\/strong> (400 ml) est un nettoyant visage \u00e9claircissant haute tol\u00e9rance qui <strong data-start=\"436\" data-end=\"500\">\u00e9limine efficacement maquillage, impuret\u00e9s et exc\u00e8s de s\u00e9bum<\/strong> tout en <strong data-start=\"509\" data-end=\"544\">illuminant et unifiant le teint<\/strong>. Formul\u00e9e avec des <strong data-start=\"564\" data-end=\"589\">micelles ultra-douces<\/strong>, de la <strong data-start=\"597\" data-end=\"611\">vitamine C<\/strong>, et des <strong data-start=\"620\" data-end=\"658\">extraits botaniques \u00e9claircissants<\/strong>, elle respecte le pH naturel de la peau et convient m\u00eame aux peaux sensibles. Sans rin\u00e7age, sans alcool et sans parfum agressif, elle laisse la peau propre, fra\u00eeche, douce et visiblement plus \u00e9clatante. Parfait pour une utilisation matin et soir, en un seul geste simple et rapide.<\/p>\n","protected":false},"excerpt":{"rendered":"<p class=\"\" data-start=\"166\" data-end=\"289\">Eau micellaire \u00e9claircissante 3 en 1, nettoie, d\u00e9maquille et illumine en douceur tout en respectant l\u2019\u00e9quilibre de la peau.<\/p>\n","protected":false},"featured_media":25700,"comment_status":"open","ping_status":"closed","template":"","meta":[],"product_cat":[213],"product_tag":[],"class_list":{"0":"post-21545","1":"product","2":"type-product","3":"status-publish","4":"has-post-thumbnail","6":"product_cat-visage","8":"first","9":"instock","10":"shipping-taxable","11":"purchasable","12":"product-type-simple"},"jetpack_sharing_enabled":true,"_links":{"self":[{"href":"https:\/\/para-pharmacity.tn\/index.php?rest_route=\/wp\/v2\/product\/21545","targetHints":{"allow":["GET"]}}],"collection":[{"href":"https:\/\/para-pharmacity.tn\/index.php?rest_route=\/wp\/v2\/product"}],"about":[{"href":"https:\/\/para-pharmacity.tn\/index.php?rest_route=\/wp\/v2\/types\/product"}],"replies":[{"embeddable":true,"href":"https:\/\/para-pharmacity.tn\/index.php?rest_route=%2Fwp%2Fv2%2Fcomments&post=21545"}],"version-history":[{"count":2,"href":"https:\/\/para-pharmacity.tn\/index.php?rest_route=\/wp\/v2\/product\/21545\/revisions"}],"predecessor-version":[{"id":25702,"href":"https:\/\/para-pharmacity.tn\/index.php?rest_route=\/wp\/v2\/product\/21545\/revisions\/25702"}],"wp:featuredmedia":[{"embeddable":true,"href":"https:\/\/para-pharmacity.tn\/index.php?rest_route=\/wp\/v2\/media\/25700"}],"wp:attachment":[{"href":"https:\/\/para-pharmacity.tn\/index.php?rest_route=%2Fwp%2Fv2%2Fmedia&parent=21545"}],"wp:term":[{"taxonomy":"product_cat","embeddable":true,"href":"https:\/\/para-pharmacity.tn\/index.php?rest_route=%2Fwp%2Fv2%2Fproduct_cat&post=21545"},{"taxonomy":"product_tag","embeddable":true,"href":"https:\/\/para-pharmacity.tn\/index.php?rest_route=%2Fwp%2Fv2%2Fproduct_tag&post=21545"}],"curies":[{"name":"wp","href":"https:\/\/api.w.org\/{rel}","templated":true}]}}