{"id":21540,"date":"2024-07-11T10:23:15","date_gmt":"2024-07-11T10:23:15","guid":{"rendered":"https:\/\/para-pharmacity.tn\/?product=bambini-kit-repas-5-pieces-481"},"modified":"2025-04-21T15:16:33","modified_gmt":"2025-04-21T15:16:33","slug":"bambini-kit-repas-5-pieces-481","status":"publish","type":"product","link":"https:\/\/para-pharmacity.tn\/?product=bambini-kit-repas-5-pieces-481","title":{"rendered":"BAMBINI KIT REPAS 5 PIECES 481"},"content":{"rendered":"<p class=\"\" data-start=\"323\" data-end=\"663\">Le <strong data-start=\"326\" data-end=\"367\">BAMBINI Kit Repas 5 Pi\u00e8ces (R\u00e9f. 481)<\/strong> est une solution pratique et \u00e9cologique pour les repas de votre b\u00e9b\u00e9. Fabriqu\u00e9 \u00e0 partir de fibres de bambou et de ma\u00efs, des mat\u00e9riaux renouvelables et biod\u00e9gradables, ce kit est exempt de substances nocives, assurant ainsi la s\u00e9curit\u00e9 de votre enfant.\u200b<\/p>\n<p class=\"\" data-start=\"665\" data-end=\"682\">Le kit comprend :<\/p>\n<ul data-start=\"683\" data-end=\"947\">\n<li class=\"\" data-start=\"683\" data-end=\"745\">\n<p class=\"\" data-start=\"685\" data-end=\"745\">Une assiette \u00e0 deux compartiments pour s\u00e9parer les aliments.<\/p>\n<\/li>\n<li class=\"\" data-start=\"746\" data-end=\"785\">\n<p class=\"\" data-start=\"748\" data-end=\"785\">Un bol adapt\u00e9 aux pur\u00e9es et c\u00e9r\u00e9ales.<\/p>\n<\/li>\n<li class=\"\" data-start=\"786\" data-end=\"816\">\n<p class=\"\" data-start=\"788\" data-end=\"816\">Une tasse pour les boissons.<\/p>\n<\/li>\n<li class=\"\" data-start=\"817\" data-end=\"947\">\n<p class=\"\" data-start=\"819\" data-end=\"947\">Une cuill\u00e8re et une fourchette ergonomiques, faciles \u00e0 manier par les petites mains.\u200b<\/p>\n<\/li>\n<\/ul>\n<p class=\"\" data-start=\"949\" data-end=\"1110\"><span class=\"relative -mx-px my-[-0.2rem] rounded px-px py-[0.2rem] transition-colors duration-100 ease-in-out\">Con\u00e7u pour les b\u00e9b\u00e9s d\u00e8s 6 mois, ce kit est adapt\u00e9 aux repas chauds et froids.<\/span> <span class=\"relative -mx-px my-[-0.2rem] rounded px-px py-[0.2rem] transition-colors duration-100 ease-in-out\">Il est recommand\u00e9 de ne pas l&rsquo;utiliser au micro-ondes pour pr\u00e9server la qualit\u00e9 des mat\u00e9riaux.<\/span><\/p>\n","protected":false},"excerpt":{"rendered":"<p><span class=\"relative -mx-px my-[-0.2rem] rounded px-px py-[0.2rem] transition-colors duration-100 ease-in-out\">Le kit repas BAMBINI 5 pi\u00e8ces est con\u00e7u pour accompagner les repas de b\u00e9b\u00e9 d\u00e8s 6 mois.<\/span> <span class=\"relative -mx-px my-[-0.2rem] rounded px-px py-[0.2rem] bg-[#FCECC1] dark:bg-[#64572A] transition-colors duration-100 ease-in-out\">Fabriqu\u00e9 \u00e0 partir de fibres naturelles de bambou et de ma\u00efs, il est sans substances nocives et adapt\u00e9 aux repas chauds et froids.<\/span> <span class=\"relative -mx-px my-[-0.2rem] rounded px-px py-[0.2rem] transition-colors duration-100 ease-in-out\">Le kit comprend une assiette compartiment\u00e9e, un bol, une tasse, une cuill\u00e8re et une fourchette.<\/span>\u200b<\/p>\n","protected":false},"featured_media":25491,"comment_status":"open","ping_status":"closed","template":"","meta":[],"product_cat":[243],"product_tag":[],"class_list":{"0":"post-21540","1":"product","2":"type-product","3":"status-publish","4":"has-post-thumbnail","6":"product_cat-bebe-et-maman","8":"first","9":"instock","10":"shipping-taxable","11":"purchasable","12":"product-type-simple"},"jetpack_sharing_enabled":true,"_links":{"self":[{"href":"https:\/\/para-pharmacity.tn\/index.php?rest_route=\/wp\/v2\/product\/21540","targetHints":{"allow":["GET"]}}],"collection":[{"href":"https:\/\/para-pharmacity.tn\/index.php?rest_route=\/wp\/v2\/product"}],"about":[{"href":"https:\/\/para-pharmacity.tn\/index.php?rest_route=\/wp\/v2\/types\/product"}],"replies":[{"embeddable":true,"href":"https:\/\/para-pharmacity.tn\/index.php?rest_route=%2Fwp%2Fv2%2Fcomments&post=21540"}],"version-history":[{"count":2,"href":"https:\/\/para-pharmacity.tn\/index.php?rest_route=\/wp\/v2\/product\/21540\/revisions"}],"predecessor-version":[{"id":25492,"href":"https:\/\/para-pharmacity.tn\/index.php?rest_route=\/wp\/v2\/product\/21540\/revisions\/25492"}],"wp:featuredmedia":[{"embeddable":true,"href":"https:\/\/para-pharmacity.tn\/index.php?rest_route=\/wp\/v2\/media\/25491"}],"wp:attachment":[{"href":"https:\/\/para-pharmacity.tn\/index.php?rest_route=%2Fwp%2Fv2%2Fmedia&parent=21540"}],"wp:term":[{"taxonomy":"product_cat","embeddable":true,"href":"https:\/\/para-pharmacity.tn\/index.php?rest_route=%2Fwp%2Fv2%2Fproduct_cat&post=21540"},{"taxonomy":"product_tag","embeddable":true,"href":"https:\/\/para-pharmacity.tn\/index.php?rest_route=%2Fwp%2Fv2%2Fproduct_tag&post=21540"}],"curies":[{"name":"wp","href":"https:\/\/api.w.org\/{rel}","templated":true}]}}