{"id":21536,"date":"2024-07-11T10:23:13","date_gmt":"2024-07-11T10:23:13","guid":{"rendered":"https:\/\/para-pharmacity.tn\/?product=young-health-alcool-de-menthe-50ml"},"modified":"2025-05-02T13:00:50","modified_gmt":"2025-05-02T13:00:50","slug":"young-health-alcool-de-menthe-50ml","status":"publish","type":"product","link":"https:\/\/para-pharmacity.tn\/?product=young-health-alcool-de-menthe-50ml","title":{"rendered":"YOUNG HEALTH ALCOOL DE MENTHE 50ML"},"content":{"rendered":"<p>Vos douleurs abdominales vous m\u00e8nent la vie dure ?<br \/>\nCombattez le ballonnement et dites adieu au ventre gonfl\u00e9 gr\u00e2ce \u00e0 notre alcool de menthe Young Health .<br \/>\nContenant de l\u2019huile essentielle de menthe poivr\u00e9e, il vous permet aussi de lutter contre le mal des transports et la fatigue.<\/p>\n","protected":false},"excerpt":{"rendered":"<p>Combattez le ballonnement et dites adieu au ventre gonfl\u00e9 gr\u00e2ce \u00e0 notre alcool de menthe Young Health .<br \/>\nContenant de l\u2019huile essentielle de menthe poivr\u00e9e, il vous permet aussi de lutter contre le mal des transports et la fatigue.<\/p>\n","protected":false},"featured_media":25691,"comment_status":"open","ping_status":"closed","template":"","meta":[],"product_cat":[243],"product_tag":[],"class_list":{"0":"post-21536","1":"product","2":"type-product","3":"status-publish","4":"has-post-thumbnail","6":"product_cat-bebe-et-maman","8":"first","9":"instock","10":"shipping-taxable","11":"purchasable","12":"product-type-simple"},"jetpack_sharing_enabled":true,"_links":{"self":[{"href":"https:\/\/para-pharmacity.tn\/index.php?rest_route=\/wp\/v2\/product\/21536","targetHints":{"allow":["GET"]}}],"collection":[{"href":"https:\/\/para-pharmacity.tn\/index.php?rest_route=\/wp\/v2\/product"}],"about":[{"href":"https:\/\/para-pharmacity.tn\/index.php?rest_route=\/wp\/v2\/types\/product"}],"replies":[{"embeddable":true,"href":"https:\/\/para-pharmacity.tn\/index.php?rest_route=%2Fwp%2Fv2%2Fcomments&post=21536"}],"version-history":[{"count":2,"href":"https:\/\/para-pharmacity.tn\/index.php?rest_route=\/wp\/v2\/product\/21536\/revisions"}],"predecessor-version":[{"id":25692,"href":"https:\/\/para-pharmacity.tn\/index.php?rest_route=\/wp\/v2\/product\/21536\/revisions\/25692"}],"wp:featuredmedia":[{"embeddable":true,"href":"https:\/\/para-pharmacity.tn\/index.php?rest_route=\/wp\/v2\/media\/25691"}],"wp:attachment":[{"href":"https:\/\/para-pharmacity.tn\/index.php?rest_route=%2Fwp%2Fv2%2Fmedia&parent=21536"}],"wp:term":[{"taxonomy":"product_cat","embeddable":true,"href":"https:\/\/para-pharmacity.tn\/index.php?rest_route=%2Fwp%2Fv2%2Fproduct_cat&post=21536"},{"taxonomy":"product_tag","embeddable":true,"href":"https:\/\/para-pharmacity.tn\/index.php?rest_route=%2Fwp%2Fv2%2Fproduct_tag&post=21536"}],"curies":[{"name":"wp","href":"https:\/\/api.w.org\/{rel}","templated":true}]}}