{"id":21535,"date":"2024-07-11T10:23:13","date_gmt":"2024-07-11T10:23:13","guid":{"rendered":"https:\/\/para-pharmacity.tn\/?product=xen-trio-b-30-comprimes"},"modified":"2025-05-02T15:04:36","modified_gmt":"2025-05-02T15:04:36","slug":"xen-trio-b-30-comprimes","status":"publish","type":"product","link":"https:\/\/para-pharmacity.tn\/?product=xen-trio-b-30-comprimes","title":{"rendered":"XEN TRIO B 30 COMPRIMES"},"content":{"rendered":"<p><strong>Xen Trio B<\/strong>\u00a0est un compl\u00e9ment alimentaire con\u00e7u pour apporter les vitamines B essentielles au bon fonctionnement du syst\u00e8me nerveux et au m\u00e9tabolisme \u00e9nerg\u00e9tique. Il se pr\u00e9sente sous forme de g\u00e9lules et contient un m\u00e9lange de vitamines B1 (thiamine), B6 (pyridoxine) et B12 (cobalamine), qui sont connues pour leurs bienfaits sur la sant\u00e9 g\u00e9n\u00e9rale, notamment pour soutenir le syst\u00e8me immunitaire, am\u00e9liorer la fonction cognitive et combattre la fatigue.<\/p>\n<h3>Description des principaux ingr\u00e9dients :<\/h3>\n<ol>\n<li><strong>Vitamine B1 (Thiamine)<\/strong>\u00a0: Elle est importante pour le bon fonctionnement du syst\u00e8me nerveux et la conversion des glucides en \u00e9nergie.<\/li>\n<li><strong>Vitamine B6 (Pyridoxine)<\/strong>\u00a0: Elle participe \u00e0 la production de neurotransmetteurs, comme la s\u00e9rotonine et la dopamine, et contribue \u00e0 la r\u00e9duction de la fatigue.<\/li>\n<li><strong>Vitamine B12 (Cobalamine)<\/strong>\u00a0: Essentielle pour la formation des globules rouges, la fonction c\u00e9r\u00e9brale, et le m\u00e9tabolisme de l&rsquo;\u00e9nergie.<\/li>\n<\/ol>\n<h3>Principales caract\u00e9ristiques :<\/h3>\n<ul>\n<li><strong>30 g\u00e9lules par bo\u00eete<\/strong>\u00a0: Une bo\u00eete contient 30 g\u00e9lules, g\u00e9n\u00e9ralement suffisantes pour un mois de traitement.<\/li>\n<li><strong>Soutien au syst\u00e8me nerveux<\/strong>\u00a0: Ces vitamines jouent un r\u00f4le cl\u00e9 dans la fonction nerveuse et le bien-\u00eatre mental.<\/li>\n<li><strong>R\u00e9duction de la fatigue<\/strong>\u00a0: Aide \u00e0 combattre la fatigue et \u00e0 am\u00e9liorer les niveaux d&rsquo;\u00e9nergie.<\/li>\n<li><strong>Compl\u00e9ment alimentaire<\/strong>\u00a0: Ce produit peut \u00eatre utilis\u00e9 pour compl\u00e9ter les apports alimentaires, en particulier en cas de carence en vitamines B.<\/li>\n<\/ul>\n<h3>Conseils d&rsquo;utilisation :<\/h3>\n<p>En g\u00e9n\u00e9ral, il est recommand\u00e9 de prendre une g\u00e9lule par jour avec un verre d&rsquo;eau, mais il est toujours pr\u00e9f\u00e9rable de suivre les recommandations du fabricant ou celles de votre m\u00e9decin.<\/p>\n<p>&nbsp;<\/p>\n<p><strong>Xen Trio B<\/strong>\u00a0est id\u00e9al pour les personnes ayant besoin d&rsquo;un soutien nutritionnel suppl\u00e9mentaire, particuli\u00e8rement celles qui souffrent de fatigue ou qui pr\u00e9sentent un apport insuffisant en vitamines du groupe B.<\/p>\n","protected":false},"excerpt":{"rendered":"<p>Trio B est un compl\u00e9ment alimentaire utilis\u00e9 pour pr\u00e9venir les naus\u00e9es et les vomissements. Il contient un extrait de Zingiber officinalis standardis\u00e9 \u00e0 10% de ging\u00e9rol et de la vitamine B6.<\/p>\n","protected":false},"featured_media":25748,"comment_status":"open","ping_status":"closed","template":"","meta":[],"product_cat":[286],"product_tag":[],"class_list":{"0":"post-21535","1":"product","2":"type-product","3":"status-publish","4":"has-post-thumbnail","6":"product_cat-complement-alimentaire","8":"first","9":"instock","10":"shipping-taxable","11":"purchasable","12":"product-type-simple"},"jetpack_sharing_enabled":true,"_links":{"self":[{"href":"https:\/\/para-pharmacity.tn\/index.php?rest_route=\/wp\/v2\/product\/21535","targetHints":{"allow":["GET"]}}],"collection":[{"href":"https:\/\/para-pharmacity.tn\/index.php?rest_route=\/wp\/v2\/product"}],"about":[{"href":"https:\/\/para-pharmacity.tn\/index.php?rest_route=\/wp\/v2\/types\/product"}],"replies":[{"embeddable":true,"href":"https:\/\/para-pharmacity.tn\/index.php?rest_route=%2Fwp%2Fv2%2Fcomments&post=21535"}],"version-history":[{"count":2,"href":"https:\/\/para-pharmacity.tn\/index.php?rest_route=\/wp\/v2\/product\/21535\/revisions"}],"predecessor-version":[{"id":25749,"href":"https:\/\/para-pharmacity.tn\/index.php?rest_route=\/wp\/v2\/product\/21535\/revisions\/25749"}],"wp:featuredmedia":[{"embeddable":true,"href":"https:\/\/para-pharmacity.tn\/index.php?rest_route=\/wp\/v2\/media\/25748"}],"wp:attachment":[{"href":"https:\/\/para-pharmacity.tn\/index.php?rest_route=%2Fwp%2Fv2%2Fmedia&parent=21535"}],"wp:term":[{"taxonomy":"product_cat","embeddable":true,"href":"https:\/\/para-pharmacity.tn\/index.php?rest_route=%2Fwp%2Fv2%2Fproduct_cat&post=21535"},{"taxonomy":"product_tag","embeddable":true,"href":"https:\/\/para-pharmacity.tn\/index.php?rest_route=%2Fwp%2Fv2%2Fproduct_tag&post=21535"}],"curies":[{"name":"wp","href":"https:\/\/api.w.org\/{rel}","templated":true}]}}