{"id":21534,"date":"2024-07-11T10:23:13","date_gmt":"2024-07-11T10:23:13","guid":{"rendered":"https:\/\/para-pharmacity.tn\/?product=xen-cb3-mousse-mic-nett-p-seches"},"modified":"2025-05-06T15:15:27","modified_gmt":"2025-05-06T15:15:27","slug":"xen-cb3-mousse-mic-nett-p-seches","status":"publish","type":"product","link":"https:\/\/para-pharmacity.tn\/?product=xen-cb3-mousse-mic-nett-p-seches","title":{"rendered":"XEN CB3 MOUSSE MIC NETT P SECHES"},"content":{"rendered":"<p><strong>XEN CB3 DEFENSE MOUSSE MICELLAIRE NETTOYANTE PEAUX SECHES 200ML<\/strong><\/p>\n<p>XEN CB3 DEFENSE MOUSSE MICELLAIRE NETTOYANTE PEAUX SECHES\u00a0est une mousse nettoyante douce pour le nettoyage quotidien du visage et des yeux. Elle remplace le savon traditionnel tout en nettoyant d\u00e9licatement et efficacement la peau tout en \u00e9liminant les impuret\u00e9s.<\/p>\n<p>Elle conviendra particuli\u00e8rement aux peaux normales \u00e0 s\u00e8ches. Elle n\u2019agresse pas la peau et laisse un film protecteur apr\u00e8s son rin\u00e7age. Votre peau restera douce et souple.<\/p>\n","protected":false},"excerpt":{"rendered":"<p>Nettoie en douceur la peau tout en \u00e9liminant les impuret\u00e9.<\/p>\n<p>Type de peaux: Peaux normales \u00e0 s\u00e8ches<\/p>\n","protected":false},"featured_media":25882,"comment_status":"open","ping_status":"closed","template":"","meta":[],"product_cat":[213],"product_tag":[],"class_list":{"0":"post-21534","1":"product","2":"type-product","3":"status-publish","4":"has-post-thumbnail","6":"product_cat-visage","8":"first","9":"instock","10":"shipping-taxable","11":"purchasable","12":"product-type-simple"},"jetpack_sharing_enabled":true,"_links":{"self":[{"href":"https:\/\/para-pharmacity.tn\/index.php?rest_route=\/wp\/v2\/product\/21534","targetHints":{"allow":["GET"]}}],"collection":[{"href":"https:\/\/para-pharmacity.tn\/index.php?rest_route=\/wp\/v2\/product"}],"about":[{"href":"https:\/\/para-pharmacity.tn\/index.php?rest_route=\/wp\/v2\/types\/product"}],"replies":[{"embeddable":true,"href":"https:\/\/para-pharmacity.tn\/index.php?rest_route=%2Fwp%2Fv2%2Fcomments&post=21534"}],"version-history":[{"count":2,"href":"https:\/\/para-pharmacity.tn\/index.php?rest_route=\/wp\/v2\/product\/21534\/revisions"}],"predecessor-version":[{"id":25883,"href":"https:\/\/para-pharmacity.tn\/index.php?rest_route=\/wp\/v2\/product\/21534\/revisions\/25883"}],"wp:featuredmedia":[{"embeddable":true,"href":"https:\/\/para-pharmacity.tn\/index.php?rest_route=\/wp\/v2\/media\/25882"}],"wp:attachment":[{"href":"https:\/\/para-pharmacity.tn\/index.php?rest_route=%2Fwp%2Fv2%2Fmedia&parent=21534"}],"wp:term":[{"taxonomy":"product_cat","embeddable":true,"href":"https:\/\/para-pharmacity.tn\/index.php?rest_route=%2Fwp%2Fv2%2Fproduct_cat&post=21534"},{"taxonomy":"product_tag","embeddable":true,"href":"https:\/\/para-pharmacity.tn\/index.php?rest_route=%2Fwp%2Fv2%2Fproduct_tag&post=21534"}],"curies":[{"name":"wp","href":"https:\/\/api.w.org\/{rel}","templated":true}]}}