{"id":21532,"date":"2024-07-11T10:23:12","date_gmt":"2024-07-11T10:23:12","guid":{"rendered":"https:\/\/para-pharmacity.tn\/?product=vital-phytophane-lotion-anti-pell-200ml"},"modified":"2025-05-14T14:43:28","modified_gmt":"2025-05-14T14:43:28","slug":"vital-phytophane-lotion-anti-pell-200ml","status":"publish","type":"product","link":"https:\/\/para-pharmacity.tn\/?product=vital-phytophane-lotion-anti-pell-200ml","title":{"rendered":"VITAL PHYTOPHANE LOTION ANTI PELL 200ML"},"content":{"rendered":"<h2><b><a href=\"https:\/\/vital.com.tn\/\">Phytofane<\/a>\u00a0Lotion Antipelliculaire 200 ml : La Solution Anti-Pelliculaire Efficace<\/b><\/h2>\n<p>Les pellicules sont une g\u00eane fr\u00e9quente, mais avec\u00a0<b>Phytofane\u00a0<a href=\"https:\/\/vital.com.tn\/products\/phytofane-lotion-antipelliculaire-2\/\">Lotion Antipelliculaire<\/a>\u00a0200 ml<\/b>, il est facile de retrouver un\u00a0<a title=\"cuir chevelu\" href=\"https:\/\/www.paraexpert.tn\/secrets-cuir-chevelu-sain\/\" data-internallinksmanager029f6b8e52c=\"59\">cuir chevelu<\/a>\u00a0sain. Cette lotion, enrichie en huiles essentielles d\u2019arbre \u00e0 th\u00e9, de palmarosa et de thym, aide \u00e0 traiter et pr\u00e9venir les pellicules tout en apaisant les d\u00e9mangeaisons et irritations. Id\u00e9ale pour les cuirs chevelus sensibles, elle se compl\u00e8te parfaitement avec votre shampooing antipelliculaire.<\/p>\n<h2><b>Description\u00a0<\/b><\/h2>\n<p><strong>Phytofane Lotion Antipelliculaire<\/strong>\u00a0agit en profondeur pour \u00e9liminer les pellicules et pr\u00e9venir leur r\u00e9apparition gr\u00e2ce \u00e0 ses actifs naturels. L\u2019arbre \u00e0 th\u00e9 purifie le cuir chevelu, le palmarosa hydrate et \u00e9quilibre, et le thym tonifie et renforce les follicules pileux. Sa formule non grasse est facile \u00e0 appliquer et ne n\u00e9cessite pas de rin\u00e7age.<\/p>\n<h2><b>B\u00e9n\u00e9fices\u00a0<\/b><\/h2>\n<ul>\n<li>Traitement efficace des pellicules<\/li>\n<li>Cuir chevelu apais\u00e9 et hydrat\u00e9<\/li>\n<li>Pr\u00e9vention des r\u00e9cidives<\/li>\n<li>Action cibl\u00e9e avec des huiles essentielles naturelles<\/li>\n<li>Facilit\u00e9 d\u2019application sans rin\u00e7age<\/li>\n<\/ul>\n<h2><b>Indications<\/b><\/h2>\n<p>Phytofane Lotion Antipelliculaire est recommand\u00e9e pour les personnes souffrant de pellicules, de d\u00e9mangeaisons ou d\u2019un cuir chevelu irrit\u00e9. Elle peut \u00eatre utilis\u00e9e apr\u00e8s un shampooing antipelliculaire pour un traitement renforc\u00e9 et durable.<\/p>\n<h2><b>Conseil d\u2019utilisation\u00a0<\/b><\/h2>\n<p>Apr\u00e8s le shampooing, appliquez quelques gouttes de lotion sur le cuir chevelu et les cheveux humides. Massez d\u00e9licatement, puis laissez agir sans rincer.<\/p>\n","protected":false},"excerpt":{"rendered":"<p>Phytofane Lotion Antipelliculaire 200 ml \u00e9limine les pellicules et apaise le cuir chevelu gr\u00e2ce \u00e0 ses huiles essentielles d\u2019arbre \u00e0 th\u00e9, de palmarosa et de thym. Elle pr\u00e9vient les r\u00e9cidives et hydrate en profondeur sans n\u00e9cessiter de rin\u00e7age.<\/p>\n","protected":false},"featured_media":26102,"comment_status":"open","ping_status":"closed","template":"","meta":[],"product_cat":[211],"product_tag":[],"class_list":{"0":"post-21532","1":"product","2":"type-product","3":"status-publish","4":"has-post-thumbnail","6":"product_cat-cheveux","8":"first","9":"instock","10":"shipping-taxable","11":"purchasable","12":"product-type-simple"},"jetpack_sharing_enabled":true,"_links":{"self":[{"href":"https:\/\/para-pharmacity.tn\/index.php?rest_route=\/wp\/v2\/product\/21532","targetHints":{"allow":["GET"]}}],"collection":[{"href":"https:\/\/para-pharmacity.tn\/index.php?rest_route=\/wp\/v2\/product"}],"about":[{"href":"https:\/\/para-pharmacity.tn\/index.php?rest_route=\/wp\/v2\/types\/product"}],"replies":[{"embeddable":true,"href":"https:\/\/para-pharmacity.tn\/index.php?rest_route=%2Fwp%2Fv2%2Fcomments&post=21532"}],"version-history":[{"count":2,"href":"https:\/\/para-pharmacity.tn\/index.php?rest_route=\/wp\/v2\/product\/21532\/revisions"}],"predecessor-version":[{"id":26101,"href":"https:\/\/para-pharmacity.tn\/index.php?rest_route=\/wp\/v2\/product\/21532\/revisions\/26101"}],"wp:featuredmedia":[{"embeddable":true,"href":"https:\/\/para-pharmacity.tn\/index.php?rest_route=\/wp\/v2\/media\/26102"}],"wp:attachment":[{"href":"https:\/\/para-pharmacity.tn\/index.php?rest_route=%2Fwp%2Fv2%2Fmedia&parent=21532"}],"wp:term":[{"taxonomy":"product_cat","embeddable":true,"href":"https:\/\/para-pharmacity.tn\/index.php?rest_route=%2Fwp%2Fv2%2Fproduct_cat&post=21532"},{"taxonomy":"product_tag","embeddable":true,"href":"https:\/\/para-pharmacity.tn\/index.php?rest_route=%2Fwp%2Fv2%2Fproduct_tag&post=21532"}],"curies":[{"name":"wp","href":"https:\/\/api.w.org\/{rel}","templated":true}]}}