{"id":21518,"date":"2024-07-11T10:23:07","date_gmt":"2024-07-11T10:23:07","guid":{"rendered":"https:\/\/para-pharmacity.tn\/?product=therapia-aphromax"},"modified":"2025-06-16T09:41:19","modified_gmt":"2025-06-16T09:41:19","slug":"therapia-aphromax","status":"publish","type":"product","link":"https:\/\/para-pharmacity.tn\/?product=therapia-aphromax","title":{"rendered":"THERAPIA APHROMAX"},"content":{"rendered":"<p>Les g\u00e9lules Aphromax de la marque Therapia sont un compl\u00e9ment alimentaire sp\u00e9cialement con\u00e7u pour stimuler la libido et am\u00e9liorer la performance sexuelle chez les hommes. Gr\u00e2ce \u00e0 une formule unique \u00e0 base d&rsquo;ingr\u00e9dients naturels tels que le ginseng, le tribulus terrestris et le maca, ce produit aide \u00e0 augmenter la production de testost\u00e9rone et \u00e0 am\u00e9liorer la circulation sanguine dans le corps. Les g\u00e9lules Aphromax agissent en augmentant l&rsquo;\u00e9nergie et la vitalit\u00e9, en favorisant la libido et en am\u00e9liorant la qualit\u00e9 des \u00e9rections. Ce compl\u00e9ment alimentaire est id\u00e9al pour les hommes souhaitant retrouver une vie sexuelle \u00e9panouie et \u00e9quilibr\u00e9e. Choisissez Therapia Aphromax pour booster votre libido et retrouver une confiance en vous sur le plan sexuel!<br \/>\n&#8211; Extrait de Tribulus terrestris<br \/>\n&#8211; Extrait de Maca<br \/>\n&#8211; Extrait de Ginseng<br \/>\n&#8211; Extrait de damiane<br \/>\n&#8211; Extrait de safran<br \/>\n&#8211; Extrait de muira puama<br \/>\n&#8211; Extrait d&rsquo;avoine sativa<br \/>\n&#8211; Extrait de fenugrec<br \/>\n&#8211; Extrait de guarana<br \/>\n&#8211; Extrait d&rsquo;\u00e9corce de pin maritime<br \/>\n&#8211; Zinc<br \/>\n&#8211; Vitamine B6<br \/>\nConseils d&rsquo;utilisation du produit THERAPIA APHROMAX 60 GELULES :<\/p>\n<p>&#8211; Prendre 2 g\u00e9lules par jour, de pr\u00e9f\u00e9rence le matin avec un grand verre d&rsquo;eau.<br \/>\n&#8211; Ne pas d\u00e9passer la dose journali\u00e8re recommand\u00e9e.<br \/>\n&#8211; Ce compl\u00e9ment alimentaire ne doit pas se substituer \u00e0 une alimentation vari\u00e9e et \u00e9quilibr\u00e9e, et \u00e0 un mode de vie sain.<br \/>\n&#8211; Tenir hors de port\u00e9e des enfants.<br \/>\n&#8211; Conserver \u00e0 l&rsquo;abri de la chaleur et de l&rsquo;humidit\u00e9.<br \/>\n&#8211; Consultez un professionnel de sant\u00e9 en cas de prise de m\u00e9dicaments, notamment anticoagulants, ou en cas de probl\u00e8me de sant\u00e9.<br \/>\n&#8211; En cas de r\u00e9action allergique, arr\u00eater la prise du produit et consulter un m\u00e9decin.<\/p>\n<p>Pour plus d&rsquo;informations sur ce produit, n&rsquo;h\u00e9sitez pas \u00e0 contacter notre \u00e9quipe de professionnels de la sant\u00e9 en parapharmacie.<\/p>\n","protected":false},"excerpt":{"rendered":"<p><strong>THERAPIA APHROMAX 60 G\u00c9LULES<\/strong><\/p>\n<p>\u2022 Permet de stimuler la libido chez l\u2019homme et chez la femme.<br \/>\n\u2022 Il active \u00e9galement\u00a0l\u2019\u00e9rection.<\/p>\n","protected":false},"featured_media":26797,"comment_status":"open","ping_status":"closed","template":"","meta":[],"product_cat":[204,217],"product_tag":[],"class_list":{"0":"post-21518","1":"product","2":"type-product","3":"status-publish","4":"has-post-thumbnail","6":"product_cat-complement","7":"product_cat-vitamines","9":"first","10":"instock","11":"shipping-taxable","12":"purchasable","13":"product-type-simple"},"jetpack_sharing_enabled":true,"_links":{"self":[{"href":"https:\/\/para-pharmacity.tn\/index.php?rest_route=\/wp\/v2\/product\/21518","targetHints":{"allow":["GET"]}}],"collection":[{"href":"https:\/\/para-pharmacity.tn\/index.php?rest_route=\/wp\/v2\/product"}],"about":[{"href":"https:\/\/para-pharmacity.tn\/index.php?rest_route=\/wp\/v2\/types\/product"}],"replies":[{"embeddable":true,"href":"https:\/\/para-pharmacity.tn\/index.php?rest_route=%2Fwp%2Fv2%2Fcomments&post=21518"}],"version-history":[{"count":2,"href":"https:\/\/para-pharmacity.tn\/index.php?rest_route=\/wp\/v2\/product\/21518\/revisions"}],"predecessor-version":[{"id":26798,"href":"https:\/\/para-pharmacity.tn\/index.php?rest_route=\/wp\/v2\/product\/21518\/revisions\/26798"}],"wp:featuredmedia":[{"embeddable":true,"href":"https:\/\/para-pharmacity.tn\/index.php?rest_route=\/wp\/v2\/media\/26797"}],"wp:attachment":[{"href":"https:\/\/para-pharmacity.tn\/index.php?rest_route=%2Fwp%2Fv2%2Fmedia&parent=21518"}],"wp:term":[{"taxonomy":"product_cat","embeddable":true,"href":"https:\/\/para-pharmacity.tn\/index.php?rest_route=%2Fwp%2Fv2%2Fproduct_cat&post=21518"},{"taxonomy":"product_tag","embeddable":true,"href":"https:\/\/para-pharmacity.tn\/index.php?rest_route=%2Fwp%2Fv2%2Fproduct_tag&post=21518"}],"curies":[{"name":"wp","href":"https:\/\/api.w.org\/{rel}","templated":true}]}}