{"id":21468,"date":"2024-07-11T10:22:43","date_gmt":"2024-07-11T10:22:43","guid":{"rendered":"https:\/\/para-pharmacity.tn\/?product=deo-femme-incidence-200-ml-2"},"modified":"2024-07-12T13:43:18","modified_gmt":"2024-07-12T13:43:18","slug":"deo-femme-incidence-200-ml-2","status":"publish","type":"product","link":"https:\/\/para-pharmacity.tn\/?product=deo-femme-incidence-200-ml-2","title":{"rendered":"DEO FEMME INCIDENCE 200 ML"},"content":{"rendered":"<p>Ce parfum s\u2019ouvre sur un d\u00e9licieux m\u00e9lange floral de tons \u00e0 la fois raffin\u00e9s et \u00e9blouissants\u00a0: mandarine, bergamote et poire.<br \/>\nLe c\u0153ur est un m\u00e9lange floral captivant de rose, de jasmin et d\u2019iris, le tout d\u00e9licatement rehauss\u00e9 d\u2019une touche \u00e9pic\u00e9e.<br \/>\nLe fond est une harmonie chaleureuse et g\u00e9n\u00e9reuse de bois de c\u00e8dre, d\u2019ambre doux et de musc.<br \/>\nCe parfum est la signature d\u2019une femme moderne, sensuelle et audacieuse.<br \/>\nComment utiliser<br \/>\nVaporiser le d\u00e9odorant sous les aisselles sur une peau propre et s\u00e8che. \u00c9viter l\u2019application apr\u00e8s l\u2019\u00e9pilation. Ne pas vaporiser dans les yeux ou les muqueuses.<br \/>\nPyramide olfactive<br \/>\nFruit\u00e9 floral<br \/>\nNote de t\u00eate\u00a0: mandarine, bergamote, poire<br \/>\nNote de coeur\u00a0: Rose, Jasmine, Iris<br \/>\nNote de base\u00a0: C\u00e8dre, Ambre, Muscs<\/p>\n","protected":false},"excerpt":{"rendered":"<p>Ce parfum s\u2019ouvre sur un d\u00e9licieux m\u00e9lange floral de tons \u00e0 la fois raffin\u00e9s et \u00e9blouissants\u00a0: mandarine, bergamote et poire.<\/p>\n","protected":false},"featured_media":22568,"comment_status":"open","ping_status":"closed","template":"","meta":[],"product_cat":[20],"product_tag":[],"class_list":{"0":"post-21468","1":"product","2":"type-product","3":"status-publish","4":"has-post-thumbnail","6":"product_cat-accessories","8":"first","9":"instock","10":"shipping-taxable","11":"product-type-simple"},"jetpack_sharing_enabled":true,"_links":{"self":[{"href":"https:\/\/para-pharmacity.tn\/index.php?rest_route=\/wp\/v2\/product\/21468","targetHints":{"allow":["GET"]}}],"collection":[{"href":"https:\/\/para-pharmacity.tn\/index.php?rest_route=\/wp\/v2\/product"}],"about":[{"href":"https:\/\/para-pharmacity.tn\/index.php?rest_route=\/wp\/v2\/types\/product"}],"replies":[{"embeddable":true,"href":"https:\/\/para-pharmacity.tn\/index.php?rest_route=%2Fwp%2Fv2%2Fcomments&post=21468"}],"version-history":[{"count":3,"href":"https:\/\/para-pharmacity.tn\/index.php?rest_route=\/wp\/v2\/product\/21468\/revisions"}],"predecessor-version":[{"id":22627,"href":"https:\/\/para-pharmacity.tn\/index.php?rest_route=\/wp\/v2\/product\/21468\/revisions\/22627"}],"wp:featuredmedia":[{"embeddable":true,"href":"https:\/\/para-pharmacity.tn\/index.php?rest_route=\/wp\/v2\/media\/22568"}],"wp:attachment":[{"href":"https:\/\/para-pharmacity.tn\/index.php?rest_route=%2Fwp%2Fv2%2Fmedia&parent=21468"}],"wp:term":[{"taxonomy":"product_cat","embeddable":true,"href":"https:\/\/para-pharmacity.tn\/index.php?rest_route=%2Fwp%2Fv2%2Fproduct_cat&post=21468"},{"taxonomy":"product_tag","embeddable":true,"href":"https:\/\/para-pharmacity.tn\/index.php?rest_route=%2Fwp%2Fv2%2Fproduct_tag&post=21468"}],"curies":[{"name":"wp","href":"https:\/\/api.w.org\/{rel}","templated":true}]}}