{"id":21453,"date":"2024-07-11T10:22:37","date_gmt":"2024-07-11T10:22:37","guid":{"rendered":"https:\/\/para-pharmacity.tn\/?product=beesline-masque-lifting-visage"},"modified":"2025-05-02T15:12:18","modified_gmt":"2025-05-02T15:12:18","slug":"beesline-masque-lifting-visage","status":"publish","type":"product","link":"https:\/\/para-pharmacity.tn\/?product=beesline-masque-lifting-visage","title":{"rendered":"BEESLINE MASQUE LIFTING VISAGE"},"content":{"rendered":"<p>Le masquage\u00a0 liftant pour le visage BEESLINE Express est un masque rajeunissant riche qui \u00e9limine le stress quotidien de la peau. Il hydrate, renouvelle et raffermit la peau tout en minimisant l\u2019apparence des ridules.<\/p>\n<p><strong>R\u00e9sultats attendus :<\/strong><\/p>\n<p>Peau rajeunie, peau<br \/>\nlift\u00e9e et plus ferme<\/p>\n<p><strong>Ingr\u00e9dients actifs :<\/strong><\/p>\n<p>Argile de kaolin, glyc\u00e9rine v\u00e9g\u00e9tale, miel, huile d\u2019olive, farine de ma\u00efs, huile de noix de coco, hibiscus, feuille d\u2019olivier, huile d\u2019amande douce, huile de p\u00e9pins de raisin, zeste de citron, huile essentielle de menthe poivr\u00e9e et vitamine E.<\/p>\n<p><strong>Sans :<\/strong><\/p>\n<p>Parab\u00e8nes, Phtalates, Silicones, Produits p\u00e9trochimiques et ingr\u00e9dients d\u2019origine animale (\u00e0 l\u2019exception des sous-produits des abeilles).<\/p>\n<p><strong>Mode d\u2019emploi :<\/strong><\/p>\n<p>1. Utiliser 1 \u00e0 2 fois par semaine.<br \/>\n2. Appliquer sur une peau propre et laisser agir 15 minutes.<br \/>\n3. Massez doucement sur la peau dans un mouvement ascendant pour une meilleure absorption.<br \/>\n4. Rincer \u00e0 l\u2019eau froide et s\u00e9cher en tapotant.<\/p>\n<p>Nettoie en douceur la peau et la d\u00e9barrasse des r\u00e9sidus.<\/p>\n<p>Apaisant, rafra\u00eechissant et rafra\u00eechissant.<\/p>\n<p>Resserre les pores et \u00e9limine les cellules mortes de la peau et l\u2019exc\u00e8s de s\u00e9bum.<\/p>\n","protected":false},"excerpt":{"rendered":"<ul>\n<li><strong>Nettoie en douceur la peau et la d\u00e9barrasse des r\u00e9sidus.<\/strong><\/li>\n<li><strong>Apaisant, rafra\u00eechissant et rafra\u00eechissant.<\/strong><\/li>\n<li><strong>Resserre les pores et \u00e9limine les cellules mortes de la peau et l\u2019exc\u00e8s de s\u00e9bum.<\/strong><\/li>\n<\/ul>\n","protected":false},"featured_media":25751,"comment_status":"open","ping_status":"closed","template":"","meta":[],"product_cat":[213],"product_tag":[],"class_list":{"0":"post-21453","1":"product","2":"type-product","3":"status-publish","4":"has-post-thumbnail","6":"product_cat-visage","8":"first","9":"instock","10":"shipping-taxable","11":"purchasable","12":"product-type-simple"},"jetpack_sharing_enabled":true,"_links":{"self":[{"href":"https:\/\/para-pharmacity.tn\/index.php?rest_route=\/wp\/v2\/product\/21453","targetHints":{"allow":["GET"]}}],"collection":[{"href":"https:\/\/para-pharmacity.tn\/index.php?rest_route=\/wp\/v2\/product"}],"about":[{"href":"https:\/\/para-pharmacity.tn\/index.php?rest_route=\/wp\/v2\/types\/product"}],"replies":[{"embeddable":true,"href":"https:\/\/para-pharmacity.tn\/index.php?rest_route=%2Fwp%2Fv2%2Fcomments&post=21453"}],"version-history":[{"count":2,"href":"https:\/\/para-pharmacity.tn\/index.php?rest_route=\/wp\/v2\/product\/21453\/revisions"}],"predecessor-version":[{"id":25752,"href":"https:\/\/para-pharmacity.tn\/index.php?rest_route=\/wp\/v2\/product\/21453\/revisions\/25752"}],"wp:featuredmedia":[{"embeddable":true,"href":"https:\/\/para-pharmacity.tn\/index.php?rest_route=\/wp\/v2\/media\/25751"}],"wp:attachment":[{"href":"https:\/\/para-pharmacity.tn\/index.php?rest_route=%2Fwp%2Fv2%2Fmedia&parent=21453"}],"wp:term":[{"taxonomy":"product_cat","embeddable":true,"href":"https:\/\/para-pharmacity.tn\/index.php?rest_route=%2Fwp%2Fv2%2Fproduct_cat&post=21453"},{"taxonomy":"product_tag","embeddable":true,"href":"https:\/\/para-pharmacity.tn\/index.php?rest_route=%2Fwp%2Fv2%2Fproduct_tag&post=21453"}],"curies":[{"name":"wp","href":"https:\/\/api.w.org\/{rel}","templated":true}]}}