{"id":21452,"date":"2024-07-11T10:22:37","date_gmt":"2024-07-11T10:22:37","guid":{"rendered":"https:\/\/para-pharmacity.tn\/?product=beesline-masque-chev-straight-et-silky"},"modified":"2025-05-02T14:03:24","modified_gmt":"2025-05-02T14:03:24","slug":"beesline-masque-chev-straight-et-silky","status":"publish","type":"product","link":"https:\/\/para-pharmacity.tn\/?product=beesline-masque-chev-straight-et-silky","title":{"rendered":"BEESLINE MASQUE CHEV STRAIGHT ET SILKY"},"content":{"rendered":"<p class=\"\" data-start=\"317\" data-end=\"947\"><strong data-start=\"317\" data-end=\"361\">BEESLINE MASQUE CHEVEUX STRAIGHT &amp; SILKY<\/strong> est un soin profond sp\u00e9cialement formul\u00e9 pour <strong data-start=\"408\" data-end=\"480\">discipliner, lisser et adoucir les cheveux rebelles ou indisciplin\u00e9s<\/strong>. Enrichi en <strong data-start=\"493\" data-end=\"529\">k\u00e9ratine v\u00e9g\u00e9tale, huile d\u2019argan<\/strong> et <strong data-start=\"533\" data-end=\"560\">prot\u00e9ines nourrissantes<\/strong>, ce masque p\u00e9n\u00e8tre la fibre capillaire pour <strong data-start=\"605\" data-end=\"630\">r\u00e9parer en profondeur<\/strong>, <strong data-start=\"632\" data-end=\"657\">r\u00e9duire les frisottis<\/strong> et <strong data-start=\"661\" data-end=\"695\">apporter une brillance soyeuse<\/strong>. Il facilite le coiffage, rend les cheveux plus doux, plus lisses et leur redonne une texture fluide et \u00e9clatante de sant\u00e9. Id\u00e9al pour les cheveux secs, ab\u00eem\u00e9s ou difficiles \u00e0 dompter, il s\u2019utilise 1 \u00e0 2 fois par semaine pour un r\u00e9sultat longue dur\u00e9e.<\/p>\n","protected":false},"excerpt":{"rendered":"<p>Masque capillaire lissant et adoucissant, pour des cheveux visiblement plus lisses, soyeux et faciles \u00e0 coiffer.<\/p>\n","protected":false},"featured_media":25725,"comment_status":"open","ping_status":"closed","template":"","meta":[],"product_cat":[213],"product_tag":[],"class_list":{"0":"post-21452","1":"product","2":"type-product","3":"status-publish","4":"has-post-thumbnail","6":"product_cat-visage","8":"first","9":"instock","10":"shipping-taxable","11":"purchasable","12":"product-type-simple"},"jetpack_sharing_enabled":true,"_links":{"self":[{"href":"https:\/\/para-pharmacity.tn\/index.php?rest_route=\/wp\/v2\/product\/21452","targetHints":{"allow":["GET"]}}],"collection":[{"href":"https:\/\/para-pharmacity.tn\/index.php?rest_route=\/wp\/v2\/product"}],"about":[{"href":"https:\/\/para-pharmacity.tn\/index.php?rest_route=\/wp\/v2\/types\/product"}],"replies":[{"embeddable":true,"href":"https:\/\/para-pharmacity.tn\/index.php?rest_route=%2Fwp%2Fv2%2Fcomments&post=21452"}],"version-history":[{"count":2,"href":"https:\/\/para-pharmacity.tn\/index.php?rest_route=\/wp\/v2\/product\/21452\/revisions"}],"predecessor-version":[{"id":25726,"href":"https:\/\/para-pharmacity.tn\/index.php?rest_route=\/wp\/v2\/product\/21452\/revisions\/25726"}],"wp:featuredmedia":[{"embeddable":true,"href":"https:\/\/para-pharmacity.tn\/index.php?rest_route=\/wp\/v2\/media\/25725"}],"wp:attachment":[{"href":"https:\/\/para-pharmacity.tn\/index.php?rest_route=%2Fwp%2Fv2%2Fmedia&parent=21452"}],"wp:term":[{"taxonomy":"product_cat","embeddable":true,"href":"https:\/\/para-pharmacity.tn\/index.php?rest_route=%2Fwp%2Fv2%2Fproduct_cat&post=21452"},{"taxonomy":"product_tag","embeddable":true,"href":"https:\/\/para-pharmacity.tn\/index.php?rest_route=%2Fwp%2Fv2%2Fproduct_tag&post=21452"}],"curies":[{"name":"wp","href":"https:\/\/api.w.org\/{rel}","templated":true}]}}