{"id":21451,"date":"2024-07-11T10:22:34","date_gmt":"2024-07-11T10:22:34","guid":{"rendered":"https:\/\/para-pharmacity.tn\/?product=beesline-gel-intime-eclairc"},"modified":"2025-05-02T11:07:40","modified_gmt":"2025-05-02T11:07:40","slug":"beesline-gel-intime-eclairc","status":"publish","type":"product","link":"https:\/\/para-pharmacity.tn\/?product=beesline-gel-intime-eclairc","title":{"rendered":"BEESLINE GEL INTIME ECLAIRC"},"content":{"rendered":"<p><strong data-start=\"306\" data-end=\"343\">BEESLINE GEL INTIME \u00c9CLAIRCISSANT<\/strong> est un nettoyant intime doux sp\u00e9cialement con\u00e7u pour <strong data-start=\"397\" data-end=\"424\">\u00e9claircir naturellement<\/strong> la zone intime tout en respectant son <strong data-start=\"463\" data-end=\"484\">\u00e9quilibre d\u00e9licat<\/strong>. Formul\u00e9 sans savon, sans parab\u00e8nes ni colorants, il contient des <strong data-start=\"551\" data-end=\"585\">actifs naturels \u00e9claircissants<\/strong> et des agents apaisants pour une <strong data-start=\"619\" data-end=\"670\">action unifiante, hydratante et rafra\u00eechissante<\/strong>. Il aide \u00e0 <strong data-start=\"682\" data-end=\"712\">r\u00e9duire les taches sombres<\/strong> et l\u2019hyperpigmentation caus\u00e9es par le frottement, la transpiration ou les agressions ext\u00e9rieures. Test\u00e9 dermatologiquement et gyn\u00e9cologiquement, ce gel est id\u00e9al pour une utilisation quotidienne, laissant la peau douce, fra\u00eeche et plus lumineuse.<\/p>\n","protected":false},"excerpt":{"rendered":"<p>Gel lavant intime \u00e9claircissant, doux et sans savon, pour un teint unifi\u00e9 et une hygi\u00e8ne intime optimale au quotidien.<\/p>\n","protected":false},"featured_media":25662,"comment_status":"open","ping_status":"closed","template":"","meta":[],"product_cat":[235],"product_tag":[],"class_list":{"0":"post-21451","1":"product","2":"type-product","3":"status-publish","4":"has-post-thumbnail","6":"product_cat-corps","8":"first","9":"instock","10":"shipping-taxable","11":"purchasable","12":"product-type-simple"},"jetpack_sharing_enabled":true,"_links":{"self":[{"href":"https:\/\/para-pharmacity.tn\/index.php?rest_route=\/wp\/v2\/product\/21451","targetHints":{"allow":["GET"]}}],"collection":[{"href":"https:\/\/para-pharmacity.tn\/index.php?rest_route=\/wp\/v2\/product"}],"about":[{"href":"https:\/\/para-pharmacity.tn\/index.php?rest_route=\/wp\/v2\/types\/product"}],"replies":[{"embeddable":true,"href":"https:\/\/para-pharmacity.tn\/index.php?rest_route=%2Fwp%2Fv2%2Fcomments&post=21451"}],"version-history":[{"count":2,"href":"https:\/\/para-pharmacity.tn\/index.php?rest_route=\/wp\/v2\/product\/21451\/revisions"}],"predecessor-version":[{"id":25666,"href":"https:\/\/para-pharmacity.tn\/index.php?rest_route=\/wp\/v2\/product\/21451\/revisions\/25666"}],"wp:featuredmedia":[{"embeddable":true,"href":"https:\/\/para-pharmacity.tn\/index.php?rest_route=\/wp\/v2\/media\/25662"}],"wp:attachment":[{"href":"https:\/\/para-pharmacity.tn\/index.php?rest_route=%2Fwp%2Fv2%2Fmedia&parent=21451"}],"wp:term":[{"taxonomy":"product_cat","embeddable":true,"href":"https:\/\/para-pharmacity.tn\/index.php?rest_route=%2Fwp%2Fv2%2Fproduct_cat&post=21451"},{"taxonomy":"product_tag","embeddable":true,"href":"https:\/\/para-pharmacity.tn\/index.php?rest_route=%2Fwp%2Fv2%2Fproduct_tag&post=21451"}],"curies":[{"name":"wp","href":"https:\/\/api.w.org\/{rel}","templated":true}]}}