{"id":21450,"date":"2024-07-11T10:22:34","date_gmt":"2024-07-11T10:22:34","guid":{"rendered":"https:\/\/para-pharmacity.tn\/?product=bambini-coupe-ongle-ergonomique-439"},"modified":"2025-04-21T14:44:18","modified_gmt":"2025-04-21T14:44:18","slug":"bambini-coupe-ongle-ergonomique-439","status":"publish","type":"product","link":"https:\/\/para-pharmacity.tn\/?product=bambini-coupe-ongle-ergonomique-439","title":{"rendered":"BAMBINI COUPE ONGLE ERGONOMIQUE 439"},"content":{"rendered":"<p><span class=\"relative -mx-px my-[-0.2rem] rounded px-px py-[0.2rem] transition-colors duration-100 ease-in-out\">Le <strong data-start=\"3\" data-end=\"43\">BAMBINI Coupe-Ongles Ergonomique 439<\/strong> est l&rsquo;outil id\u00e9al pour prendre soin des ongles fins et sensibles de votre b\u00e9b\u00e9.<\/span> <span class=\"relative -mx-px my-[-0.2rem] rounded px-px py-[0.2rem] transition-colors duration-100 ease-in-out\">Sa forme ergonomique assure une prise en main confortable, facilitant la coupe m\u00eame des ongles les plus petits.<\/span> <span class=\"relative -mx-px my-[-0.2rem] rounded px-px py-[0.2rem] transition-colors duration-100 ease-in-out\">La surface coupante arrondie garantit une coupe pr\u00e9cise et douce, minimisant les risques de blessures.<\/span> <span class=\"relative -mx-px my-[-0.2rem] rounded px-px py-[0.2rem] transition-colors duration-100 ease-in-out\">Disponible en rose et bleu, il est adapt\u00e9 d\u00e8s la naissance et est facile \u00e0 utiliser pour les parents.<\/span><\/p>\n","protected":false},"excerpt":{"rendered":"<p><span class=\"relative -mx-px my-[-0.2rem] rounded px-px py-[0.2rem] transition-colors duration-100 ease-in-out\">Le <strong data-start=\"3\" data-end=\"43\">BAMBINI Coupe-Ongles Ergonomique 439<\/strong> est con\u00e7u pour couper les ongles d\u00e9licats des b\u00e9b\u00e9s en toute s\u00e9curit\u00e9.<\/span> <span class=\"relative -mx-px my-[-0.2rem] rounded px-px py-[0.2rem] transition-colors duration-100 ease-in-out\">Sa forme ergonomique et sa surface coupante arrondie permettent une coupe pr\u00e9cise et douce, sans risque de blessure.<\/span> <span class=\"relative -mx-px my-[-0.2rem] rounded px-px py-[0.2rem] transition-colors duration-100 ease-in-out\">Disponible en rose et bleu, il est adapt\u00e9 d\u00e8s la naissance.<\/span>\u200b<\/p>\n","protected":false},"featured_media":25470,"comment_status":"open","ping_status":"closed","template":"","meta":[],"product_cat":[243],"product_tag":[],"class_list":{"0":"post-21450","1":"product","2":"type-product","3":"status-publish","4":"has-post-thumbnail","6":"product_cat-bebe-et-maman","8":"first","9":"instock","10":"shipping-taxable","11":"purchasable","12":"product-type-simple"},"jetpack_sharing_enabled":true,"_links":{"self":[{"href":"https:\/\/para-pharmacity.tn\/index.php?rest_route=\/wp\/v2\/product\/21450","targetHints":{"allow":["GET"]}}],"collection":[{"href":"https:\/\/para-pharmacity.tn\/index.php?rest_route=\/wp\/v2\/product"}],"about":[{"href":"https:\/\/para-pharmacity.tn\/index.php?rest_route=\/wp\/v2\/types\/product"}],"replies":[{"embeddable":true,"href":"https:\/\/para-pharmacity.tn\/index.php?rest_route=%2Fwp%2Fv2%2Fcomments&post=21450"}],"version-history":[{"count":2,"href":"https:\/\/para-pharmacity.tn\/index.php?rest_route=\/wp\/v2\/product\/21450\/revisions"}],"predecessor-version":[{"id":25471,"href":"https:\/\/para-pharmacity.tn\/index.php?rest_route=\/wp\/v2\/product\/21450\/revisions\/25471"}],"wp:featuredmedia":[{"embeddable":true,"href":"https:\/\/para-pharmacity.tn\/index.php?rest_route=\/wp\/v2\/media\/25470"}],"wp:attachment":[{"href":"https:\/\/para-pharmacity.tn\/index.php?rest_route=%2Fwp%2Fv2%2Fmedia&parent=21450"}],"wp:term":[{"taxonomy":"product_cat","embeddable":true,"href":"https:\/\/para-pharmacity.tn\/index.php?rest_route=%2Fwp%2Fv2%2Fproduct_cat&post=21450"},{"taxonomy":"product_tag","embeddable":true,"href":"https:\/\/para-pharmacity.tn\/index.php?rest_route=%2Fwp%2Fv2%2Fproduct_tag&post=21450"}],"curies":[{"name":"wp","href":"https:\/\/api.w.org\/{rel}","templated":true}]}}