{"id":21446,"date":"2024-07-11T10:22:32","date_gmt":"2024-07-11T10:22:32","guid":{"rendered":"https:\/\/para-pharmacity.tn\/?product=avent-bib-anti-colic-125ml-810-61"},"modified":"2025-04-16T12:28:56","modified_gmt":"2025-04-16T12:28:56","slug":"avent-bib-anti-colic-125ml-810-61","status":"publish","type":"product","link":"https:\/\/para-pharmacity.tn\/?product=avent-bib-anti-colic-125ml-810-61","title":{"rendered":"AVENT BIB ANTI COLIC 125ML 810\/61"},"content":{"rendered":"<p class=\"\" data-start=\"315\" data-end=\"434\"><span class=\"relative -mx-px my-[-0.2rem] rounded px-px py-[0.2rem] transition-colors duration-100 ease-in-out\">Le biberon Philips Avent Anti-Colic 125 ml (r\u00e9f. SCF810\/61) est sp\u00e9cialement con\u00e7u pour les nourrissons d\u00e8s la naissance.<\/span> <span class=\"relative -mx-px my-[-0.2rem] rounded px-px py-[0.2rem] transition-colors duration-100 ease-in-out\">Il est \u00e9quip\u00e9 d&rsquo;une t\u00e9tine \u00e0 d\u00e9bit nouveau-n\u00e9 et d&rsquo;une valve AirFree qui permet de maintenir la t\u00e9tine pleine de lait, m\u00eame en position horizontale, r\u00e9duisant ainsi l&rsquo;ingestion d&rsquo;air et les probl\u00e8mes courants tels que les coliques, les gaz et les reflux.<\/span><span class=\"relative -mx-px my-[-0.2rem] rounded px-px py-[0.2rem] transition-colors duration-100 ease-in-out\">\u00a0sans BPA, ce biberon est facile \u00e0 assembler et \u00e0 nettoyer gr\u00e2ce \u00e0 son design simple et \u00e0 son col large.<\/span> <span class=\"relative -mx-px my-[-0.2rem] rounded px-px py-[0.2rem] transition-colors duration-100 ease-in-out\">Il est compatible avec les autres produits de la gamme Philips Avent Anti-Colic, offrant ainsi une solution compl\u00e8te pour l&rsquo;alimentation de votre b\u00e9b\u00e9<\/span><\/p>\n","protected":false},"excerpt":{"rendered":"<p><span class=\"relative -mx-px my-[-0.2rem] rounded px-px py-[0.2rem] transition-colors duration-100 ease-in-out\">Biberon Philips Avent Anti-Colic 125 ml con\u00e7u pour les nourrissons d\u00e8s la naissance.<\/span> <span class=\"relative -mx-px my-[-0.2rem] rounded px-px py-[0.2rem] transition-colors duration-100 ease-in-out\">Dot\u00e9 d&rsquo;une t\u00e9tine \u00e0 d\u00e9bit nouveau-n\u00e9 et d&rsquo;une valve AirFree, il r\u00e9duit l&rsquo;ingestion d&rsquo;air, les coliques, les gaz et les reflux.<\/span> <span class=\"relative -mx-px my-[-0.2rem] rounded px-px py-[0.2rem] transition-colors duration-100 ease-in-out\">Fabriqu\u00e9 en plastique sans BPA, il est facile \u00e0 assembler, \u00e0 nettoyer et compatible avec les autres produits de la gamme Philips Avent Anti-Colic<\/span><\/p>\n","protected":false},"featured_media":25296,"comment_status":"open","ping_status":"closed","template":"","meta":[],"product_cat":[243],"product_tag":[],"class_list":{"0":"post-21446","1":"product","2":"type-product","3":"status-publish","4":"has-post-thumbnail","6":"product_cat-bebe-et-maman","8":"first","9":"instock","10":"shipping-taxable","11":"purchasable","12":"product-type-simple"},"jetpack_sharing_enabled":true,"_links":{"self":[{"href":"https:\/\/para-pharmacity.tn\/index.php?rest_route=\/wp\/v2\/product\/21446","targetHints":{"allow":["GET"]}}],"collection":[{"href":"https:\/\/para-pharmacity.tn\/index.php?rest_route=\/wp\/v2\/product"}],"about":[{"href":"https:\/\/para-pharmacity.tn\/index.php?rest_route=\/wp\/v2\/types\/product"}],"replies":[{"embeddable":true,"href":"https:\/\/para-pharmacity.tn\/index.php?rest_route=%2Fwp%2Fv2%2Fcomments&post=21446"}],"version-history":[{"count":2,"href":"https:\/\/para-pharmacity.tn\/index.php?rest_route=\/wp\/v2\/product\/21446\/revisions"}],"predecessor-version":[{"id":25297,"href":"https:\/\/para-pharmacity.tn\/index.php?rest_route=\/wp\/v2\/product\/21446\/revisions\/25297"}],"wp:featuredmedia":[{"embeddable":true,"href":"https:\/\/para-pharmacity.tn\/index.php?rest_route=\/wp\/v2\/media\/25296"}],"wp:attachment":[{"href":"https:\/\/para-pharmacity.tn\/index.php?rest_route=%2Fwp%2Fv2%2Fmedia&parent=21446"}],"wp:term":[{"taxonomy":"product_cat","embeddable":true,"href":"https:\/\/para-pharmacity.tn\/index.php?rest_route=%2Fwp%2Fv2%2Fproduct_cat&post=21446"},{"taxonomy":"product_tag","embeddable":true,"href":"https:\/\/para-pharmacity.tn\/index.php?rest_route=%2Fwp%2Fv2%2Fproduct_tag&post=21446"}],"curies":[{"name":"wp","href":"https:\/\/api.w.org\/{rel}","templated":true}]}}