{"id":21444,"date":"2024-07-11T10:22:31","date_gmt":"2024-07-11T10:22:31","guid":{"rendered":"https:\/\/para-pharmacity.tn\/?product=accu-chek-kit-active-lecteur"},"modified":"2025-04-14T10:02:57","modified_gmt":"2025-04-14T10:02:57","slug":"accu-chek-kit-active-lecteur","status":"publish","type":"product","link":"https:\/\/para-pharmacity.tn\/?product=accu-chek-kit-active-lecteur","title":{"rendered":"ACCU CHEK KIT ACTIVE LECTEUR"},"content":{"rendered":"","protected":false},"excerpt":{"rendered":"<p><strong data-start=\"0\" data-end=\"32\" data-is-only-node=\"\">ACCU-CHEK Active Kit Lecteur<\/strong> : Appareil pratique pour mesurer la glyc\u00e9mie rapidement \u00e0 domicile, avec r\u00e9sultats en 5 secondes et \u00e9cran facile \u00e0 lire<\/p>\n","protected":false},"featured_media":24992,"comment_status":"open","ping_status":"closed","template":"","meta":[],"product_cat":[202],"product_tag":[],"class_list":{"0":"post-21444","1":"product","2":"type-product","3":"status-publish","4":"has-post-thumbnail","6":"product_cat-consommable","8":"first","9":"instock","10":"shipping-taxable","11":"purchasable","12":"product-type-simple"},"jetpack_sharing_enabled":true,"_links":{"self":[{"href":"https:\/\/para-pharmacity.tn\/index.php?rest_route=\/wp\/v2\/product\/21444","targetHints":{"allow":["GET"]}}],"collection":[{"href":"https:\/\/para-pharmacity.tn\/index.php?rest_route=\/wp\/v2\/product"}],"about":[{"href":"https:\/\/para-pharmacity.tn\/index.php?rest_route=\/wp\/v2\/types\/product"}],"replies":[{"embeddable":true,"href":"https:\/\/para-pharmacity.tn\/index.php?rest_route=%2Fwp%2Fv2%2Fcomments&post=21444"}],"version-history":[{"count":2,"href":"https:\/\/para-pharmacity.tn\/index.php?rest_route=\/wp\/v2\/product\/21444\/revisions"}],"predecessor-version":[{"id":25043,"href":"https:\/\/para-pharmacity.tn\/index.php?rest_route=\/wp\/v2\/product\/21444\/revisions\/25043"}],"wp:featuredmedia":[{"embeddable":true,"href":"https:\/\/para-pharmacity.tn\/index.php?rest_route=\/wp\/v2\/media\/24992"}],"wp:attachment":[{"href":"https:\/\/para-pharmacity.tn\/index.php?rest_route=%2Fwp%2Fv2%2Fmedia&parent=21444"}],"wp:term":[{"taxonomy":"product_cat","embeddable":true,"href":"https:\/\/para-pharmacity.tn\/index.php?rest_route=%2Fwp%2Fv2%2Fproduct_cat&post=21444"},{"taxonomy":"product_tag","embeddable":true,"href":"https:\/\/para-pharmacity.tn\/index.php?rest_route=%2Fwp%2Fv2%2Fproduct_tag&post=21444"}],"curies":[{"name":"wp","href":"https:\/\/api.w.org\/{rel}","templated":true}]}}