{"id":21443,"date":"2024-07-11T10:22:31","date_gmt":"2024-07-11T10:22:31","guid":{"rendered":"https:\/\/para-pharmacity.tn\/?product=young-health-minci-drainol"},"modified":"2025-05-02T11:16:29","modified_gmt":"2025-05-02T11:16:29","slug":"young-health-minci-drainol","status":"publish","type":"product","link":"https:\/\/para-pharmacity.tn\/?product=young-health-minci-drainol","title":{"rendered":"YOUNG HEALTH MINCI DRAINOL"},"content":{"rendered":"<p style=\"font-weight: 400\">La pr\u00e9sence de 7 plantes actives dans un produit ne permet que la compl\u00e9tude des actions d\u00e9puratives, drainantes et diur\u00e9tiques pour le corps. Un m\u00e9lange naturel qui favorise \u00e0 la base l\u2019\u00e9limination des d\u00e9chets de l\u2019organisme en luttant certainement contre les troubles circulatoires.<\/p>\n<h2 style=\"font-weight: 400\">Conseils d&rsquo;utilisation :<\/h2>\n<p style=\"font-weight: 400\">Agiter avant emploi. Diluer 15ml dans un grand verre d&rsquo;eau et boire cette pr\u00e9paration avant les 3 principaux repas ou diluer 45ml dans 1.5L d&rsquo;eau et consommer cette boisson tout au long de la journ\u00e9e entre les repas.<\/p>\n<h2 style=\"font-weight: 400\">Pr\u00e9cautions d&#8217;emploi :<\/h2>\n<p style=\"font-weight: 400\">Ne doit pas \u00eatre utilis\u00e9 par les femmes enceintes ou allaitant.<\/p>\n<p style=\"font-weight: 400\">Ne pas d\u00e9passer la dose journali\u00e8re recommand\u00e9e. Tenir hors de port\u00e9e des jeunes enfants.<\/p>\n<p style=\"font-weight: 400\">A conserver \u00e0 l&rsquo;abri de la chaleur et de l&rsquo;humidit\u00e9. Ce produit est un compl\u00e9ment alimentaire qui ne peut pas remplacer un r\u00e9gime alimentaire vari\u00e9 et \u00e9quilibr\u00e9 ainsi qu&rsquo;un mode de vie sain.<\/p>\n<h2 style=\"font-weight: 400\">Contenance :<\/h2>\n<p style=\"font-weight: 400\">450ml<\/p>\n","protected":false},"excerpt":{"rendered":"<p>Young Health Minci-Drainol : draineur naturel \u00e0 l&rsquo;ar\u00f4me de p\u00eache compos\u00e9 d&rsquo;un m\u00e9lange synergique de 7 plantes actives soigneusement s\u00e9lectionn\u00e9es pour favoriser la d\u00e9toxification, le drainage et la diur\u00e8se.<\/p>\n","protected":false},"featured_media":25653,"comment_status":"open","ping_status":"closed","template":"","meta":[],"product_cat":[286],"product_tag":[],"class_list":{"0":"post-21443","1":"product","2":"type-product","3":"status-publish","4":"has-post-thumbnail","6":"product_cat-complement-alimentaire","8":"first","9":"instock","10":"shipping-taxable","11":"purchasable","12":"product-type-simple"},"jetpack_sharing_enabled":true,"_links":{"self":[{"href":"https:\/\/para-pharmacity.tn\/index.php?rest_route=\/wp\/v2\/product\/21443","targetHints":{"allow":["GET"]}}],"collection":[{"href":"https:\/\/para-pharmacity.tn\/index.php?rest_route=\/wp\/v2\/product"}],"about":[{"href":"https:\/\/para-pharmacity.tn\/index.php?rest_route=\/wp\/v2\/types\/product"}],"replies":[{"embeddable":true,"href":"https:\/\/para-pharmacity.tn\/index.php?rest_route=%2Fwp%2Fv2%2Fcomments&post=21443"}],"version-history":[{"count":2,"href":"https:\/\/para-pharmacity.tn\/index.php?rest_route=\/wp\/v2\/product\/21443\/revisions"}],"predecessor-version":[{"id":25654,"href":"https:\/\/para-pharmacity.tn\/index.php?rest_route=\/wp\/v2\/product\/21443\/revisions\/25654"}],"wp:featuredmedia":[{"embeddable":true,"href":"https:\/\/para-pharmacity.tn\/index.php?rest_route=\/wp\/v2\/media\/25653"}],"wp:attachment":[{"href":"https:\/\/para-pharmacity.tn\/index.php?rest_route=%2Fwp%2Fv2%2Fmedia&parent=21443"}],"wp:term":[{"taxonomy":"product_cat","embeddable":true,"href":"https:\/\/para-pharmacity.tn\/index.php?rest_route=%2Fwp%2Fv2%2Fproduct_cat&post=21443"},{"taxonomy":"product_tag","embeddable":true,"href":"https:\/\/para-pharmacity.tn\/index.php?rest_route=%2Fwp%2Fv2%2Fproduct_tag&post=21443"}],"curies":[{"name":"wp","href":"https:\/\/api.w.org\/{rel}","templated":true}]}}