{"id":21442,"date":"2024-07-11T10:22:31","date_gmt":"2024-07-11T10:22:31","guid":{"rendered":"https:\/\/para-pharmacity.tn\/?product=xen-veinor-1000-bte-15-sachets"},"modified":"2025-05-02T14:42:41","modified_gmt":"2025-05-02T14:42:41","slug":"xen-veinor-1000-bte-15-sachets","status":"publish","type":"product","link":"https:\/\/para-pharmacity.tn\/?product=xen-veinor-1000-bte-15-sachets","title":{"rendered":"XEN VEINOR 1000 BTE 15 SACHETS"},"content":{"rendered":"<div class=\"elementor-container elementor-column-gap-default\">\n<div class=\"elementor-column elementor-col-100 elementor-inner-column elementor-element elementor-element-c788e99 cspt-bg-color-over-image\">\n<div class=\"elementor-widget-wrap elementor-element-populated\">\n<div class=\"elementor-element elementor-element-932b116 dc-has-condition dc-condition-empty elementor-widget elementor-widget-text-editor\">\n<div class=\"elementor-widget-container\">\n<p>Le compl\u00e9ment alimentaire VEINOR 1000 est une combinaison d\u2019ingr\u00e9dients qui procurent \u00e0 l\u2019organisme de puissants effets anti-inflammatoires et antispasmodiques dans le but de faciliter la circulation veineuse.<\/p>\n<p>Ce produit est une combinaison de 5 ingr\u00e9dients actifs issus de plantes connues pour leurs bienfaits sur la circulation et la sant\u00e9 veineuse.<\/p>\n<p>En combinant les 5 principes actifs de chaque plante, la circulation sanguine et la sant\u00e9 veineuse seront maintenues et leur d\u00e9veloppement sera optimal.<\/p>\n<p>En outre, ce compl\u00e9ment alimentaire contient des h\u00e9t\u00e9rosides, dont il a \u00e9t\u00e9 d\u00e9montr\u00e9 qu\u2019ils ont un effet anti-inflammatoire sur le corps. \u00c9galement de la vitamine C et de l\u2019arginine, qui peuvent contribuer \u00e0 am\u00e9liorer la circulation sanguine.<\/p>\n<\/div>\n<\/div>\n<\/div>\n<\/div>\n<\/div>\n<div class=\"elementor-container elementor-column-gap-default\">\n<div class=\"elementor-column elementor-col-100 elementor-inner-column elementor-element elementor-element-e91f25a cspt-bg-color-over-image\">\n<div class=\"elementor-widget-wrap elementor-element-populated\">\n<div class=\"elementor-element elementor-element-f9794c7 dc-has-condition dc-condition-empty elementor-widget elementor-widget-heading\">\n<div class=\"elementor-widget-container\"><\/div>\n<\/div>\n<div class=\"elementor-element elementor-element-bf7bbb5 dc-has-condition dc-condition-empty elementor-widget elementor-widget-text-editor\">\n<div class=\"elementor-widget-container\">\n<p>Pour utiliser VEINOR 1000, prendre 1 sachet au cours d\u2019un repas. Dissoudre compl\u00e8tement la poudre dans un verre d\u2019eau, tout en remuant.<\/p>\n<p>Si vous souffrez de diarrh\u00e9e, arr\u00eatez le traitement et pr\u00e9venez votre m\u00e9decin.<\/p>\n<p>Si votre \u00e9tat ne s\u2019am\u00e9liore pas apr\u00e8s 14 jours, pr\u00e9venez votre m\u00e9decin.<\/p>\n<p>Il est imp\u00e9ratif de respecter strictement la posologie, la dur\u00e9e du traitement et les contre-indications.<\/p>\n<p>En cas de surdosage, consultez imm\u00e9diatement votre m\u00e9decin.<\/p>\n<p>Conservez ce compl\u00e9ment alimentaire dans un endroit exempt d\u2019humidit\u00e9 et \u00e0 une temp\u00e9rature ne d\u00e9passant pas 25\u00b0C.<\/p>\n<\/div>\n<\/div>\n<\/div>\n<\/div>\n<\/div>\n","protected":false},"excerpt":{"rendered":"<p><strong>Xen Veinor 1000<\/strong>, en sachets, soutient la circulation sanguine et la sant\u00e9 veineuse avec des ingr\u00e9dients naturels aux effets anti-inflammatoires et antispasmodiques.<\/p>\n","protected":false},"featured_media":25735,"comment_status":"open","ping_status":"closed","template":"","meta":[],"product_cat":[286],"product_tag":[],"class_list":{"0":"post-21442","1":"product","2":"type-product","3":"status-publish","4":"has-post-thumbnail","6":"product_cat-complement-alimentaire","8":"first","9":"instock","10":"shipping-taxable","11":"purchasable","12":"product-type-simple"},"jetpack_sharing_enabled":true,"_links":{"self":[{"href":"https:\/\/para-pharmacity.tn\/index.php?rest_route=\/wp\/v2\/product\/21442","targetHints":{"allow":["GET"]}}],"collection":[{"href":"https:\/\/para-pharmacity.tn\/index.php?rest_route=\/wp\/v2\/product"}],"about":[{"href":"https:\/\/para-pharmacity.tn\/index.php?rest_route=\/wp\/v2\/types\/product"}],"replies":[{"embeddable":true,"href":"https:\/\/para-pharmacity.tn\/index.php?rest_route=%2Fwp%2Fv2%2Fcomments&post=21442"}],"version-history":[{"count":2,"href":"https:\/\/para-pharmacity.tn\/index.php?rest_route=\/wp\/v2\/product\/21442\/revisions"}],"predecessor-version":[{"id":25736,"href":"https:\/\/para-pharmacity.tn\/index.php?rest_route=\/wp\/v2\/product\/21442\/revisions\/25736"}],"wp:featuredmedia":[{"embeddable":true,"href":"https:\/\/para-pharmacity.tn\/index.php?rest_route=\/wp\/v2\/media\/25735"}],"wp:attachment":[{"href":"https:\/\/para-pharmacity.tn\/index.php?rest_route=%2Fwp%2Fv2%2Fmedia&parent=21442"}],"wp:term":[{"taxonomy":"product_cat","embeddable":true,"href":"https:\/\/para-pharmacity.tn\/index.php?rest_route=%2Fwp%2Fv2%2Fproduct_cat&post=21442"},{"taxonomy":"product_tag","embeddable":true,"href":"https:\/\/para-pharmacity.tn\/index.php?rest_route=%2Fwp%2Fv2%2Fproduct_tag&post=21442"}],"curies":[{"name":"wp","href":"https:\/\/api.w.org\/{rel}","templated":true}]}}