{"id":21441,"date":"2024-07-11T10:22:30","date_gmt":"2024-07-11T10:22:30","guid":{"rendered":"https:\/\/para-pharmacity.tn\/?product=xen-ultra-germina-bte-30-gellules"},"modified":"2025-05-02T14:56:22","modified_gmt":"2025-05-02T14:56:22","slug":"xen-ultra-germina-bte-30-gellules","status":"publish","type":"product","link":"https:\/\/para-pharmacity.tn\/?product=xen-ultra-germina-bte-30-gellules","title":{"rendered":"XEN ULTRA GERMINA BTE 30 GELLULES"},"content":{"rendered":"<p>Ultra Germina est un probiotique qui aide \u00e0 maintenir l\u2019\u00e9quilibre du microbiote intestinal.<\/p>\n<p>Gr\u00e2ce \u00e0 sa composition unique de quatre souches bact\u00e9riennes b\u00e9n\u00e9fiques, il favorise la digestion et pr\u00e9vient les troubles digestifs tels que la diarrh\u00e9e, la constipation et les ballonnements.<\/p>\n<p>Le compl\u00e9ment alimentaire, Ultra Germina est \u00e9galement efficace pour soulager les sympt\u00f4mes de l\u2019intestin irritable, des maladies inflammatoires chroniques de l\u2019intestin et de la st\u00e9atose h\u00e9patique.<\/p>\n<p><strong>Conseils d\u2019utilisation<\/strong><\/p>\n<p>Pour profiter pleinement des bienfaits Ultra Germina, il est recommand\u00e9 de prendre une g\u00e9lule par jour, de pr\u00e9f\u00e9rence le matin, 30 minutes avant le petit-d\u00e9jeuner.<br \/>\nIl est important de respecter la dose recommand\u00e9e et les recommandations de votre professionnel de sant\u00e9.<br \/>\nLes personnes immunod\u00e9prim\u00e9es, les personnes souffrant du syndrome de l\u2019intestin court et les insuffisants r\u00e9naux doivent consulter leur m\u00e9decin avant de prendre ce compl\u00e9ment alimentaire.<br \/>\nLes personnes hypersensibles \u00e0 l\u2019un des composants doit \u00e9viter d\u2019utiliser ce produit.<br \/>\nGarder le compl\u00e9ment alimentaire Ultra Germina hors de port\u00e9e des enfants, dans un endroit sec et frais, \u00e0 une temp\u00e9rature ne d\u00e9passant pas 25C.<\/p>\n","protected":false},"excerpt":{"rendered":"<p>Ce produit est utile pour am\u00e9liorer l\u2019\u00e9quilibre du microbiote gastro-intestinal, r\u00e9gulariser l\u2019acidit\u00e9 gastrique, soulager les troubles digestifs aigus et \u00e9quilibrer la flore intestinale perturb\u00e9e.<\/p>\n","protected":false},"featured_media":25743,"comment_status":"open","ping_status":"closed","template":"","meta":[],"product_cat":[286],"product_tag":[],"class_list":{"0":"post-21441","1":"product","2":"type-product","3":"status-publish","4":"has-post-thumbnail","6":"product_cat-complement-alimentaire","8":"first","9":"instock","10":"shipping-taxable","11":"purchasable","12":"product-type-simple"},"jetpack_sharing_enabled":true,"_links":{"self":[{"href":"https:\/\/para-pharmacity.tn\/index.php?rest_route=\/wp\/v2\/product\/21441","targetHints":{"allow":["GET"]}}],"collection":[{"href":"https:\/\/para-pharmacity.tn\/index.php?rest_route=\/wp\/v2\/product"}],"about":[{"href":"https:\/\/para-pharmacity.tn\/index.php?rest_route=\/wp\/v2\/types\/product"}],"replies":[{"embeddable":true,"href":"https:\/\/para-pharmacity.tn\/index.php?rest_route=%2Fwp%2Fv2%2Fcomments&post=21441"}],"version-history":[{"count":2,"href":"https:\/\/para-pharmacity.tn\/index.php?rest_route=\/wp\/v2\/product\/21441\/revisions"}],"predecessor-version":[{"id":25744,"href":"https:\/\/para-pharmacity.tn\/index.php?rest_route=\/wp\/v2\/product\/21441\/revisions\/25744"}],"wp:featuredmedia":[{"embeddable":true,"href":"https:\/\/para-pharmacity.tn\/index.php?rest_route=\/wp\/v2\/media\/25743"}],"wp:attachment":[{"href":"https:\/\/para-pharmacity.tn\/index.php?rest_route=%2Fwp%2Fv2%2Fmedia&parent=21441"}],"wp:term":[{"taxonomy":"product_cat","embeddable":true,"href":"https:\/\/para-pharmacity.tn\/index.php?rest_route=%2Fwp%2Fv2%2Fproduct_cat&post=21441"},{"taxonomy":"product_tag","embeddable":true,"href":"https:\/\/para-pharmacity.tn\/index.php?rest_route=%2Fwp%2Fv2%2Fproduct_tag&post=21441"}],"curies":[{"name":"wp","href":"https:\/\/api.w.org\/{rel}","templated":true}]}}