{"id":21440,"date":"2024-07-11T10:22:30","date_gmt":"2024-07-11T10:22:30","guid":{"rendered":"https:\/\/para-pharmacity.tn\/?product=xen-fertillo-q10"},"modified":"2025-05-05T15:35:09","modified_gmt":"2025-05-05T15:35:09","slug":"xen-fertillo-q10","status":"publish","type":"product","link":"https:\/\/para-pharmacity.tn\/?product=xen-fertillo-q10","title":{"rendered":"XEN FERTILLO Q10"},"content":{"rendered":"<h3 class=\"\" data-start=\"99\" data-end=\"120\"><strong data-start=\"103\" data-end=\"120\">Les bienfaits<\/strong><\/h3>\n<p class=\"\" data-start=\"122\" data-end=\"260\">FERTILO Q10 contribue \u00e0 am\u00e9liorer la fertilit\u00e9 et \u00e0 favoriser la production de sperme. Il contient plusieurs ingr\u00e9dients cl\u00e9s, notamment :<\/p>\n<ul data-start=\"262\" data-end=\"451\">\n<li class=\"\" data-start=\"262\" data-end=\"279\">\n<p class=\"\" data-start=\"264\" data-end=\"279\">La vitamine E<\/p>\n<\/li>\n<li class=\"\" data-start=\"280\" data-end=\"299\">\n<p class=\"\" data-start=\"282\" data-end=\"299\">L\u2019acide folique<\/p>\n<\/li>\n<li class=\"\" data-start=\"300\" data-end=\"319\">\n<p class=\"\" data-start=\"302\" data-end=\"319\">Le coenzyme Q10<\/p>\n<\/li>\n<li class=\"\" data-start=\"320\" data-end=\"359\">\n<p class=\"\" data-start=\"322\" data-end=\"359\">Les oligo-\u00e9l\u00e9ments zinc et s\u00e9l\u00e9nium<\/p>\n<\/li>\n<li class=\"\" data-start=\"360\" data-end=\"407\">\n<p class=\"\" data-start=\"362\" data-end=\"407\">Les acides amin\u00e9s L-arginine et L-carnitine<\/p>\n<\/li>\n<li class=\"\" data-start=\"408\" data-end=\"451\">\n<p class=\"\" data-start=\"410\" data-end=\"451\">Des antioxydants comme le b\u00eata-carot\u00e8ne<\/p>\n<\/li>\n<\/ul>\n<hr class=\"\" data-start=\"453\" data-end=\"456\" \/>\n<h3 class=\"\" data-start=\"458\" data-end=\"488\"><strong data-start=\"462\" data-end=\"488\">Conseils d\u2019utilisation<\/strong><\/h3>\n<p class=\"\" data-start=\"490\" data-end=\"586\">FERTILO Q10 ne doit pas remplacer une alimentation vari\u00e9e et \u00e9quilibr\u00e9e, ni un mode de vie sain.<\/p>\n<ul data-start=\"588\" data-end=\"954\">\n<li class=\"\" data-start=\"588\" data-end=\"640\">\n<p class=\"\" data-start=\"590\" data-end=\"640\">Ne pas d\u00e9passer la dose journali\u00e8re recommand\u00e9e.<\/p>\n<\/li>\n<li class=\"\" data-start=\"641\" data-end=\"678\">\n<p class=\"\" data-start=\"643\" data-end=\"678\">Tenir hors de port\u00e9e des enfants.<\/p>\n<\/li>\n<li class=\"\" data-start=\"679\" data-end=\"749\">\n<p class=\"\" data-start=\"681\" data-end=\"749\">D\u00e9conseill\u00e9 aux femmes enceintes ou allaitantes sans avis m\u00e9dical.<\/p>\n<\/li>\n<li class=\"\" data-start=\"750\" data-end=\"805\">\n<p class=\"\" data-start=\"752\" data-end=\"805\">Contre-indiqu\u00e9 chez les enfants de moins de 15 ans.<\/p>\n<\/li>\n<li class=\"\" data-start=\"806\" data-end=\"884\">\n<p class=\"\" data-start=\"808\" data-end=\"884\">Conserver \u00e0 temp\u00e9rature ambiante, \u00e0 l\u2019abri de la chaleur et de l\u2019humidit\u00e9.<\/p>\n<\/li>\n<li class=\"\" data-start=\"885\" data-end=\"954\">\n<p class=\"\" data-start=\"887\" data-end=\"954\">\u00c0 consommer de pr\u00e9f\u00e9rence avant la date indiqu\u00e9e sur l\u2019emballage.<\/p>\n<\/li>\n<\/ul>\n<p class=\"\" data-start=\"956\" data-end=\"1006\">Ce compl\u00e9ment alimentaire n\u2019est pas un m\u00e9dicament.tex<\/p>\n","protected":false},"excerpt":{"rendered":"<p>XEN Fertillo Q10 Bt,30 Sachets+60 G\u00e9lules<\/p>\n<p>FERTILLO Q10 agit pour favoriser la fertilit\u00e9 et la production de sperme<\/p>\n","protected":false},"featured_media":25842,"comment_status":"open","ping_status":"closed","template":"","meta":[],"product_cat":[20],"product_tag":[],"class_list":{"0":"post-21440","1":"product","2":"type-product","3":"status-publish","4":"has-post-thumbnail","6":"product_cat-accessories","8":"first","9":"instock","10":"shipping-taxable","11":"purchasable","12":"product-type-simple"},"jetpack_sharing_enabled":true,"_links":{"self":[{"href":"https:\/\/para-pharmacity.tn\/index.php?rest_route=\/wp\/v2\/product\/21440","targetHints":{"allow":["GET"]}}],"collection":[{"href":"https:\/\/para-pharmacity.tn\/index.php?rest_route=\/wp\/v2\/product"}],"about":[{"href":"https:\/\/para-pharmacity.tn\/index.php?rest_route=\/wp\/v2\/types\/product"}],"replies":[{"embeddable":true,"href":"https:\/\/para-pharmacity.tn\/index.php?rest_route=%2Fwp%2Fv2%2Fcomments&post=21440"}],"version-history":[{"count":2,"href":"https:\/\/para-pharmacity.tn\/index.php?rest_route=\/wp\/v2\/product\/21440\/revisions"}],"predecessor-version":[{"id":25843,"href":"https:\/\/para-pharmacity.tn\/index.php?rest_route=\/wp\/v2\/product\/21440\/revisions\/25843"}],"wp:featuredmedia":[{"embeddable":true,"href":"https:\/\/para-pharmacity.tn\/index.php?rest_route=\/wp\/v2\/media\/25842"}],"wp:attachment":[{"href":"https:\/\/para-pharmacity.tn\/index.php?rest_route=%2Fwp%2Fv2%2Fmedia&parent=21440"}],"wp:term":[{"taxonomy":"product_cat","embeddable":true,"href":"https:\/\/para-pharmacity.tn\/index.php?rest_route=%2Fwp%2Fv2%2Fproduct_cat&post=21440"},{"taxonomy":"product_tag","embeddable":true,"href":"https:\/\/para-pharmacity.tn\/index.php?rest_route=%2Fwp%2Fv2%2Fproduct_tag&post=21440"}],"curies":[{"name":"wp","href":"https:\/\/api.w.org\/{rel}","templated":true}]}}