{"id":21433,"date":"2024-07-11T10:22:27","date_gmt":"2024-07-11T10:22:27","guid":{"rendered":"https:\/\/para-pharmacity.tn\/?product=vital-omevie-omega-3-500-30-gel"},"modified":"2025-05-16T16:11:56","modified_gmt":"2025-05-16T16:11:56","slug":"vital-omevie-omega-3-500-30-gel","status":"publish","type":"product","link":"https:\/\/para-pharmacity.tn\/?product=vital-omevie-omega-3-500-30-gel","title":{"rendered":"VITAL OMEVIE OMEGA 3 &#8211; 500 30 GEL"},"content":{"rendered":"<p>ital Om\u00e9Vie Omega 3 &#8211; 500 est un compl\u00e9ment alimentaire de haute qualit\u00e9 sp\u00e9cialement con\u00e7u pour apporter \u00e0 votre organisme les bienfaits des acides gras essentiels Omega 3. Ces nutriments sont essentiels pour le bon fonctionnement de notre corps, notamment pour la sant\u00e9 cardiovasculaire, la sant\u00e9 du cerveau et des yeux, ainsi que pour r\u00e9duire l&rsquo;inflammation. Les capsules d&rsquo;Omega 3 de Vital Om\u00e9Vie sont extraites \u00e0 partir de poissons sauvages des mers froides, garantissant une puret\u00e9 et une concentration optimales en Omega 3. Ce produit vous aidera \u00e0 maintenir votre bien-\u00eatre g\u00e9n\u00e9ral et \u00e0 pr\u00e9venir les carences en acides gras essentiels. Faites confiance \u00e0 Vital Om\u00e9Vie pour une sant\u00e9 optimale au quotidien.<br \/>\n&#8211; Om\u00e9ga 3 (huile de poisson) : 500 mg<br \/>\n&#8211; Gelatin (enveloppe de la g\u00e9lule)<br \/>\n&#8211; Antioxydant (tocopherol)<br \/>\nPour b\u00e9n\u00e9ficier pleinement des propri\u00e9t\u00e9s des vitamines VITAL OMEVIE OMEGA 3 &#8211; 500, voici quelques conseils d&rsquo;utilisation:<\/p>\n<p>1. Prendre une capsule par jour, de pr\u00e9f\u00e9rence au moment des repas, avec un verre d&rsquo;eau.<\/p>\n<p>2. Ne pas d\u00e9passer la dose journali\u00e8re recommand\u00e9e.<\/p>\n<p>3. Conserver le produit dans un endroit sec et frais, \u00e0 l&rsquo;abri de la lumi\u00e8re.<\/p>\n<p>4. Consultez un professionnel de sant\u00e9 avant de commencer une suppl\u00e9mentation en om\u00e9ga 3, notamment si vous \u00eates enceinte, allaitante, suivez un traitement m\u00e9dical ou si vous avez des ant\u00e9c\u00e9dents de troubles de la coagulation.<\/p>\n<p>5. Les om\u00e9ga 3 peuvent contribuer \u00e0 la sant\u00e9 du c\u0153ur, du cerveau et des articulations. Associ\u00e9s \u00e0 une alimentation \u00e9quilibr\u00e9e et \u00e0 une pratique r\u00e9guli\u00e8re d&rsquo;activit\u00e9 physique, les om\u00e9ga 3 peuvent aider \u00e0 maintenir un bon \u00e9quilibre lipidique.<\/p>\n<p>6. En cas de doute sur l&rsquo;utilisation des vitamines VITAL OMEVIE OMEGA 3 &#8211; 500, n&rsquo;h\u00e9sitez pas \u00e0 consulter un professionnel de sant\u00e9.<\/p>\n","protected":false},"excerpt":{"rendered":"<p>VITAL OMEVIE OMEGA 3 &#8211; 500 est un compl\u00e9ment alimentaire riche en om\u00e9ga 3, essentiel pour le bon fonctionnement du c\u0153ur, du cerveau et des yeux.<\/p>\n","protected":false},"featured_media":26179,"comment_status":"open","ping_status":"closed","template":"","meta":[],"product_cat":[286],"product_tag":[],"class_list":{"0":"post-21433","1":"product","2":"type-product","3":"status-publish","4":"has-post-thumbnail","6":"product_cat-complement-alimentaire","8":"first","9":"instock","10":"shipping-taxable","11":"purchasable","12":"product-type-simple"},"jetpack_sharing_enabled":true,"_links":{"self":[{"href":"https:\/\/para-pharmacity.tn\/index.php?rest_route=\/wp\/v2\/product\/21433","targetHints":{"allow":["GET"]}}],"collection":[{"href":"https:\/\/para-pharmacity.tn\/index.php?rest_route=\/wp\/v2\/product"}],"about":[{"href":"https:\/\/para-pharmacity.tn\/index.php?rest_route=\/wp\/v2\/types\/product"}],"replies":[{"embeddable":true,"href":"https:\/\/para-pharmacity.tn\/index.php?rest_route=%2Fwp%2Fv2%2Fcomments&post=21433"}],"version-history":[{"count":2,"href":"https:\/\/para-pharmacity.tn\/index.php?rest_route=\/wp\/v2\/product\/21433\/revisions"}],"predecessor-version":[{"id":26180,"href":"https:\/\/para-pharmacity.tn\/index.php?rest_route=\/wp\/v2\/product\/21433\/revisions\/26180"}],"wp:featuredmedia":[{"embeddable":true,"href":"https:\/\/para-pharmacity.tn\/index.php?rest_route=\/wp\/v2\/media\/26179"}],"wp:attachment":[{"href":"https:\/\/para-pharmacity.tn\/index.php?rest_route=%2Fwp%2Fv2%2Fmedia&parent=21433"}],"wp:term":[{"taxonomy":"product_cat","embeddable":true,"href":"https:\/\/para-pharmacity.tn\/index.php?rest_route=%2Fwp%2Fv2%2Fproduct_cat&post=21433"},{"taxonomy":"product_tag","embeddable":true,"href":"https:\/\/para-pharmacity.tn\/index.php?rest_route=%2Fwp%2Fv2%2Fproduct_tag&post=21433"}],"curies":[{"name":"wp","href":"https:\/\/api.w.org\/{rel}","templated":true}]}}