{"id":21432,"date":"2024-07-11T10:22:27","date_gmt":"2024-07-11T10:22:27","guid":{"rendered":"https:\/\/para-pharmacity.tn\/?product=vital-dalibour-creme-a-l-aleo-vera"},"modified":"2025-05-23T09:53:39","modified_gmt":"2025-05-23T09:53:39","slug":"vital-dalibour-creme-a-l-aleo-vera","status":"publish","type":"product","link":"https:\/\/para-pharmacity.tn\/?product=vital-dalibour-creme-a-l-aleo-vera","title":{"rendered":"VITAL DALIBOUR CREME A L ALEO VERA"},"content":{"rendered":"<p>La cr\u00e8me Vital Dalibour est un produit de parapharmacie de haute qualit\u00e9 destin\u00e9 \u00e0 apaiser les irritations cutan\u00e9es telles que les rougeurs, les d\u00e9mangeaisons et les br\u00fblures l\u00e9g\u00e8res. Sa formule \u00e0 base de concentr\u00e9 de plantes comme la camomille, le souci et l&rsquo;hamam\u00e9lis permet de calmer la peau instantan\u00e9ment et de la r\u00e9parer en profondeur. Cette cr\u00e8me convient \u00e0 tous les types de peau, m\u00eame les plus sensibles, et peut \u00eatre utilis\u00e9e sur le visage et le corps. En format pratique de 40g, elle se glisse facilement dans votre trousse de toilette pour vous accompagner partout. Offrez \u00e0 votre peau le soin qu&rsquo;elle m\u00e9rite avec la cr\u00e8me Vital Dalibour.<br \/>\n&#8211; Vitamine C<br \/>\n&#8211; Acide hyaluronique<br \/>\n&#8211; Eau thermale<br \/>\n&#8211; Extrait de camomille<br \/>\n&#8211; Huile de jojoba<br \/>\n&#8211; Glyc\u00e9rine<br \/>\n&#8211; Beurre de karit\u00e9<br \/>\n&#8211; Collag\u00e8ne marin<br \/>\n&#8211; Huile d&rsquo;amande douce<br \/>\n&#8211; Vitamine E<br \/>\nConseils d&rsquo;utilisation de la cr\u00e8me Dalibour Vital 40g :<\/p>\n<p>1. Nettoyez et s\u00e9chez soigneusement la zone \u00e0 traiter avant d&rsquo;appliquer la cr\u00e8me.<br \/>\n2. Appliquez une fine couche de cr\u00e8me sur la peau et massez d\u00e9licatement jusqu&rsquo;\u00e0 compl\u00e8te absorption.<br \/>\n3. Utilisez la cr\u00e8me deux \u00e0 trois fois par jour, ou selon les recommandations de votre pharmacien.<br \/>\n4. \u00c9vitez le contact avec les yeux et les muqueuses. En cas de contact, rincer abondamment \u00e0 l&rsquo;eau claire.<br \/>\n5. Ne pas utiliser sur une plaie ou une peau irrit\u00e9e.<br \/>\n6. Arr\u00eatez l&rsquo;utilisation en cas d&rsquo;irritation ou de r\u00e9action allergique et consultez un professionnel de sant\u00e9.<br \/>\n7. Conserver le produit dans un endroit frais et sec, \u00e0 l&rsquo;abri de la lumi\u00e8re directe du soleil.<br \/>\n8. Tenir hors de port\u00e9e des enfants.<\/p>\n<p>Pour de plus amples informations, n&rsquo;h\u00e9sitez pas \u00e0 consulter votre pharmacien.<\/p>\n","protected":false},"excerpt":{"rendered":"<p>Protecteur cutan\u00e9, d\u00e9sinfectant, cicatrisant Soin des dermites irritatives susceptibles ou non de surinfecter Emollient et protecteur des peaux atopiques ou intol\u00e9rantes, Acc\u00e9l\u00e9rer la cicatrisation et faciliter la r\u00e9paration de l\u2019\u00e9piderme.<\/p>\n","protected":false},"featured_media":26315,"comment_status":"open","ping_status":"closed","template":"","meta":[],"product_cat":[213],"product_tag":[],"class_list":{"0":"post-21432","1":"product","2":"type-product","3":"status-publish","4":"has-post-thumbnail","6":"product_cat-visage","8":"first","9":"instock","10":"shipping-taxable","11":"purchasable","12":"product-type-simple"},"jetpack_sharing_enabled":true,"_links":{"self":[{"href":"https:\/\/para-pharmacity.tn\/index.php?rest_route=\/wp\/v2\/product\/21432","targetHints":{"allow":["GET"]}}],"collection":[{"href":"https:\/\/para-pharmacity.tn\/index.php?rest_route=\/wp\/v2\/product"}],"about":[{"href":"https:\/\/para-pharmacity.tn\/index.php?rest_route=\/wp\/v2\/types\/product"}],"replies":[{"embeddable":true,"href":"https:\/\/para-pharmacity.tn\/index.php?rest_route=%2Fwp%2Fv2%2Fcomments&post=21432"}],"version-history":[{"count":2,"href":"https:\/\/para-pharmacity.tn\/index.php?rest_route=\/wp\/v2\/product\/21432\/revisions"}],"predecessor-version":[{"id":26314,"href":"https:\/\/para-pharmacity.tn\/index.php?rest_route=\/wp\/v2\/product\/21432\/revisions\/26314"}],"wp:featuredmedia":[{"embeddable":true,"href":"https:\/\/para-pharmacity.tn\/index.php?rest_route=\/wp\/v2\/media\/26315"}],"wp:attachment":[{"href":"https:\/\/para-pharmacity.tn\/index.php?rest_route=%2Fwp%2Fv2%2Fmedia&parent=21432"}],"wp:term":[{"taxonomy":"product_cat","embeddable":true,"href":"https:\/\/para-pharmacity.tn\/index.php?rest_route=%2Fwp%2Fv2%2Fproduct_cat&post=21432"},{"taxonomy":"product_tag","embeddable":true,"href":"https:\/\/para-pharmacity.tn\/index.php?rest_route=%2Fwp%2Fv2%2Fproduct_tag&post=21432"}],"curies":[{"name":"wp","href":"https:\/\/api.w.org\/{rel}","templated":true}]}}