{"id":21428,"date":"2024-07-11T10:22:26","date_gmt":"2024-07-11T10:22:26","guid":{"rendered":"https:\/\/para-pharmacity.tn\/?product=up-care-ecran-spf50-02-teinte-30ml"},"modified":"2025-06-04T10:37:10","modified_gmt":"2025-06-04T10:37:10","slug":"up-care-ecran-spf50-02-teinte-30ml","status":"publish","type":"product","link":"https:\/\/para-pharmacity.tn\/?product=up-care-ecran-spf50-02-teinte-30ml","title":{"rendered":"UP CARE ECRAN SPF50+ 02 TEINTE 30ML"},"content":{"rendered":"<p>Vous cherchez un\u00a0ECRAN SOLAIRE\u00a0TEINTE de haute protection ?<\/p>\n<p>Trouvez l\u2019ECRAN TEINTE SAND N02 SPF50+\u00a0de la marque\u00a0UP CARE\u00a0sur notre site vente en ligne\u00a0sangour.tn\u00a0\u00e0 petit prix en Tunisie.<\/p>\n<p>Profitez d\u2019une tr\u00e8s haute protection contre les rayons UVA et UVB, assurant ainsi une d\u00e9fense optimale contre les effets du soleil. Ce produit est r\u00e9sistant \u00e0 l\u2019eau, vous offrant une protection longue dur\u00e9e, m\u00eame pendant les activit\u00e9s aquatiques.<\/p>\n<p>Enrichi en Vitamines E et B5, cet\u00a0ECRAN SOLAIRE\u00a0nourrit votre peau en profondeur, tout en lui procurant une couvrance optimale pour un teint uniforme et \u00e9clatant.<\/p>\n<p>Sa texture matifiante, gage d\u2019une peau impeccable, vous permettra de profiter d\u2019un fini impeccable sans brillance excessive.<\/p>\n<p>Faites confiance \u00e0 cet\u00a0ECRAN\u00a0de\u00a0UP CARE\u00a0pour prot\u00e9ger et sublimer votre peau au quotidien, tout en b\u00e9n\u00e9ficiant d\u2019un excellent rapport qualit\u00e9-prix .<\/p>\n<p>Commandez d\u00e9s maintenant et profitez d\u2019une livraison rapide sur toute la Tunisie<\/p>\n","protected":false},"excerpt":{"rendered":"<p>Ecran solaire Teint\u00e9.<br \/>\nSPf 50+<br \/>\nTr\u00e8s haute protection contre les rayons UVA et UVB.<br \/>\nProt\u00e8ge efficacement des m\u00e9faits du soleil tout au long de la journ\u00e9e.<br \/>\nR\u00e9sistant \u00e0 l\u2019eau.<br \/>\nTexture matifiante apporte un fini soyeux.<br \/>\nEnrichi en vitamines E et B5.<br \/>\nNourrit votre peau en profondeur.<br \/>\nune couvrance optimale pour un teint uniforme et \u00e9clatant.<\/p>\n","protected":false},"featured_media":26540,"comment_status":"open","ping_status":"closed","template":"","meta":[],"product_cat":[213],"product_tag":[],"class_list":{"0":"post-21428","1":"product","2":"type-product","3":"status-publish","4":"has-post-thumbnail","6":"product_cat-visage","8":"first","9":"instock","10":"shipping-taxable","11":"purchasable","12":"product-type-simple"},"jetpack_sharing_enabled":true,"_links":{"self":[{"href":"https:\/\/para-pharmacity.tn\/index.php?rest_route=\/wp\/v2\/product\/21428","targetHints":{"allow":["GET"]}}],"collection":[{"href":"https:\/\/para-pharmacity.tn\/index.php?rest_route=\/wp\/v2\/product"}],"about":[{"href":"https:\/\/para-pharmacity.tn\/index.php?rest_route=\/wp\/v2\/types\/product"}],"replies":[{"embeddable":true,"href":"https:\/\/para-pharmacity.tn\/index.php?rest_route=%2Fwp%2Fv2%2Fcomments&post=21428"}],"version-history":[{"count":2,"href":"https:\/\/para-pharmacity.tn\/index.php?rest_route=\/wp\/v2\/product\/21428\/revisions"}],"predecessor-version":[{"id":26543,"href":"https:\/\/para-pharmacity.tn\/index.php?rest_route=\/wp\/v2\/product\/21428\/revisions\/26543"}],"wp:featuredmedia":[{"embeddable":true,"href":"https:\/\/para-pharmacity.tn\/index.php?rest_route=\/wp\/v2\/media\/26540"}],"wp:attachment":[{"href":"https:\/\/para-pharmacity.tn\/index.php?rest_route=%2Fwp%2Fv2%2Fmedia&parent=21428"}],"wp:term":[{"taxonomy":"product_cat","embeddable":true,"href":"https:\/\/para-pharmacity.tn\/index.php?rest_route=%2Fwp%2Fv2%2Fproduct_cat&post=21428"},{"taxonomy":"product_tag","embeddable":true,"href":"https:\/\/para-pharmacity.tn\/index.php?rest_route=%2Fwp%2Fv2%2Fproduct_tag&post=21428"}],"curies":[{"name":"wp","href":"https:\/\/api.w.org\/{rel}","templated":true}]}}