{"id":21427,"date":"2024-07-11T10:22:25","date_gmt":"2024-07-11T10:22:25","guid":{"rendered":"https:\/\/para-pharmacity.tn\/?product=up-care-ecran-spf50-01teinte-30ml"},"modified":"2025-06-04T10:57:40","modified_gmt":"2025-06-04T10:57:40","slug":"up-care-ecran-spf50-01teinte-30ml","status":"publish","type":"product","link":"https:\/\/para-pharmacity.tn\/?product=up-care-ecran-spf50-01teinte-30ml","title":{"rendered":"UP CARE ECRAN SPF50+ 01TEINTE 30ML"},"content":{"rendered":"<p>D\u00e9couvrez l\u2019<a href=\"https:\/\/sangour.tn\/product\/up-ecran-teinte-ivory-n01-spf50\/\">ECRAN TEINTE IVORY N01 SPF50+<\/a>\u00a0de la marque\u00a0<a href=\"https:\/\/sangour.tn\/marque\/up-care\/\">UP CARE<\/a>\u00a0 sur notre site vente en ligne\u00a0<a href=\"https:\/\/sangour.tn\/\">sangour.tn<\/a>\u00a0\u00e0 petit prix en Tunisie , votre alli\u00e9 ultime pour une protection solaire optimale !<\/p>\n<p>B\u00e9n\u00e9ficiez d\u2019une tr\u00e8s haute protection contre les rayons UVA et UVB, vous prot\u00e9geant efficacement des m\u00e9faits du soleil tout au long de la journ\u00e9e. Cet\u00a0ECRAN SOLAIRE\u00a0r\u00e9sistant \u00e0 l\u2019eau vous garantit une protection m\u00eame lors des activit\u00e9s aquatiques.<\/p>\n<p>De plus, sa texture matifiante apporte un fini soyeux, permettant de contr\u00f4ler l\u2019exc\u00e8s de brillance et offrant un aspect naturel \u00e0 votre peau.<\/p>\n<p>Enrichi en vitamines E et B5, cet\u00a0ECRAN\u00a0prend soin de votre peau en lui apportant des bienfaits nourrissants et hydratants. Sa formule innovante offre une couvrance optimale, unifiant le teint pour une peau rayonnante et \u00e9clatante.<\/p>\n<p>Ne cherchez plus, l\u2019ECRAN TEINTE UP CARE\u00a0est le choix id\u00e9al pour une protection solaire de qualit\u00e9 sup\u00e9rieure et un teint impeccable .<\/p>\n<p>Commandez d\u00e9s maintenant et profitez d\u2019une livraison rapide sur toute la Tunisie .<\/p>\n","protected":false},"excerpt":{"rendered":"<ul>\n<li>Ecran solaire Teint\u00e9.<\/li>\n<li>SPf 50+<\/li>\n<li>Tr\u00e8s haute protection contre les rayons UVA et UVB.<\/li>\n<li>Prot\u00e8ge efficacement des m\u00e9faits du soleil tout au long de la journ\u00e9e.<\/li>\n<li>R\u00e9sistant \u00e0 l\u2019eau.<\/li>\n<li>Texture matifiante apporte un fini soyeux.<\/li>\n<li>Enrichi en vitamines E et B5.<\/li>\n<li>Nourrit votre peau en profondeur.<\/li>\n<li>une couvrance optimale pour un teint uniforme et \u00e9clatant.<\/li>\n<\/ul>\n","protected":false},"featured_media":26545,"comment_status":"open","ping_status":"closed","template":"","meta":[],"product_cat":[213],"product_tag":[],"class_list":{"0":"post-21427","1":"product","2":"type-product","3":"status-publish","4":"has-post-thumbnail","6":"product_cat-visage","8":"first","9":"instock","10":"shipping-taxable","11":"purchasable","12":"product-type-simple"},"jetpack_sharing_enabled":true,"_links":{"self":[{"href":"https:\/\/para-pharmacity.tn\/index.php?rest_route=\/wp\/v2\/product\/21427","targetHints":{"allow":["GET"]}}],"collection":[{"href":"https:\/\/para-pharmacity.tn\/index.php?rest_route=\/wp\/v2\/product"}],"about":[{"href":"https:\/\/para-pharmacity.tn\/index.php?rest_route=\/wp\/v2\/types\/product"}],"replies":[{"embeddable":true,"href":"https:\/\/para-pharmacity.tn\/index.php?rest_route=%2Fwp%2Fv2%2Fcomments&post=21427"}],"version-history":[{"count":2,"href":"https:\/\/para-pharmacity.tn\/index.php?rest_route=\/wp\/v2\/product\/21427\/revisions"}],"predecessor-version":[{"id":26548,"href":"https:\/\/para-pharmacity.tn\/index.php?rest_route=\/wp\/v2\/product\/21427\/revisions\/26548"}],"wp:featuredmedia":[{"embeddable":true,"href":"https:\/\/para-pharmacity.tn\/index.php?rest_route=\/wp\/v2\/media\/26545"}],"wp:attachment":[{"href":"https:\/\/para-pharmacity.tn\/index.php?rest_route=%2Fwp%2Fv2%2Fmedia&parent=21427"}],"wp:term":[{"taxonomy":"product_cat","embeddable":true,"href":"https:\/\/para-pharmacity.tn\/index.php?rest_route=%2Fwp%2Fv2%2Fproduct_cat&post=21427"},{"taxonomy":"product_tag","embeddable":true,"href":"https:\/\/para-pharmacity.tn\/index.php?rest_route=%2Fwp%2Fv2%2Fproduct_tag&post=21427"}],"curies":[{"name":"wp","href":"https:\/\/api.w.org\/{rel}","templated":true}]}}