{"id":21423,"date":"2024-07-11T10:22:24","date_gmt":"2024-07-11T10:22:24","guid":{"rendered":"https:\/\/para-pharmacity.tn\/?product=therapia-urostrong-60-gel"},"modified":"2025-06-12T17:05:32","modified_gmt":"2025-06-12T17:05:32","slug":"therapia-urostrong-60-gel","status":"publish","type":"product","link":"https:\/\/para-pharmacity.tn\/?product=therapia-urostrong-60-gel","title":{"rendered":"THERAPIA UROSTRONG 60 GEL"},"content":{"rendered":"<p><strong>UroStrong\u00a0de Th\u00e9rapia<\/strong>\u00a0est un compl\u00e9ment alimentaire \u00e0 base d\u2019actifs naturels reconnus pour leurs actions positives. L\u2019ensemble de ces composants agissant en synergie pour pr\u00e9server le capital masculin.<\/p>\n<h3>INDICATIONS<\/h3>\n<ul>\n<li>Contribue au fonctionnement normal de la prostate<\/li>\n<li>Diminue les fr\u00e9quences de miction et pr\u00e9vient les cystiles<\/li>\n<li>Maintient un taux normal de testost\u00e9rone<\/li>\n<\/ul>\n<h3>COMPOSITION<\/h3>\n<p>Palmier nain, prunier d\u2019Afrique, Ortie, Canneberge, Gluconate de zinc, Vitamine E.<\/p>\n<h3>CONSEILS D\u2019UTILISATION<\/h3>\n<p>Prendre 2\u00a0g\u00e9lules le matin pendant le petit d\u00e9jeuner\u00a0avec un grand verre d\u2019eau. Une cure de 3 mois est conseill\u00e9e \u00e0 renouveler si besoin.<\/p>\n<h3>CONDITIONNEMENT<\/h3>\n<p>Boite de 60 g\u00e9lules dos\u00e9es \u00e0 400mg.<\/p>\n<h3>PRECAUTIONS D\u2019EMPLOI<\/h3>\n<p>\u2013 Tenir hors de port\u00e9e des enfants<\/p>\n<p>\u2013 Ne pas d\u00e9passer la dose recommand\u00e9e<\/p>\n<p>\u2013 A prendre ce compl\u00e9ment alimentaire dans le cadre d\u2019une alimentation \u00e9quilibr\u00e9e et d\u2019un mode de vie sain<\/p>\n<p>\u2013 Il est conseill\u00e9 de prendre l\u2019avis de son m\u00e9decin traitant avant la prise de ce compl\u00e9ment<\/p>\n","protected":false},"excerpt":{"rendered":"<div class=\"woocommerce-product-details__short-description\">\n<p>Contribue au fonctionnement normal de la prostate.<br \/>\nDiminue les fr\u00e9quences de miction et pr\u00e9vient les cystites.<br \/>\nMaintient un taux normal de testost\u00e9rone.<\/p>\n<\/div>\n","protected":false},"featured_media":26740,"comment_status":"open","ping_status":"closed","template":"","meta":[],"product_cat":[204,217],"product_tag":[],"class_list":{"0":"post-21423","1":"product","2":"type-product","3":"status-publish","4":"has-post-thumbnail","6":"product_cat-complement","7":"product_cat-vitamines","9":"first","10":"instock","11":"shipping-taxable","12":"purchasable","13":"product-type-simple"},"jetpack_sharing_enabled":true,"_links":{"self":[{"href":"https:\/\/para-pharmacity.tn\/index.php?rest_route=\/wp\/v2\/product\/21423","targetHints":{"allow":["GET"]}}],"collection":[{"href":"https:\/\/para-pharmacity.tn\/index.php?rest_route=\/wp\/v2\/product"}],"about":[{"href":"https:\/\/para-pharmacity.tn\/index.php?rest_route=\/wp\/v2\/types\/product"}],"replies":[{"embeddable":true,"href":"https:\/\/para-pharmacity.tn\/index.php?rest_route=%2Fwp%2Fv2%2Fcomments&post=21423"}],"version-history":[{"count":2,"href":"https:\/\/para-pharmacity.tn\/index.php?rest_route=\/wp\/v2\/product\/21423\/revisions"}],"predecessor-version":[{"id":26741,"href":"https:\/\/para-pharmacity.tn\/index.php?rest_route=\/wp\/v2\/product\/21423\/revisions\/26741"}],"wp:featuredmedia":[{"embeddable":true,"href":"https:\/\/para-pharmacity.tn\/index.php?rest_route=\/wp\/v2\/media\/26740"}],"wp:attachment":[{"href":"https:\/\/para-pharmacity.tn\/index.php?rest_route=%2Fwp%2Fv2%2Fmedia&parent=21423"}],"wp:term":[{"taxonomy":"product_cat","embeddable":true,"href":"https:\/\/para-pharmacity.tn\/index.php?rest_route=%2Fwp%2Fv2%2Fproduct_cat&post=21423"},{"taxonomy":"product_tag","embeddable":true,"href":"https:\/\/para-pharmacity.tn\/index.php?rest_route=%2Fwp%2Fv2%2Fproduct_tag&post=21423"}],"curies":[{"name":"wp","href":"https:\/\/api.w.org\/{rel}","templated":true}]}}